{"id":976,"date":"2023-11-10T20:59:29","date_gmt":"2023-11-10T19:59:29","guid":{"rendered":"https:\/\/nantes-maxillo.com\/preprod\/?page_id=976"},"modified":"2024-05-07T16:54:23","modified_gmt":"2024-05-07T14:54:23","slug":"techniques-dempreintes-kontact-biotech","status":"publish","type":"page","link":"https:\/\/nantes-maxillo.com\/preprod\/techniques-dempreintes-kontact-biotech\/","title":{"rendered":"Techniques d\u2019empreintes (Kontact Biotech)"},"content":{"rendered":"\t\t<div data-elementor-type=\"wp-page\" data-elementor-id=\"976\" class=\"elementor elementor-976\">\n\t\t\t\t\t\t<section class=\"elementor-section elementor-top-section elementor-element elementor-element-2ba90bc elementor-section-stretched elementor-section-boxed elementor-section-height-default elementor-section-height-default\" data-id=\"2ba90bc\" data-element_type=\"section\" data-settings=\"{&quot;stretch_section&quot;:&quot;section-stretched&quot;}\">\n\t\t\t\t\t\t<div class=\"elementor-container elementor-column-gap-default\">\n\t\t\t\t\t<div class=\"elementor-column elementor-col-100 elementor-top-column elementor-element elementor-element-58cf0ed\" data-id=\"58cf0ed\" data-element_type=\"column\">\n\t\t\t<div class=\"elementor-widget-wrap elementor-element-populated\">\n\t\t\t\t\t\t<div class=\"elementor-element elementor-element-74b7600 elementor-widget elementor-widget-text-editor\" data-id=\"74b7600\" data-element_type=\"widget\" data-widget_type=\"text-editor.default\">\n\t\t\t\t<div class=\"elementor-widget-container\">\n\t\t\t<style>\/*! elementor - v3.21.0 - 30-04-2024 *\/\n.elementor-widget-text-editor.elementor-drop-cap-view-stacked .elementor-drop-cap{background-color:#69727d;color:#fff}.elementor-widget-text-editor.elementor-drop-cap-view-framed .elementor-drop-cap{color:#69727d;border:3px solid;background-color:transparent}.elementor-widget-text-editor:not(.elementor-drop-cap-view-default) .elementor-drop-cap{margin-top:8px}.elementor-widget-text-editor:not(.elementor-drop-cap-view-default) .elementor-drop-cap-letter{width:1em;height:1em}.elementor-widget-text-editor .elementor-drop-cap{float:left;text-align:center;line-height:1;font-size:50px}.elementor-widget-text-editor .elementor-drop-cap-letter{display:inline-block}<\/style>\t\t\t\t<p>Comme pour la plupart des implants dentaires, il existe plusieurs techniques d\u2019empreintes.<\/p><p>La technique\u00a0<strong>Pop-Up<\/strong>\u00a0(\u00e0 ciel ferm\u00e9), ou la technique\u00a0<strong>Pick-Up<\/strong>\u00a0(\u00e0 ciel ouvert). Un interm\u00e9diaire simplifi\u00e9 peut convenir pour des empreintes unitaires, il s\u2019agit du\u00a0<strong>Klip-Up<\/strong>\u00a0(\u00e0 ciel ferm\u00e9). Cliquez sur l\u2019un des protocoles ci-dessous:<\/p><p><a href=\"https:\/\/nantes-maxillo.com\/wp-content\/uploads\/2016\/06\/kontact_pick-up.pdf\" target=\"_blank\" rel=\"attachment noopener wp-att-3305\"><img decoding=\"async\" class=\"wp-image-3305 alignnone\" src=\"https:\/\/nantes-maxillo.com\/wp-content\/uploads\/2016\/06\/K-Pick-Up.jpg\" sizes=\"(max-width: 173px) 100vw, 173px\" srcset=\"https:\/\/nantes-maxillo.com\/wp-content\/uploads\/2016\/06\/K-Pick-Up.jpg 630w, https:\/\/nantes-maxillo.com\/wp-content\/uploads\/2016\/06\/K-Pick-Up-218x300.jpg 218w\" alt=\"K-Pick-Up\" width=\"173\" height=\"238\" \/><\/a>\u00a0\u00a0\u00a0\u00a0<a href=\"https:\/\/nantes-maxillo.com\/wp-content\/uploads\/2016\/06\/kontact-pop-up.pdf\" target=\"_blank\" rel=\"attachment noopener wp-att-3307\"><img decoding=\"async\" class=\"wp-image-3307 alignnone\" src=\"https:\/\/nantes-maxillo.com\/wp-content\/uploads\/2016\/06\/K-Pop-Up.jpg\" sizes=\"(max-width: 173px) 100vw, 173px\" srcset=\"https:\/\/nantes-maxillo.com\/wp-content\/uploads\/2016\/06\/K-Pop-Up.jpg 630w, https:\/\/nantes-maxillo.com\/wp-content\/uploads\/2016\/06\/K-Pop-Up-218x300.jpg 218w\" alt=\"K-Pop-Up\" width=\"173\" height=\"238\" \/><\/a>\u00a0 \u00a0\u00a0<a href=\"https:\/\/nantes-maxillo.com\/wp-content\/uploads\/2016\/06\/kontact_klip-up.pdf\" target=\"_blank\" rel=\"attachment noopener wp-att-3306\"><img decoding=\"async\" class=\"alignnone wp-image-3306\" src=\"https:\/\/nantes-maxillo.com\/wp-content\/uploads\/2016\/06\/K-Klip-Up.jpg\" sizes=\"(max-width: 173px) 100vw, 173px\" srcset=\"https:\/\/nantes-maxillo.com\/wp-content\/uploads\/2016\/06\/K-Klip-Up.jpg 630w, https:\/\/nantes-maxillo.com\/wp-content\/uploads\/2016\/06\/K-Klip-Up-218x300.jpg 218w\" alt=\"K-Klip-Up\" width=\"173\" height=\"238\" \/><\/a><\/p><p><a href=\"http:\/\/maxillo.nantes-atlantique.fr\/wp-content\/uploads\/2013\/01\/popup.jpg\"><img loading=\"lazy\" decoding=\"async\" class=\"wp-image-1352 aligncenter\" src=\"https:\/\/maxillo.nantes-atlantique.fr\/wp-content\/uploads\/2013\/01\/popup.jpg\" alt=\"popup\" width=\"163\" height=\"239\" \/><\/a><\/p><h2>Technique Pop-up:<\/h2><p>C\u2019est une technique simple et rapide qui peut \u00eatre r\u00e9alis\u00e9e avec un porte empreinte du commerce. Elle rendra notamment service lorsqu\u2019il y a un probl\u00e8me de hauteur.<\/p><h3>Mat\u00e9riel n\u00e9cessaire:<\/h3><p><a href=\"http:\/\/maxillo.nantes-atlantique.fr\/wp-content\/gallery\/techn_empr_kontact\/kempreintes.jpg\"><img loading=\"lazy\" decoding=\"async\" class=\"aligncenter\" src=\"https:\/\/maxillo.nantes-atlantique.fr\/wp-content\/gallery\/techn_empr_kontact\/thumbs\/thumbs_kempreintes.jpg\" alt=\"kempreintes\" width=\"200\" height=\"75\" \/><\/a>\u2013 Transfert Pop-Up<br \/>\u2013 Vis pour transfert Pop-up<br \/>\u2013 Plastic Cap<br \/>\u2013 Analogue d\u2019implant (facultatif)<\/p><h3>Diff\u00e9rentes \u00e9tapes:<\/h3><p>\u2013 positionner le transfert et la vis,<br \/>\u2013 silicone light autour du transfert ET au niveau du collet des dents,<br \/>\u2013 silicone lourd dans l\u2019empreinte et light pour faire la jonction (pr\u00e9f\u00e9rer un light de couleur clair),<br \/>\u2013 il est pr\u00e9f\u00e9rable que le praticien remettre le Transfert+Analogue dans l\u2019empreinte plutot que le proth\u00e9siste, \u00e0 condition de ne plus y retoucher au laboratoire de proth\u00e8se,<br \/>\u2013 faire une fausse gencive,<br \/>\u2013 couler le mod\u00e8le en pl\u00e2tre.<\/p><p><a href=\"http:\/\/maxillo.nantes-atlantique.fr\/wp-content\/uploads\/2013\/01\/pickup.jpg\"><img loading=\"lazy\" decoding=\"async\" class=\"wp-image-1351 aligncenter\" src=\"https:\/\/maxillo.nantes-atlantique.fr\/wp-content\/uploads\/2013\/01\/pickup.jpg\" alt=\"pickup\" width=\"166\" height=\"199\" \/><\/a><\/p><h2>Technique Pick-up:<\/h2><h3>Mat\u00e9riel n\u00e9cessaire:<\/h3><p><a class=\"shutterset_\" href=\"http:\/\/maxillo.nantes-atlantique.fr\/wp-content\/gallery\/techn_empr_kontact\/kempreintes.jpg\"><img loading=\"lazy\" decoding=\"async\" class=\"ngg-singlepic ngg-none aligncenter\" src=\"https:\/\/maxillo.nantes-atlantique.fr\/wp-content\/gallery\/techn_empr_kontact\/thumbs\/thumbs_kempreintes.jpg\" alt=\"kempreintes\" width=\"200\" height=\"75\" \/><\/a>\u2013 Transfert Pick-Up,<br \/>\u2013 Vis de transfert Pick-Up,<br \/>\u2013 Porte empreinte avec des trous larges, ou \u00e0 ciel ouvert,<\/p><h3>Diff\u00e9rentes \u00e9tapes:<\/h3><p>\u2013 Positionner Le Transfert Pick-Up,<br \/>\u2013 Visser le Transfert,<br \/>\u2013 Prot\u00e9ger la t\u00eate de vis,<br \/>\u2013 V\u00e9rifier les axes avec le porte empreinte vide,<br \/>\u2013 silicone light autour du transfert ET au niveau du collet des dents,<br \/>\u2013 silicone lourd dans l\u2019empreinte et light pour faire la jonction,<br \/>\u2013 D\u00e9visser la vis dans le Transfert,<br \/>\u2013 retirer l\u2019empreinte.<\/p><h2>Duplicata d\u2019implant<\/h2><p><a href=\"http:\/\/maxillo.nantes-atlantique.fr\/wp-content\/uploads\/2013\/01\/transfert.jpg\"><img loading=\"lazy\" decoding=\"async\" class=\"aligncenter size-full wp-image-1353\" src=\"https:\/\/maxillo.nantes-atlantique.fr\/wp-content\/uploads\/2013\/01\/transfert.jpg\" alt=\"transfert\" width=\"216\" height=\"186\" \/><\/a><\/p><p>T\u00e9l\u00e9charger le catalogue de proth\u00e8ses :<\/p><p><a href=\"http:\/\/maxillo.nantes-atlantique.fr\/wp-content\/uploads\/2013\/01\/KONTACT-CATALOGUE-PROTHESE.pdf\" rel=\"attachment wp-att-490\"><img loading=\"lazy\" decoding=\"async\" class=\"wp-image-490 aligncenter\" title=\"Catalogue de proth\u00e8ses\" src=\"https:\/\/maxillo.nantes-atlantique.fr\/wp-content\/uploads\/2013\/01\/pdf_file.png\" alt=\"pdf_file\" width=\"47\" height=\"47\" \/><\/a><\/p><p>Pour plus d\u2019informations,\u00a0<a title=\"Implants Biotech France\" href=\"http:\/\/www.implants.fr\/\" target=\"_blank\" rel=\"noopener\">www.implants.fr<\/a>.<\/p>\t\t\t\t\t\t<\/div>\n\t\t\t\t<\/div>\n\t\t\t\t<div class=\"elementor-element elementor-element-160b127 elementor-arrows-position-inside elementor-pagination-position-outside elementor-widget elementor-widget-image-carousel\" data-id=\"160b127\" data-element_type=\"widget\" data-settings=\"{&quot;slides_to_show&quot;:&quot;4&quot;,&quot;navigation&quot;:&quot;both&quot;,&quot;autoplay&quot;:&quot;yes&quot;,&quot;pause_on_hover&quot;:&quot;yes&quot;,&quot;pause_on_interaction&quot;:&quot;yes&quot;,&quot;autoplay_speed&quot;:5000,&quot;infinite&quot;:&quot;yes&quot;,&quot;speed&quot;:500}\" data-widget_type=\"image-carousel.default\">\n\t\t\t\t<div class=\"elementor-widget-container\">\n\t\t\t<style>\/*! elementor - v3.21.0 - 30-04-2024 *\/\n.elementor-widget-image-carousel .swiper,.elementor-widget-image-carousel .swiper-container{position:static}.elementor-widget-image-carousel .swiper-container .swiper-slide figure,.elementor-widget-image-carousel .swiper .swiper-slide figure{line-height:inherit}.elementor-widget-image-carousel .swiper-slide{text-align:center}.elementor-image-carousel-wrapper:not(.swiper-container-initialized):not(.swiper-initialized) .swiper-slide{max-width:calc(100% \/ var(--e-image-carousel-slides-to-show, 3))}<\/style>\t\t<div class=\"elementor-image-carousel-wrapper swiper\" dir=\"ltr\">\n\t\t\t<div class=\"elementor-image-carousel swiper-wrapper\" aria-live=\"off\">\n\t\t\t\t\t\t\t\t<div class=\"swiper-slide\" role=\"group\" aria-roledescription=\"slide\" aria-label=\"1 sur 16\"><figure class=\"swiper-slide-inner\"><img decoding=\"async\" class=\"swiper-slide-image\" src=\"https:\/\/nantes-maxillo.com\/preprod\/wp-content\/uploads\/2024\/05\/thumbs_prise-dempreinte_page_01_0.jpg\" alt=\"thumbs_prise-dempreinte_page_01_0.jpg\" \/><\/figure><\/div><div class=\"swiper-slide\" role=\"group\" aria-roledescription=\"slide\" aria-label=\"2 sur 16\"><figure class=\"swiper-slide-inner\"><img decoding=\"async\" class=\"swiper-slide-image\" src=\"https:\/\/nantes-maxillo.com\/preprod\/wp-content\/uploads\/2024\/05\/thumbs_prise-dempreinte_page_02_0.jpg\" alt=\"thumbs_prise-dempreinte_page_02_0.jpg\" \/><\/figure><\/div><div class=\"swiper-slide\" role=\"group\" aria-roledescription=\"slide\" aria-label=\"3 sur 16\"><figure class=\"swiper-slide-inner\"><img decoding=\"async\" class=\"swiper-slide-image\" src=\"https:\/\/nantes-maxillo.com\/preprod\/wp-content\/uploads\/2024\/05\/thumbs_prise-dempreinte_page_03_0.jpg\" alt=\"thumbs_prise-dempreinte_page_03_0.jpg\" \/><\/figure><\/div><div class=\"swiper-slide\" role=\"group\" aria-roledescription=\"slide\" aria-label=\"4 sur 16\"><figure class=\"swiper-slide-inner\"><img decoding=\"async\" class=\"swiper-slide-image\" src=\"https:\/\/nantes-maxillo.com\/preprod\/wp-content\/uploads\/2024\/05\/thumbs_prise-dempreinte_page_04_0.jpg\" alt=\"thumbs_prise-dempreinte_page_04_0.jpg\" \/><\/figure><\/div><div class=\"swiper-slide\" role=\"group\" aria-roledescription=\"slide\" aria-label=\"5 sur 16\"><figure class=\"swiper-slide-inner\"><img decoding=\"async\" class=\"swiper-slide-image\" src=\"https:\/\/nantes-maxillo.com\/preprod\/wp-content\/uploads\/2024\/05\/thumbs_prise-dempreinte_page_05_0.jpg\" alt=\"thumbs_prise-dempreinte_page_05_0.jpg\" \/><\/figure><\/div><div class=\"swiper-slide\" role=\"group\" aria-roledescription=\"slide\" aria-label=\"6 sur 16\"><figure class=\"swiper-slide-inner\"><img decoding=\"async\" class=\"swiper-slide-image\" src=\"https:\/\/nantes-maxillo.com\/preprod\/wp-content\/uploads\/2024\/05\/thumbs_prise-dempreinte_page_06_0.jpg\" alt=\"thumbs_prise-dempreinte_page_06_0.jpg\" \/><\/figure><\/div><div class=\"swiper-slide\" role=\"group\" aria-roledescription=\"slide\" aria-label=\"7 sur 16\"><figure class=\"swiper-slide-inner\"><img decoding=\"async\" class=\"swiper-slide-image\" src=\"https:\/\/nantes-maxillo.com\/preprod\/wp-content\/uploads\/2024\/05\/thumbs_prise-dempreinte_page_07_0.jpg\" alt=\"thumbs_prise-dempreinte_page_07_0.jpg\" \/><\/figure><\/div><div class=\"swiper-slide\" role=\"group\" aria-roledescription=\"slide\" aria-label=\"8 sur 16\"><figure class=\"swiper-slide-inner\"><img decoding=\"async\" class=\"swiper-slide-image\" src=\"https:\/\/nantes-maxillo.com\/preprod\/wp-content\/uploads\/2024\/05\/thumbs_prise-dempreinte_page_08_0.jpg\" alt=\"thumbs_prise-dempreinte_page_08_0.jpg\" \/><\/figure><\/div><div class=\"swiper-slide\" role=\"group\" aria-roledescription=\"slide\" aria-label=\"9 sur 16\"><figure class=\"swiper-slide-inner\"><img decoding=\"async\" class=\"swiper-slide-image\" src=\"https:\/\/nantes-maxillo.com\/preprod\/wp-content\/uploads\/2024\/05\/thumbs_prise-dempreinte_page_09_0.jpg\" alt=\"thumbs_prise-dempreinte_page_09_0.jpg\" \/><\/figure><\/div><div class=\"swiper-slide\" role=\"group\" aria-roledescription=\"slide\" aria-label=\"10 sur 16\"><figure class=\"swiper-slide-inner\"><img decoding=\"async\" class=\"swiper-slide-image\" src=\"https:\/\/nantes-maxillo.com\/preprod\/wp-content\/uploads\/2024\/05\/thumbs_prise-dempreinte_page_10_0.jpg\" alt=\"thumbs_prise-dempreinte_page_10_0.jpg\" \/><\/figure><\/div><div class=\"swiper-slide\" role=\"group\" aria-roledescription=\"slide\" aria-label=\"11 sur 16\"><figure class=\"swiper-slide-inner\"><img decoding=\"async\" class=\"swiper-slide-image\" src=\"https:\/\/nantes-maxillo.com\/preprod\/wp-content\/uploads\/2024\/05\/thumbs_prise-dempreinte_page_11_0.jpg\" alt=\"thumbs_prise-dempreinte_page_11_0.jpg\" \/><\/figure><\/div><div class=\"swiper-slide\" role=\"group\" aria-roledescription=\"slide\" aria-label=\"12 sur 16\"><figure class=\"swiper-slide-inner\"><img decoding=\"async\" class=\"swiper-slide-image\" src=\"https:\/\/nantes-maxillo.com\/preprod\/wp-content\/uploads\/2024\/05\/thumbs_prise-dempreinte_page_12_0.jpg\" alt=\"thumbs_prise-dempreinte_page_12_0.jpg\" \/><\/figure><\/div><div class=\"swiper-slide\" role=\"group\" aria-roledescription=\"slide\" aria-label=\"13 sur 16\"><figure class=\"swiper-slide-inner\"><img decoding=\"async\" class=\"swiper-slide-image\" src=\"https:\/\/nantes-maxillo.com\/preprod\/wp-content\/uploads\/2024\/05\/thumbs_prise-dempreinte_page_13_0.jpg\" alt=\"thumbs_prise-dempreinte_page_13_0.jpg\" \/><\/figure><\/div><div class=\"swiper-slide\" role=\"group\" aria-roledescription=\"slide\" aria-label=\"14 sur 16\"><figure class=\"swiper-slide-inner\"><img decoding=\"async\" class=\"swiper-slide-image\" src=\"https:\/\/nantes-maxillo.com\/preprod\/wp-content\/uploads\/2024\/05\/thumbs_prise-dempreinte_page_14_0.jpg\" alt=\"thumbs_prise-dempreinte_page_14_0.jpg\" \/><\/figure><\/div><div class=\"swiper-slide\" role=\"group\" aria-roledescription=\"slide\" aria-label=\"15 sur 16\"><figure class=\"swiper-slide-inner\"><img decoding=\"async\" class=\"swiper-slide-image\" src=\"https:\/\/nantes-maxillo.com\/preprod\/wp-content\/uploads\/2024\/05\/thumbs_prise-dempreinte_page_15_0.jpg\" alt=\"thumbs_prise-dempreinte_page_15_0.jpg\" \/><\/figure><\/div><div class=\"swiper-slide\" role=\"group\" aria-roledescription=\"slide\" aria-label=\"16 sur 16\"><figure class=\"swiper-slide-inner\"><img decoding=\"async\" class=\"swiper-slide-image\" src=\"https:\/\/nantes-maxillo.com\/preprod\/wp-content\/uploads\/2024\/05\/thumbs_kempreintes.jpg\" alt=\"thumbs_kempreintes.jpg\" \/><\/figure><\/div>\t\t\t<\/div>\n\t\t\t\t\t\t\t\t\t\t\t\t<div class=\"elementor-swiper-button elementor-swiper-button-prev\" role=\"button\" tabindex=\"0\">\n\t\t\t\t\t\t<svg aria-hidden=\"true\" class=\"e-font-icon-svg e-eicon-chevron-left\" viewBox=\"0 0 1000 1000\" xmlns=\"http:\/\/www.w3.org\/2000\/svg\"><path d=\"M646 125C629 125 613 133 604 142L308 442C296 454 292 471 292 487 292 504 296 521 308 533L604 854C617 867 629 875 646 875 663 875 679 871 692 858 704 846 713 829 713 812 713 796 708 779 692 767L438 487 692 225C700 217 708 204 708 187 708 171 704 154 692 142 675 129 663 125 646 125Z\"><\/path><\/svg>\t\t\t\t\t<\/div>\n\t\t\t\t\t<div class=\"elementor-swiper-button elementor-swiper-button-next\" role=\"button\" tabindex=\"0\">\n\t\t\t\t\t\t<svg aria-hidden=\"true\" class=\"e-font-icon-svg e-eicon-chevron-right\" viewBox=\"0 0 1000 1000\" xmlns=\"http:\/\/www.w3.org\/2000\/svg\"><path d=\"M696 533C708 521 713 504 713 487 713 471 708 454 696 446L400 146C388 133 375 125 354 125 338 125 325 129 313 142 300 154 292 171 292 187 292 204 296 221 308 233L563 492 304 771C292 783 288 800 288 817 288 833 296 850 308 863 321 871 338 875 354 875 371 875 388 867 400 854L696 533Z\"><\/path><\/svg>\t\t\t\t\t<\/div>\n\t\t\t\t\n\t\t\t\t\t\t\t\t\t<div class=\"swiper-pagination\"><\/div>\n\t\t\t\t\t\t\t\t\t<\/div>\n\t\t\t\t<\/div>\n\t\t\t\t<\/div>\n\t\t\t\t\t<\/div>\n\t\t<\/div>\n\t\t\t\t\t<\/div>\n\t\t<\/section>\n\t\t<div class=\"elementor-element elementor-element-d7cb5f6 e-flex e-con-boxed e-con e-parent\" data-id=\"d7cb5f6\" data-element_type=\"container\">\n\t\t\t\t\t<div class=\"e-con-inner\">\n\t\t\t\t<div class=\"elementor-element elementor-element-759a756 elementor-widget elementor-widget-spacer\" data-id=\"759a756\" data-element_type=\"widget\" data-widget_type=\"spacer.default\">\n\t\t\t\t<div class=\"elementor-widget-container\">\n\t\t\t<style>\/*! elementor - v3.21.0 - 30-04-2024 *\/\n.elementor-column .elementor-spacer-inner{height:var(--spacer-size)}.e-con{--container-widget-width:100%}.e-con-inner>.elementor-widget-spacer,.e-con>.elementor-widget-spacer{width:var(--container-widget-width,var(--spacer-size));--align-self:var(--container-widget-align-self,initial);--flex-shrink:0}.e-con-inner>.elementor-widget-spacer>.elementor-widget-container,.e-con>.elementor-widget-spacer>.elementor-widget-container{height:100%;width:100%}.e-con-inner>.elementor-widget-spacer>.elementor-widget-container>.elementor-spacer,.e-con>.elementor-widget-spacer>.elementor-widget-container>.elementor-spacer{height:100%}.e-con-inner>.elementor-widget-spacer>.elementor-widget-container>.elementor-spacer>.elementor-spacer-inner,.e-con>.elementor-widget-spacer>.elementor-widget-container>.elementor-spacer>.elementor-spacer-inner{height:var(--container-widget-height,var(--spacer-size))}.e-con-inner>.elementor-widget-spacer.elementor-widget-empty,.e-con>.elementor-widget-spacer.elementor-widget-empty{position:relative;min-height:22px;min-width:22px}.e-con-inner>.elementor-widget-spacer.elementor-widget-empty .elementor-widget-empty-icon,.e-con>.elementor-widget-spacer.elementor-widget-empty .elementor-widget-empty-icon{position:absolute;top:0;bottom:0;left:0;right:0;margin:auto;padding:0;width:22px;height:22px}<\/style>\t\t<div class=\"elementor-spacer\">\n\t\t\t<div class=\"elementor-spacer-inner\"><\/div>\n\t\t<\/div>\n\t\t\t\t<\/div>\n\t\t\t\t<\/div>\n\t\t\t\t\t<\/div>\n\t\t\t\t<\/div>\n\t\t\t\t<\/div>\n\t\t","protected":false},"excerpt":{"rendered":"<p>Comme pour la plupart des implants dentaires, il existe plusieurs techniques d\u2019empreintes. La technique\u00a0Pop-Up\u00a0(\u00e0 ciel ferm\u00e9), ou la technique\u00a0Pick-Up\u00a0(\u00e0 ciel ouvert). Un interm\u00e9diaire simplifi\u00e9 peut convenir pour des empreintes unitaires, il s\u2019agit du\u00a0Klip-Up\u00a0(\u00e0 ciel ferm\u00e9). Cliquez sur l\u2019un des protocoles ci-dessous: \u00a0\u00a0\u00a0\u00a0\u00a0 \u00a0\u00a0 Technique Pop-up: C\u2019est une technique simple et rapide qui peut \u00eatre r\u00e9alis\u00e9e&hellip;&nbsp;<a href=\"https:\/\/nantes-maxillo.com\/preprod\/techniques-dempreintes-kontact-biotech\/\" class=\"\" rel=\"bookmark\">Lire la suite &raquo;<span class=\"screen-reader-text\">Techniques d\u2019empreintes (Kontact Biotech)<\/span><\/a><\/p>\n","protected":false},"author":2,"featured_media":1165,"parent":0,"menu_order":0,"comment_status":"closed","ping_status":"closed","template":"page-templates\/template-pagebuilder-full-width.php","meta":{"neve_meta_sidebar":"","neve_meta_container":"","neve_meta_enable_content_width":"off","neve_meta_content_width":100,"neve_meta_title_alignment":"","neve_meta_author_avatar":"","neve_post_elements_order":"","neve_meta_disable_header":"","neve_meta_disable_footer":"","neve_meta_disable_title":"","_themeisle_gutenberg_block_has_review":false,"_ti_tpc_template_sync":false,"_ti_tpc_template_id":"","footnotes":""},"class_list":["post-976","page","type-page","status-publish","has-post-thumbnail","hentry"],"_links":{"self":[{"href":"https:\/\/nantes-maxillo.com\/preprod\/wp-json\/wp\/v2\/pages\/976","targetHints":{"allow":["GET"]}}],"collection":[{"href":"https:\/\/nantes-maxillo.com\/preprod\/wp-json\/wp\/v2\/pages"}],"about":[{"href":"https:\/\/nantes-maxillo.com\/preprod\/wp-json\/wp\/v2\/types\/page"}],"author":[{"embeddable":true,"href":"https:\/\/nantes-maxillo.com\/preprod\/wp-json\/wp\/v2\/users\/2"}],"replies":[{"embeddable":true,"href":"https:\/\/nantes-maxillo.com\/preprod\/wp-json\/wp\/v2\/comments?post=976"}],"version-history":[{"count":4,"href":"https:\/\/nantes-maxillo.com\/preprod\/wp-json\/wp\/v2\/pages\/976\/revisions"}],"predecessor-version":[{"id":5468,"href":"https:\/\/nantes-maxillo.com\/preprod\/wp-json\/wp\/v2\/pages\/976\/revisions\/5468"}],"wp:featuredmedia":[{"embeddable":true,"href":"https:\/\/nantes-maxillo.com\/preprod\/wp-json\/wp\/v2\/media\/1165"}],"wp:attachment":[{"href":"https:\/\/nantes-maxillo.com\/preprod\/wp-json\/wp\/v2\/media?parent=976"}],"curies":[{"name":"wp","href":"https:\/\/api.w.org\/{rel}","templated":true}]}}