{"id":974,"date":"2023-11-10T20:52:40","date_gmt":"2023-11-10T19:52:40","guid":{"rendered":"https:\/\/nantes-maxillo.com\/preprod\/?page_id=974"},"modified":"2024-05-07T16:52:24","modified_gmt":"2024-05-07T14:52:24","slug":"les-piliers-prothetiques-kontact","status":"publish","type":"page","link":"https:\/\/nantes-maxillo.com\/preprod\/les-piliers-prothetiques-kontact\/","title":{"rendered":"Les piliers proth\u00e9tiques Kontact"},"content":{"rendered":"\t\t<div data-elementor-type=\"wp-page\" data-elementor-id=\"974\" class=\"elementor elementor-974\">\n\t\t\t\t\t\t<section class=\"elementor-section elementor-top-section elementor-element elementor-element-ea8df6b elementor-section-stretched elementor-section-boxed elementor-section-height-default elementor-section-height-default\" data-id=\"ea8df6b\" data-element_type=\"section\" data-settings=\"{&quot;stretch_section&quot;:&quot;section-stretched&quot;}\">\n\t\t\t\t\t\t<div class=\"elementor-container elementor-column-gap-default\">\n\t\t\t\t\t<div class=\"elementor-column elementor-col-100 elementor-top-column elementor-element elementor-element-e312104\" data-id=\"e312104\" data-element_type=\"column\">\n\t\t\t<div class=\"elementor-widget-wrap elementor-element-populated\">\n\t\t\t\t\t\t<div class=\"elementor-element elementor-element-f01bc1f elementor-widget elementor-widget-text-editor\" data-id=\"f01bc1f\" data-element_type=\"widget\" data-widget_type=\"text-editor.default\">\n\t\t\t\t<div class=\"elementor-widget-container\">\n\t\t\t<style>\/*! elementor - v3.21.0 - 30-04-2024 *\/\n.elementor-widget-text-editor.elementor-drop-cap-view-stacked .elementor-drop-cap{background-color:#69727d;color:#fff}.elementor-widget-text-editor.elementor-drop-cap-view-framed .elementor-drop-cap{color:#69727d;border:3px solid;background-color:transparent}.elementor-widget-text-editor:not(.elementor-drop-cap-view-default) .elementor-drop-cap{margin-top:8px}.elementor-widget-text-editor:not(.elementor-drop-cap-view-default) .elementor-drop-cap-letter{width:1em;height:1em}.elementor-widget-text-editor .elementor-drop-cap{float:left;text-align:center;line-height:1;font-size:50px}.elementor-widget-text-editor .elementor-drop-cap-letter{display:inline-block}<\/style>\t\t\t\t<p>Les piliers coniques Kontact sont utilis\u00e9s pour les reconstructions proth\u00e9tiques transviss\u00e9es en mandibulaire ou maxillaire pour les cas de dents unitaires ou segments partiellement ou totalement \u00e9dent\u00e9s.<\/p><p><a href=\"http:\/\/maxillo.nantes-atlantique.fr\/nano-post-et-iso-post\/kpilier-3\/\" rel=\"attachment wp-att-521\"><img decoding=\"async\" src=\"https:\/\/maxillo.nantes-atlantique.fr\/wp-content\/uploads\/2013\/01\/kpilier2.jpg\" alt=\"kpilier\" \/><\/a><\/p><p>Les piliers Kontact et syst\u00e8me\u00a0<a title=\"le pilier Nano Post\" href=\"http:\/\/maxillo.nantes-atlantique.fr\/wp-content\/uploads\/2013\/01\/kNANOPOSTl.pdf\">NanoPost<\/a>\u00a0sont utilis\u00e9s pour les reconstructions proth\u00e9tiques scell\u00e9es en mandibulaire ou maxillaire pour les cas de dents unitaires ou segments partiellement ou totalement \u00e9dent\u00e9s.<\/p><p><a href=\"http:\/\/maxillo.nantes-atlantique.fr\/nano-post-et-iso-post\/knanopost\/\" rel=\"attachment wp-att-502\"><img fetchpriority=\"high\" decoding=\"async\" class=\"alignnone size-full wp-image-502\" src=\"https:\/\/maxillo.nantes-atlantique.fr\/wp-content\/uploads\/2013\/01\/kNANOPOST.jpg\" alt=\"kNANOPOST\" width=\"622\" height=\"466\" \/><\/a><\/p><p>Les\u00a0<a title=\"Le pilier Iso Post\" href=\"http:\/\/maxillo.nantes-atlantique.fr\/wp-content\/uploads\/2013\/01\/kISOPOSTl.pdf\">piliers IsoPost<\/a>\u00a0pour syst\u00e8me Kontact sont utilis\u00e9s pour les reconstructions proth\u00e9tiques scell\u00e9es ou amovibles en mandibulaire ou maxillaire pour les cas de dents unitaires ou segments partiellement ou totalement \u00e9dent\u00e9s.<\/p><p><a href=\"http:\/\/maxillo.nantes-atlantique.fr\/nano-post-et-iso-post\/kisopost\/\" rel=\"attachment wp-att-501\"><img decoding=\"async\" class=\"alignnone size-full wp-image-501\" src=\"https:\/\/maxillo.nantes-atlantique.fr\/wp-content\/uploads\/2013\/01\/kISOPOST.jpg\" alt=\"kISOPOST\" width=\"563\" height=\"422\" \/><\/a><\/p><p>Pour plus d\u2019informations,\u00a0<a title=\"Implants Biotech France\" href=\"https:\/\/www.implants.fr\/\" target=\"_blank\" rel=\"noopener\">www.implants.fr<\/a>.<\/p>\t\t\t\t\t\t<\/div>\n\t\t\t\t<\/div>\n\t\t\t\t\t<\/div>\n\t\t<\/div>\n\t\t\t\t\t<\/div>\n\t\t<\/section>\n\t\t<div class=\"elementor-element elementor-element-b69f774 e-flex e-con-boxed e-con e-parent\" data-id=\"b69f774\" data-element_type=\"container\">\n\t\t\t\t\t<div class=\"e-con-inner\">\n\t\t\t\t<div class=\"elementor-element elementor-element-c15a1c1 elementor-widget elementor-widget-spacer\" data-id=\"c15a1c1\" data-element_type=\"widget\" data-widget_type=\"spacer.default\">\n\t\t\t\t<div class=\"elementor-widget-container\">\n\t\t\t<style>\/*! elementor - v3.21.0 - 30-04-2024 *\/\n.elementor-column .elementor-spacer-inner{height:var(--spacer-size)}.e-con{--container-widget-width:100%}.e-con-inner>.elementor-widget-spacer,.e-con>.elementor-widget-spacer{width:var(--container-widget-width,var(--spacer-size));--align-self:var(--container-widget-align-self,initial);--flex-shrink:0}.e-con-inner>.elementor-widget-spacer>.elementor-widget-container,.e-con>.elementor-widget-spacer>.elementor-widget-container{height:100%;width:100%}.e-con-inner>.elementor-widget-spacer>.elementor-widget-container>.elementor-spacer,.e-con>.elementor-widget-spacer>.elementor-widget-container>.elementor-spacer{height:100%}.e-con-inner>.elementor-widget-spacer>.elementor-widget-container>.elementor-spacer>.elementor-spacer-inner,.e-con>.elementor-widget-spacer>.elementor-widget-container>.elementor-spacer>.elementor-spacer-inner{height:var(--container-widget-height,var(--spacer-size))}.e-con-inner>.elementor-widget-spacer.elementor-widget-empty,.e-con>.elementor-widget-spacer.elementor-widget-empty{position:relative;min-height:22px;min-width:22px}.e-con-inner>.elementor-widget-spacer.elementor-widget-empty .elementor-widget-empty-icon,.e-con>.elementor-widget-spacer.elementor-widget-empty .elementor-widget-empty-icon{position:absolute;top:0;bottom:0;left:0;right:0;margin:auto;padding:0;width:22px;height:22px}<\/style>\t\t<div class=\"elementor-spacer\">\n\t\t\t<div class=\"elementor-spacer-inner\"><\/div>\n\t\t<\/div>\n\t\t\t\t<\/div>\n\t\t\t\t<\/div>\n\t\t\t\t\t<\/div>\n\t\t\t\t<\/div>\n\t\t\t\t<\/div>\n\t\t","protected":false},"excerpt":{"rendered":"<p>Les piliers coniques Kontact sont utilis\u00e9s pour les reconstructions proth\u00e9tiques transviss\u00e9es en mandibulaire ou maxillaire pour les cas de dents unitaires ou segments partiellement ou totalement \u00e9dent\u00e9s. Les piliers Kontact et syst\u00e8me\u00a0NanoPost\u00a0sont utilis\u00e9s pour les reconstructions proth\u00e9tiques scell\u00e9es en mandibulaire ou maxillaire pour les cas de dents unitaires ou segments partiellement ou totalement \u00e9dent\u00e9s. Les\u00a0piliers&hellip;&nbsp;<a href=\"https:\/\/nantes-maxillo.com\/preprod\/les-piliers-prothetiques-kontact\/\" class=\"\" rel=\"bookmark\">Lire la suite &raquo;<span class=\"screen-reader-text\">Les piliers proth\u00e9tiques Kontact<\/span><\/a><\/p>\n","protected":false},"author":2,"featured_media":1165,"parent":0,"menu_order":0,"comment_status":"closed","ping_status":"closed","template":"page-templates\/template-pagebuilder-full-width.php","meta":{"neve_meta_sidebar":"","neve_meta_container":"","neve_meta_enable_content_width":"off","neve_meta_content_width":100,"neve_meta_title_alignment":"","neve_meta_author_avatar":"","neve_post_elements_order":"","neve_meta_disable_header":"","neve_meta_disable_footer":"","neve_meta_disable_title":"","_themeisle_gutenberg_block_has_review":false,"_ti_tpc_template_sync":false,"_ti_tpc_template_id":"","footnotes":""},"class_list":["post-974","page","type-page","status-publish","has-post-thumbnail","hentry"],"_links":{"self":[{"href":"https:\/\/nantes-maxillo.com\/preprod\/wp-json\/wp\/v2\/pages\/974","targetHints":{"allow":["GET"]}}],"collection":[{"href":"https:\/\/nantes-maxillo.com\/preprod\/wp-json\/wp\/v2\/pages"}],"about":[{"href":"https:\/\/nantes-maxillo.com\/preprod\/wp-json\/wp\/v2\/types\/page"}],"author":[{"embeddable":true,"href":"https:\/\/nantes-maxillo.com\/preprod\/wp-json\/wp\/v2\/users\/2"}],"replies":[{"embeddable":true,"href":"https:\/\/nantes-maxillo.com\/preprod\/wp-json\/wp\/v2\/comments?post=974"}],"version-history":[{"count":4,"href":"https:\/\/nantes-maxillo.com\/preprod\/wp-json\/wp\/v2\/pages\/974\/revisions"}],"predecessor-version":[{"id":5449,"href":"https:\/\/nantes-maxillo.com\/preprod\/wp-json\/wp\/v2\/pages\/974\/revisions\/5449"}],"wp:featuredmedia":[{"embeddable":true,"href":"https:\/\/nantes-maxillo.com\/preprod\/wp-json\/wp\/v2\/media\/1165"}],"wp:attachment":[{"href":"https:\/\/nantes-maxillo.com\/preprod\/wp-json\/wp\/v2\/media?parent=974"}],"curies":[{"name":"wp","href":"https:\/\/api.w.org\/{rel}","templated":true}]}}