{"id":968,"date":"2023-11-10T20:50:50","date_gmt":"2023-11-10T19:50:50","guid":{"rendered":"https:\/\/nantes-maxillo.com\/preprod\/?page_id=968"},"modified":"2024-05-07T16:48:59","modified_gmt":"2024-05-07T14:48:59","slug":"les-guides-concus-par-ordinateurs","status":"publish","type":"page","link":"https:\/\/nantes-maxillo.com\/preprod\/les-guides-concus-par-ordinateurs\/","title":{"rendered":"Les guides con\u00e7us par ordinateurs"},"content":{"rendered":"\t\t<div data-elementor-type=\"wp-page\" data-elementor-id=\"968\" class=\"elementor elementor-968\">\n\t\t\t\t\t\t<section class=\"elementor-section elementor-top-section elementor-element elementor-element-b3a88f8 elementor-section-stretched elementor-section-boxed elementor-section-height-default elementor-section-height-default\" data-id=\"b3a88f8\" data-element_type=\"section\" data-settings=\"{&quot;stretch_section&quot;:&quot;section-stretched&quot;}\">\n\t\t\t\t\t\t<div class=\"elementor-container elementor-column-gap-default\">\n\t\t\t\t\t<div class=\"elementor-column elementor-col-100 elementor-top-column elementor-element elementor-element-ac6db3e\" data-id=\"ac6db3e\" data-element_type=\"column\">\n\t\t\t<div class=\"elementor-widget-wrap elementor-element-populated\">\n\t\t\t\t\t\t<div class=\"elementor-element elementor-element-e1f567f elementor-widget elementor-widget-text-editor\" data-id=\"e1f567f\" data-element_type=\"widget\" data-widget_type=\"text-editor.default\">\n\t\t\t\t<div class=\"elementor-widget-container\">\n\t\t\t<style>\/*! elementor - v3.21.0 - 30-04-2024 *\/\n.elementor-widget-text-editor.elementor-drop-cap-view-stacked .elementor-drop-cap{background-color:#69727d;color:#fff}.elementor-widget-text-editor.elementor-drop-cap-view-framed .elementor-drop-cap{color:#69727d;border:3px solid;background-color:transparent}.elementor-widget-text-editor:not(.elementor-drop-cap-view-default) .elementor-drop-cap{margin-top:8px}.elementor-widget-text-editor:not(.elementor-drop-cap-view-default) .elementor-drop-cap-letter{width:1em;height:1em}.elementor-widget-text-editor .elementor-drop-cap{float:left;text-align:center;line-height:1;font-size:50px}.elementor-widget-text-editor .elementor-drop-cap-letter{display:inline-block}<\/style>\t\t\t\t<h5 style=\"text-align: center;\">Les guides 2ingis<\/h5><p><a href=\"https:\/\/nantes-maxillo.com\/wp-content\/uploads\/2023\/06\/PasRisque.jpg\"><img decoding=\"async\" class=\"size-full wp-image-4775 aligncenter\" src=\"https:\/\/nantes-maxillo.com\/wp-content\/uploads\/2023\/06\/PasRisque.jpg\" alt=\"\" width=\"169\" height=\"137\" \/><\/a><\/p><p>Les guides 2ingis\u00ae offrent de multiples avantages identiques aux guides con\u00e7u en 3D sur un logiciel de planification de pose d\u2019implants dentaires. Ils permettent ainsi une chirurgie rapide, pr\u00e9cise, sans lambeaux.<\/p><p>Leur particularit\u00e9 est de guider la chirurgie non pas par la partie travaillante, mais par les guides lat\u00e9raux ;<\/p><p><a href=\"https:\/\/nantes-maxillo.com\/wp-content\/uploads\/2023\/06\/logo2ingis.jpg\"><img fetchpriority=\"high\" decoding=\"async\" class=\"wp-image-4776 size-full aligncenter\" src=\"https:\/\/nantes-maxillo.com\/wp-content\/uploads\/2023\/06\/logo2ingis.jpg\" alt=\"\" width=\"431\" height=\"272\" srcset=\"https:\/\/nantes-maxillo.com\/preprod\/wp-content\/uploads\/2023\/06\/logo2ingis.jpg 431w, https:\/\/nantes-maxillo.com\/preprod\/wp-content\/uploads\/2023\/06\/logo2ingis-300x189.jpg 300w\" sizes=\"(max-width: 431px) 100vw, 431px\" \/><br \/><\/a><\/p><p>Guidage par les tiges lat\u00e9rales, et non par la partie travaillante centrale<\/p><table border=\"0\"><tbody><tr><td><a href=\"http:\/\/maxillo.nantes-atlantique.fr\/wp-content\/uploads\/2013\/03\/Ste%CC%81rilite2.jpg\"><img decoding=\"async\" class=\"aligncenter\" src=\"https:\/\/maxillo.nantes-atlantique.fr\/wp-content\/uploads\/2013\/03\/Ste%CC%81rilite2.jpg\" alt=\"Ste\u0301rilite2\" width=\"178\" height=\"126\" \/><\/a><\/td><td><a href=\"http:\/\/maxillo.nantes-atlantique.fr\/wp-content\/uploads\/2013\/03\/Sterilite.jpg\"><img loading=\"lazy\" decoding=\"async\" class=\"aligncenter\" src=\"https:\/\/maxillo.nantes-atlantique.fr\/wp-content\/uploads\/2013\/03\/Sterilite.jpg\" alt=\"Sterilite\" width=\"158\" height=\"123\" \/><\/a><\/td><\/tr><tr><td>guide 2ingis en titane, r\u00e9alis\u00e9 sur mesure, \u00e0 partir du scanner du patient, con\u00e7u \u00e0 l\u2019aide d\u2019un logiciel sp\u00e9cifique pour positionner pr\u00e9cis\u00e9ment les implants.<\/td><td><em>\u00a0\u00a0\u00a0\u00a0\u00a0\u00a0\u00a0\u00a0\u00a0\u00a0\u00a0\u00a0\u00a0\u00a0\u00a0\u00a0\u00a0 guide classique en r\u00e9sine \u00a0 \u00a0 \u00a0 \u00a0 \u00a0 \u00a0 \u00a0 \u00a0 \u00a0 \u00a0 \u00a0 \u00a0 \u00a0 \u00a0 \u00a0 \u00a0 \u00a0 \u00a0 \u00a0 \u00a0 \u00a0 \u00a0 \u00a0 \u00a0 \u00a0 \u00a0 \u00a0 \u00a0 \u00a0 \u00a0 \u00a0 \u00a0 \u00a0 \u00a0 \u00a0 \u00a0 \u00a0 \u00a0 \u00a0 \u00a0 \u00a0 \u00a0 \u00a0 \u00a0 \u00a0 \u00a0 \u00a0 \u00a0 \u00a0 \u00a0 \u00a0 \u00a0 \u00a0 \u00a0 \u00a0 \u00a0 \u00a0 \u00a0 \u00a0 \u00a0 \u00a0 \u00a0 \u00a0 \u00a0 \u00a0 \u00a0 \u00a0 \u00a0 \u00a0 \u00a0 \u00a0 \u00a0 \u00a0 \u00a0 \u00a0 \u00a0\u00a0<\/em><\/td><\/tr><\/tbody><\/table><h5>Les avantages de ces guides peuvent se r\u00e9sumer en 6 points :<\/h5><ol><li>Leur conception en titane permet une\u00a0<strong>st\u00e9rilisation<\/strong>\u00a0\u00e0 chaud pour une utilisation au bloc op\u00e9ratoire.<\/li><li>Le guide 2INGIS\u00ae offre une parfaite\u00a0<strong>visibilit\u00e9<\/strong>\u00a0durant toute la chirurgie alors qu\u2019un guide en r\u00e9sine offre une moins bonne visibilit\u00e9 et un moindre contr\u00f4le sur le bon positionnement en bouche.<\/li><li>L\u2019<strong>acc\u00e8s<\/strong>\u00a0est facile pendant toute la chirurgie, et permet notamment d\u2019ajouter un substitut osseux.<\/li><li>L\u2019<strong>irrigation<\/strong>\u00a0du site de forage osseux est possible durant toute la chirurgie.<\/li><li>Il n\u2019y a pas de d\u00e9p\u00f4ts de d\u00e9bris m\u00e9talliques, ou de r\u00e9sine lors des forages successifs car\u00a0<strong>le for\u00eat ne touche pas le guide<\/strong>.<\/li><li>Le syst\u00e8me de guidage permet de placer sur la pi\u00e8ce \u00e0 main un for\u00eat d\u2019<strong>expansion<\/strong>osseuse, ou tout autre instrument, jusqu\u2019\u00e0 la pose de l\u2019implant, m\u00eame conique.<\/li><\/ol><table border=\"0\"><tbody><tr><td><a href=\"http:\/\/maxillo.nantes-atlantique.fr\/wp-content\/uploads\/2013\/03\/ExpansionEtPose2.jpg\"><img loading=\"lazy\" decoding=\"async\" class=\"aligncenter\" src=\"https:\/\/maxillo.nantes-atlantique.fr\/wp-content\/uploads\/2013\/03\/ExpansionEtPose2.jpg\" alt=\"ExpansionEtPose2\" width=\"198\" height=\"153\" \/><\/a><\/td><td><a href=\"http:\/\/maxillo.nantes-atlantique.fr\/wp-content\/uploads\/2013\/03\/ExpansionEtPose.jpg\"><img loading=\"lazy\" decoding=\"async\" class=\"aligncenter\" src=\"https:\/\/maxillo.nantes-atlantique.fr\/wp-content\/uploads\/2013\/03\/ExpansionEtPose.jpg\" alt=\"ExpansionEtPose\" width=\"203\" height=\"134\" \/><\/a><\/td><\/tr><tr><td>Le guide peut \u00eatre utilis\u00e9 pendant tout le forage avec des for\u00eats de diam\u00e8tres croissants, y compris la pose de l\u2019implant, avec une bonne visibilit\u00e9, et une irrigation constante.<\/td><td><em>Avec un guide classique, il faut utiliser des cylindres m\u00e9talliques de diam\u00e8tres croissants, avec une irrigation et une vision du site op\u00e9ratoire plus difficile. Il n\u2019est pas possible de guider la pose de l\u2019implant.<\/em><\/td><\/tr><\/tbody><\/table><p>***<\/p><p><strong>En r\u00e9sum\u00e9, il peut \u00eatre laiss\u00e9 en place pendant toute la chirurgie, avec une vision et une irrigation pendant toute la chirurgie, sans d\u00e9p\u00f4ts de d\u00e9bris m\u00e9talliques ou de r\u00e9sine.<\/strong><\/p><p>***<\/p><h5>Leur conception est simple et se r\u00e9sume en 7 \u00e9tapes :<\/h5><table border=\"0\"><tbody><tr><td align=\"left\" valign=\"middle\">1 \u2013 Prise d\u2019empreinte avec le porte empreinte contenant un l\u00e9go.<\/td><td align=\"left\" valign=\"middle\"><a href=\"http:\/\/maxillo.nantes-atlantique.fr\/wp-content\/uploads\/2013\/03\/GuideRx.jpg\"><img loading=\"lazy\" decoding=\"async\" class=\"size-full wp-image-1210 aligncenter\" src=\"https:\/\/maxillo.nantes-atlantique.fr\/wp-content\/uploads\/2013\/03\/GuideRx.jpg\" alt=\"GuideRx\" width=\"223\" height=\"94\" \/><\/a><\/td><\/tr><tr><td align=\"left\" valign=\"middle\">2 \u2013 Acquisition d\u2019un scanner avec le porte empreinte sur les dents restantes (ou la proth\u00e8se).<\/td><td align=\"left\" valign=\"middle\"><div id=\"attachment_1521\" class=\"wp-caption alignleft\"><p><a href=\"http:\/\/maxillo.nantes-atlantique.fr\/wp-content\/uploads\/2013\/03\/2IngisLego1.jpg\"><img loading=\"lazy\" decoding=\"async\" class=\" wp-image-1521\" src=\"https:\/\/maxillo.nantes-atlantique.fr\/wp-content\/uploads\/2013\/03\/2IngisLego1.jpg\" alt=\"2IngisLego1\" width=\"132\" height=\"124\" \/><\/a><\/p><p class=\"wp-caption-text\">Empreinte en bas<\/p><\/div><div id=\"attachment_1523\" class=\"wp-caption alignleft\"><p><a href=\"http:\/\/maxillo.nantes-atlantique.fr\/wp-content\/uploads\/2013\/03\/2IngisLego2.jpg\"><img loading=\"lazy\" decoding=\"async\" class=\" wp-image-1523\" src=\"https:\/\/maxillo.nantes-atlantique.fr\/wp-content\/uploads\/2013\/03\/2IngisLego2.jpg\" alt=\"Empreintes avec L\u00e9go\" width=\"138\" height=\"151\" \/><\/a><\/p><p class=\"wp-caption-text\">Empreinte en HT et en BS<\/p><\/div><\/td><\/tr><tr><td align=\"left\" valign=\"middle\">3 \u2013 \u00c9tude du dossier en ligne (possibilit\u00e9 de travailler \u00e0 plusieurs praticiens sur le m\u00eame cas en m\u00eame temps, ou \u00e0 des moments diff\u00e9rents).<\/td><td align=\"left\" valign=\"middle\">\u00a0<a href=\"http:\/\/maxillo.nantes-atlantique.fr\/wp-content\/uploads\/2013\/03\/2IngisAcqu.jpg\"><img loading=\"lazy\" decoding=\"async\" class=\"alignleft size-full wp-image-1519\" src=\"https:\/\/maxillo.nantes-atlantique.fr\/wp-content\/uploads\/2013\/03\/2IngisAcqu.jpg\" alt=\"2IngisAcqu\" width=\"288\" height=\"198\" \/><\/a><\/td><\/tr><tr><td align=\"left\" valign=\"middle\">4 \u2013 Scan du guide, des empreintes et du Wax-up (scanner optique), puis int\u00e9gration dans le scanner du patient.<\/td><td align=\"left\" valign=\"middle\"><a href=\"http:\/\/maxillo.nantes-atlantique.fr\/wp-content\/uploads\/2013\/03\/Etude.jpg\"><img loading=\"lazy\" decoding=\"async\" class=\"size-full wp-image-1207 aligncenter\" src=\"https:\/\/maxillo.nantes-atlantique.fr\/wp-content\/uploads\/2013\/03\/Etude.jpg\" alt=\"Etude\" width=\"225\" height=\"140\" \/><\/a><\/td><\/tr><tr><td align=\"left\" valign=\"middle\">5 \u2013 Planification de la pose des implants en int\u00e9grant les imp\u00e9ratifs anatomiques osseux, ET les imp\u00e9ratifs proth\u00e9tiques du montage.<\/td><td align=\"left\" valign=\"middle\"><a href=\"http:\/\/maxillo.nantes-atlantique.fr\/wp-content\/uploads\/2013\/03\/swissmeda.jpg\"><img loading=\"lazy\" decoding=\"async\" class=\"size-full wp-image-1223 aligncenter\" src=\"https:\/\/maxillo.nantes-atlantique.fr\/wp-content\/uploads\/2013\/03\/swissmeda.jpg\" alt=\"swissmeda\" width=\"195\" height=\"152\" \/><\/a><\/td><\/tr><tr><td align=\"left\" valign=\"middle\">6 \u2013 Fabrication du guide.<\/td><td align=\"left\" valign=\"middle\"><a href=\"http:\/\/maxillo.nantes-atlantique.fr\/wp-content\/uploads\/2013\/03\/Realisation.jpg\"><img loading=\"lazy\" decoding=\"async\" class=\"size-full wp-image-1216 aligncenter\" src=\"https:\/\/maxillo.nantes-atlantique.fr\/wp-content\/uploads\/2013\/03\/Realisation.jpg\" alt=\"Realisation\" width=\"182\" height=\"125\" \/><\/a><\/td><\/tr><tr><td align=\"left\" valign=\"middle\">7 \u2013 Chirurgie<\/td><td align=\"left\" valign=\"middle\"><a href=\"http:\/\/maxillo.nantes-atlantique.fr\/wp-content\/uploads\/2013\/03\/Irrigation2.jpg\"><img loading=\"lazy\" decoding=\"async\" class=\"aligncenter\" src=\"https:\/\/maxillo.nantes-atlantique.fr\/wp-content\/uploads\/2013\/03\/Irrigation2.jpg\" alt=\"Irrigation2\" width=\"184\" height=\"122\" \/><\/a><\/td><\/tr><\/tbody><\/table><h5>exemple de cas :<\/h5><div id=\"ngg-slideshow-ce49be2a03bac50d363d7bb182a2375f-21284003250\" class=\"ngg-galleryoverview ngg-slideshow\" data-placeholder=\"http:\/\/maxillo.nantes-atlantique.fr\/wp-content\/plugins\/nextgen-gallery\/products\/photocrati_nextgen\/modules\/nextgen_basic_gallery\/static\/slideshow\/placeholder.gif\"><div id=\"ngg-image-1\" class=\"ngg-gallery-slideshow-image\"><img loading=\"lazy\" decoding=\"async\" class=\"aligncenter\" title=\"\" src=\"https:\/\/maxillo.nantes-atlantique.fr\/wp-content\/gallery\/2ingis_casll\/1.jpg\" alt=\"1\" width=\"320\" height=\"203\" data-image-id=\"67\" \/><\/div><\/div>\t\t\t\t\t\t<\/div>\n\t\t\t\t<\/div>\n\t\t\t\t\t<\/div>\n\t\t<\/div>\n\t\t\t\t\t<\/div>\n\t\t<\/section>\n\t\t<div class=\"elementor-element elementor-element-bdc157e e-flex e-con-boxed e-con e-parent\" data-id=\"bdc157e\" data-element_type=\"container\">\n\t\t\t\t\t<div class=\"e-con-inner\">\n\t\t\t\t<div class=\"elementor-element elementor-element-e799f5e elementor-widget elementor-widget-spacer\" data-id=\"e799f5e\" data-element_type=\"widget\" data-widget_type=\"spacer.default\">\n\t\t\t\t<div class=\"elementor-widget-container\">\n\t\t\t<style>\/*! elementor - v3.21.0 - 30-04-2024 *\/\n.elementor-column .elementor-spacer-inner{height:var(--spacer-size)}.e-con{--container-widget-width:100%}.e-con-inner>.elementor-widget-spacer,.e-con>.elementor-widget-spacer{width:var(--container-widget-width,var(--spacer-size));--align-self:var(--container-widget-align-self,initial);--flex-shrink:0}.e-con-inner>.elementor-widget-spacer>.elementor-widget-container,.e-con>.elementor-widget-spacer>.elementor-widget-container{height:100%;width:100%}.e-con-inner>.elementor-widget-spacer>.elementor-widget-container>.elementor-spacer,.e-con>.elementor-widget-spacer>.elementor-widget-container>.elementor-spacer{height:100%}.e-con-inner>.elementor-widget-spacer>.elementor-widget-container>.elementor-spacer>.elementor-spacer-inner,.e-con>.elementor-widget-spacer>.elementor-widget-container>.elementor-spacer>.elementor-spacer-inner{height:var(--container-widget-height,var(--spacer-size))}.e-con-inner>.elementor-widget-spacer.elementor-widget-empty,.e-con>.elementor-widget-spacer.elementor-widget-empty{position:relative;min-height:22px;min-width:22px}.e-con-inner>.elementor-widget-spacer.elementor-widget-empty .elementor-widget-empty-icon,.e-con>.elementor-widget-spacer.elementor-widget-empty .elementor-widget-empty-icon{position:absolute;top:0;bottom:0;left:0;right:0;margin:auto;padding:0;width:22px;height:22px}<\/style>\t\t<div class=\"elementor-spacer\">\n\t\t\t<div class=\"elementor-spacer-inner\"><\/div>\n\t\t<\/div>\n\t\t\t\t<\/div>\n\t\t\t\t<\/div>\n\t\t\t\t\t<\/div>\n\t\t\t\t<\/div>\n\t\t\t\t<\/div>\n\t\t","protected":false},"excerpt":{"rendered":"<p>Les guides 2ingis Les guides 2ingis\u00ae offrent de multiples avantages identiques aux guides con\u00e7u en 3D sur un logiciel de planification de pose d\u2019implants dentaires. Ils permettent ainsi une chirurgie rapide, pr\u00e9cise, sans lambeaux. Leur particularit\u00e9 est de guider la chirurgie non pas par la partie travaillante, mais par les guides lat\u00e9raux ; Guidage par&hellip;&nbsp;<a href=\"https:\/\/nantes-maxillo.com\/preprod\/les-guides-concus-par-ordinateurs\/\" class=\"\" rel=\"bookmark\">Lire la suite &raquo;<span class=\"screen-reader-text\">Les guides con\u00e7us par ordinateurs<\/span><\/a><\/p>\n","protected":false},"author":2,"featured_media":1165,"parent":0,"menu_order":0,"comment_status":"closed","ping_status":"closed","template":"page-templates\/template-pagebuilder-full-width.php","meta":{"neve_meta_sidebar":"","neve_meta_container":"","neve_meta_enable_content_width":"off","neve_meta_content_width":100,"neve_meta_title_alignment":"","neve_meta_author_avatar":"","neve_post_elements_order":"","neve_meta_disable_header":"","neve_meta_disable_footer":"","neve_meta_disable_title":"","_themeisle_gutenberg_block_has_review":false,"_ti_tpc_template_sync":false,"_ti_tpc_template_id":"","footnotes":""},"class_list":["post-968","page","type-page","status-publish","has-post-thumbnail","hentry"],"_links":{"self":[{"href":"https:\/\/nantes-maxillo.com\/preprod\/wp-json\/wp\/v2\/pages\/968","targetHints":{"allow":["GET"]}}],"collection":[{"href":"https:\/\/nantes-maxillo.com\/preprod\/wp-json\/wp\/v2\/pages"}],"about":[{"href":"https:\/\/nantes-maxillo.com\/preprod\/wp-json\/wp\/v2\/types\/page"}],"author":[{"embeddable":true,"href":"https:\/\/nantes-maxillo.com\/preprod\/wp-json\/wp\/v2\/users\/2"}],"replies":[{"embeddable":true,"href":"https:\/\/nantes-maxillo.com\/preprod\/wp-json\/wp\/v2\/comments?post=968"}],"version-history":[{"count":4,"href":"https:\/\/nantes-maxillo.com\/preprod\/wp-json\/wp\/v2\/pages\/968\/revisions"}],"predecessor-version":[{"id":5444,"href":"https:\/\/nantes-maxillo.com\/preprod\/wp-json\/wp\/v2\/pages\/968\/revisions\/5444"}],"wp:featuredmedia":[{"embeddable":true,"href":"https:\/\/nantes-maxillo.com\/preprod\/wp-json\/wp\/v2\/media\/1165"}],"wp:attachment":[{"href":"https:\/\/nantes-maxillo.com\/preprod\/wp-json\/wp\/v2\/media?parent=968"}],"curies":[{"name":"wp","href":"https:\/\/api.w.org\/{rel}","templated":true}]}}