{"id":941,"date":"2023-11-10T20:44:39","date_gmt":"2023-11-10T19:44:39","guid":{"rendered":"https:\/\/nantes-maxillo.com\/preprod\/?page_id=941"},"modified":"2024-05-07T16:01:38","modified_gmt":"2024-05-07T14:01:38","slug":"les-autogreffes","status":"publish","type":"page","link":"https:\/\/nantes-maxillo.com\/preprod\/les-autogreffes\/","title":{"rendered":"Les Autogreffes"},"content":{"rendered":"\t\t<div data-elementor-type=\"wp-page\" data-elementor-id=\"941\" class=\"elementor elementor-941\">\n\t\t\t\t\t\t<section class=\"elementor-section elementor-top-section elementor-element elementor-element-04988ef elementor-section-stretched elementor-section-boxed elementor-section-height-default elementor-section-height-default\" data-id=\"04988ef\" data-element_type=\"section\" data-settings=\"{&quot;stretch_section&quot;:&quot;section-stretched&quot;}\">\n\t\t\t\t\t\t<div class=\"elementor-container elementor-column-gap-default\">\n\t\t\t\t\t<div class=\"elementor-column elementor-col-100 elementor-top-column elementor-element elementor-element-59262df\" data-id=\"59262df\" data-element_type=\"column\">\n\t\t\t<div class=\"elementor-widget-wrap elementor-element-populated\">\n\t\t\t\t\t\t<div class=\"elementor-element elementor-element-8269a1b elementor-widget elementor-widget-text-editor\" data-id=\"8269a1b\" data-element_type=\"widget\" data-widget_type=\"text-editor.default\">\n\t\t\t\t<div class=\"elementor-widget-container\">\n\t\t\t<style>\/*! elementor - v3.21.0 - 30-04-2024 *\/\n.elementor-widget-text-editor.elementor-drop-cap-view-stacked .elementor-drop-cap{background-color:#69727d;color:#fff}.elementor-widget-text-editor.elementor-drop-cap-view-framed .elementor-drop-cap{color:#69727d;border:3px solid;background-color:transparent}.elementor-widget-text-editor:not(.elementor-drop-cap-view-default) .elementor-drop-cap{margin-top:8px}.elementor-widget-text-editor:not(.elementor-drop-cap-view-default) .elementor-drop-cap-letter{width:1em;height:1em}.elementor-widget-text-editor .elementor-drop-cap{float:left;text-align:center;line-height:1;font-size:50px}.elementor-widget-text-editor .elementor-drop-cap-letter{display:inline-block}<\/style>\t\t\t\t<h3>Les Autogreffes (greffes pr\u00e9lev\u00e9es en m\u00eame temps).<\/h3><p>Une autogreffe est une greffe d\u2019os pr\u00e9lev\u00e9 ailleurs (en arri\u00e8re des dents de sagesse, sur le menton, sur le cr\u00e2ne\u2026). C\u2019est sans doute avec ce type de greffe que l\u2019os est de meilleure qualit\u00e9.<span id=\"more-874\"><\/span><\/p><h3>O\u00f9 peut-on pr\u00e9lever de l\u2019os ?<\/h3><p>Plusieurs sites de pr\u00e9l\u00e8vement sont possibles, le choix du site d\u00e9pend de la quantit\u00e9 d\u2019os n\u00e9cessaire et est discut\u00e9 lors de la consultation avec le chirurgien.<\/p><ol><li value=\"1\">Pr\u00e9l\u00e8vement cr\u00e2nien\u00a0: une incision est pratiqu\u00e9e dans le cuir chevelu. Le pr\u00e9l\u00e8vement est effectu\u00e9 sur la couche osseuse superficielle de l\u2019os cr\u00e2nien respectant la couche profonde qui prot\u00e8ge le cerveau. Ce pr\u00e9l\u00e8vement est pratiquement indolore et laisse peu de cicatrice apparente, car elle est masqu\u00e9e dans les cheveux.<\/li><li value=\"2\">Pr\u00e9l\u00e8vement osseux iliaque : l\u2019incision est situ\u00e9e au niveau de la cr\u00eate iliaque (partie sup\u00e9rieure de la hanche, constituant la ceinture du bassin) et laisse une petite cicatrice. Ce pr\u00e9l\u00e8vement peut \u00eatre douloureux et g\u00eane la marche et la pratique du sport pendant une quinzaine de jours.<\/li><li value=\"3\">Pr\u00e9l\u00e8vement mandibulaire : il est r\u00e9alis\u00e9 au niveau de la m\u00e2choire inf\u00e9rieure soit dans la r\u00e9gion du menton soit au niveau de l\u2019angle des m\u00e2choires. L\u2019incision se situe au niveau de la gencive.<\/li><\/ol><h3>Les risques au niveau du site de pr\u00e9l\u00e8vement\u00a0:<\/h3><p>Le pr\u00e9l\u00e8vement osseux est une op\u00e9ration parfaitement r\u00e9gl\u00e9e et les complications sont exceptionnelles\u00a0:<\/p><ul><li>Pr\u00e9l\u00e8vement cr\u00e2nien\u00a0:<br \/>\u2013 risque d\u2019h\u00e9matome cr\u00e2nien qui pourra n\u00e9cessiter la r\u00e9alisation d\u2019un scanner en urgence en cas de signe clinique particulier et une \u00e9vacuation secondaire. Cette complication est rarissime,<br \/>\u2013 perforations accidentelles de la couche osseuse profonde. Un traitement adapt\u00e9 est alors imm\u00e9diatement appliqu\u00e9.<\/li><\/ul><ul><li>Pr\u00e9l\u00e8vement osseux iliaque<br \/>\u2013 risque d\u2019h\u00e9matome ou d\u2019infection (abc\u00e8s) qui pourra n\u00e9cessiter une \u00e9vacuation secondaire,<br \/>\u2013 douleurs chroniques du site de pr\u00e9l\u00e8vement, troubles de sensibilit\u00e9 de la cuisse.<\/li><\/ul><ul><li>Pr\u00e9l\u00e8vement mandibulaire<br \/>\u2013 risque d\u2019h\u00e9matome ou d\u2019infection (abc\u00e8s) qui pourra n\u00e9cessiter une \u00e9vacuation secondaire,<br \/>\u2013 des troubles de la sensibilit\u00e9 de la l\u00e8vre inf\u00e9rieure peuvent persister quelques semaines, ne justifiant pas de traitement compl\u00e9mentaire. Le risque d\u2019anesth\u00e9sie durable est exceptionnel de l\u2019ordre de 2 \u00e0 3%. Au del\u00e0 de deux ans d\u2019\u00e9volution, un trouble persistant de la sensibilit\u00e9 doit \u00eatre consid\u00e9r\u00e9 comme d\u00e9finitif,<br \/>\u2013 fracture irradi\u00e9e de la mandibule n\u00e9cessitant un traitement adapt\u00e9.<\/li><\/ul><h3>\u00a0Indications :<\/h3><p>Le pr\u00e9l\u00e8vement d\u2019os cr\u00e2nien permet de r\u00e9aliser toutes les reconstructions osseuses \u00e9tendues qu\u2019il s\u2019agisse d\u2019\u00e9paissir des cr\u00eates (apposition osseuse) et\/ou de combler des cavit\u00e9s sinusiennes.<\/p>\t\t\t\t\t\t<\/div>\n\t\t\t\t<\/div>\n\t\t\t\t\t<\/div>\n\t\t<\/div>\n\t\t\t\t\t<\/div>\n\t\t<\/section>\n\t\t<div class=\"elementor-element elementor-element-48f0072 e-flex e-con-boxed e-con e-parent\" data-id=\"48f0072\" data-element_type=\"container\">\n\t\t\t\t\t<div class=\"e-con-inner\">\n\t\t\t\t<div class=\"elementor-element elementor-element-ff6c50c elementor-widget elementor-widget-spacer\" data-id=\"ff6c50c\" data-element_type=\"widget\" data-widget_type=\"spacer.default\">\n\t\t\t\t<div class=\"elementor-widget-container\">\n\t\t\t<style>\/*! elementor - v3.21.0 - 30-04-2024 *\/\n.elementor-column .elementor-spacer-inner{height:var(--spacer-size)}.e-con{--container-widget-width:100%}.e-con-inner>.elementor-widget-spacer,.e-con>.elementor-widget-spacer{width:var(--container-widget-width,var(--spacer-size));--align-self:var(--container-widget-align-self,initial);--flex-shrink:0}.e-con-inner>.elementor-widget-spacer>.elementor-widget-container,.e-con>.elementor-widget-spacer>.elementor-widget-container{height:100%;width:100%}.e-con-inner>.elementor-widget-spacer>.elementor-widget-container>.elementor-spacer,.e-con>.elementor-widget-spacer>.elementor-widget-container>.elementor-spacer{height:100%}.e-con-inner>.elementor-widget-spacer>.elementor-widget-container>.elementor-spacer>.elementor-spacer-inner,.e-con>.elementor-widget-spacer>.elementor-widget-container>.elementor-spacer>.elementor-spacer-inner{height:var(--container-widget-height,var(--spacer-size))}.e-con-inner>.elementor-widget-spacer.elementor-widget-empty,.e-con>.elementor-widget-spacer.elementor-widget-empty{position:relative;min-height:22px;min-width:22px}.e-con-inner>.elementor-widget-spacer.elementor-widget-empty .elementor-widget-empty-icon,.e-con>.elementor-widget-spacer.elementor-widget-empty .elementor-widget-empty-icon{position:absolute;top:0;bottom:0;left:0;right:0;margin:auto;padding:0;width:22px;height:22px}<\/style>\t\t<div class=\"elementor-spacer\">\n\t\t\t<div class=\"elementor-spacer-inner\"><\/div>\n\t\t<\/div>\n\t\t\t\t<\/div>\n\t\t\t\t<\/div>\n\t\t\t\t\t<\/div>\n\t\t\t\t<\/div>\n\t\t\t\t<\/div>\n\t\t","protected":false},"excerpt":{"rendered":"<p>Les Autogreffes (greffes pr\u00e9lev\u00e9es en m\u00eame temps). Une autogreffe est une greffe d\u2019os pr\u00e9lev\u00e9 ailleurs (en arri\u00e8re des dents de sagesse, sur le menton, sur le cr\u00e2ne\u2026). C\u2019est sans doute avec ce type de greffe que l\u2019os est de meilleure qualit\u00e9. O\u00f9 peut-on pr\u00e9lever de l\u2019os ? Plusieurs sites de pr\u00e9l\u00e8vement sont possibles, le choix&hellip;&nbsp;<a href=\"https:\/\/nantes-maxillo.com\/preprod\/les-autogreffes\/\" class=\"\" rel=\"bookmark\">Lire la suite &raquo;<span class=\"screen-reader-text\">Les Autogreffes<\/span><\/a><\/p>\n","protected":false},"author":2,"featured_media":1165,"parent":0,"menu_order":0,"comment_status":"closed","ping_status":"closed","template":"page-templates\/template-pagebuilder-full-width.php","meta":{"neve_meta_sidebar":"","neve_meta_container":"","neve_meta_enable_content_width":"off","neve_meta_content_width":100,"neve_meta_title_alignment":"","neve_meta_author_avatar":"","neve_post_elements_order":"","neve_meta_disable_header":"","neve_meta_disable_footer":"","neve_meta_disable_title":"","_themeisle_gutenberg_block_has_review":false,"_ti_tpc_template_sync":false,"_ti_tpc_template_id":"","footnotes":""},"class_list":["post-941","page","type-page","status-publish","has-post-thumbnail","hentry"],"_links":{"self":[{"href":"https:\/\/nantes-maxillo.com\/preprod\/wp-json\/wp\/v2\/pages\/941","targetHints":{"allow":["GET"]}}],"collection":[{"href":"https:\/\/nantes-maxillo.com\/preprod\/wp-json\/wp\/v2\/pages"}],"about":[{"href":"https:\/\/nantes-maxillo.com\/preprod\/wp-json\/wp\/v2\/types\/page"}],"author":[{"embeddable":true,"href":"https:\/\/nantes-maxillo.com\/preprod\/wp-json\/wp\/v2\/users\/2"}],"replies":[{"embeddable":true,"href":"https:\/\/nantes-maxillo.com\/preprod\/wp-json\/wp\/v2\/comments?post=941"}],"version-history":[{"count":4,"href":"https:\/\/nantes-maxillo.com\/preprod\/wp-json\/wp\/v2\/pages\/941\/revisions"}],"predecessor-version":[{"id":5393,"href":"https:\/\/nantes-maxillo.com\/preprod\/wp-json\/wp\/v2\/pages\/941\/revisions\/5393"}],"wp:featuredmedia":[{"embeddable":true,"href":"https:\/\/nantes-maxillo.com\/preprod\/wp-json\/wp\/v2\/media\/1165"}],"wp:attachment":[{"href":"https:\/\/nantes-maxillo.com\/preprod\/wp-json\/wp\/v2\/media?parent=941"}],"curies":[{"name":"wp","href":"https:\/\/api.w.org\/{rel}","templated":true}]}}