{"id":908,"date":"2023-11-10T20:39:14","date_gmt":"2023-11-10T19:39:14","guid":{"rendered":"https:\/\/nantes-maxillo.com\/preprod\/?page_id=908"},"modified":"2024-05-07T15:47:42","modified_gmt":"2024-05-07T13:47:42","slug":"quest-ce-quun-implant-dentaire","status":"publish","type":"page","link":"https:\/\/nantes-maxillo.com\/preprod\/quest-ce-quun-implant-dentaire\/","title":{"rendered":"Qu\u2019est-ce qu\u2019un implant dentaire"},"content":{"rendered":"\t\t<div data-elementor-type=\"wp-page\" data-elementor-id=\"908\" class=\"elementor elementor-908\">\n\t\t\t\t\t\t<section class=\"elementor-section elementor-top-section elementor-element elementor-element-ceed999 elementor-section-stretched elementor-section-boxed elementor-section-height-default elementor-section-height-default\" data-id=\"ceed999\" data-element_type=\"section\" data-settings=\"{&quot;stretch_section&quot;:&quot;section-stretched&quot;}\">\n\t\t\t\t\t\t<div class=\"elementor-container elementor-column-gap-default\">\n\t\t\t\t\t<div class=\"elementor-column elementor-col-50 elementor-top-column elementor-element elementor-element-c7553d7\" data-id=\"c7553d7\" data-element_type=\"column\">\n\t\t\t<div class=\"elementor-widget-wrap elementor-element-populated\">\n\t\t\t\t\t\t<div class=\"elementor-element elementor-element-7447a8f elementor-widget elementor-widget-text-editor\" data-id=\"7447a8f\" data-element_type=\"widget\" data-widget_type=\"text-editor.default\">\n\t\t\t\t<div class=\"elementor-widget-container\">\n\t\t\t<style>\/*! elementor - v3.21.0 - 30-04-2024 *\/\n.elementor-widget-text-editor.elementor-drop-cap-view-stacked .elementor-drop-cap{background-color:#69727d;color:#fff}.elementor-widget-text-editor.elementor-drop-cap-view-framed .elementor-drop-cap{color:#69727d;border:3px solid;background-color:transparent}.elementor-widget-text-editor:not(.elementor-drop-cap-view-default) .elementor-drop-cap{margin-top:8px}.elementor-widget-text-editor:not(.elementor-drop-cap-view-default) .elementor-drop-cap-letter{width:1em;height:1em}.elementor-widget-text-editor .elementor-drop-cap{float:left;text-align:center;line-height:1;font-size:50px}.elementor-widget-text-editor .elementor-drop-cap-letter{display:inline-block}<\/style>\t\t\t\t<p>Implant dentaire = racine artificielle sur laquelle viendra se fixer le pilier pour tenir une couronne rempla\u00e7ant ainsi la dent perdue. Il s\u2019agit donc d\u2019une vis en titane ins\u00e9r\u00e9e dans l\u2019os, dans laquelle vient se fixer une autre vis pour tenir la partie proth\u00e9tique.<\/p><div class=\"Normal\"><h3 class=\"paragraph_style_2\">De quoi se compose un implant?<\/h3><p class=\"paragraph_style_3\">La r\u00e9alisation implantaire se compose de 2 parties :<\/p><ul><li class=\"full-width\"><p class=\"paragraph_style_5\"><span data-mce-mark=\"1\">\u00a0\u00a0<\/span>l\u2019<strong>implant<\/strong><span data-mce-mark=\"1\">\u00a0lui-m\u00eame. Sa taille est sensiblement identique \u00e0 celle d\u2019une racine naturelle. Le rev\u00eatement du titane permet l\u2019ost\u00e9oint\u00e9gration de l\u2019implant dentaire dans l\u2019os.<\/span><\/p><\/li><li class=\"full-width\"><p class=\"paragraph_style_5\">\u00a0 le\u00a0<strong>pilier<\/strong>\u00a0proth\u00e9tique interm\u00e9diaire sur lequel viendra se coller la\u00a0<strong>couronne<\/strong>. Le pilier peut \u00eatre directement viss\u00e9 \u00e0 travers la couronne, ou viss\u00e9 sans la couronne, puis elle vient se coller secondairement par dessus.<\/p><\/li><\/ul><p class=\"paragraph_style_7\">Le mat\u00e9riau qui le constitue est majoritairement du titane. Il s\u2019agit d\u2019un mat\u00e9riau biocompatible, et parfaitement bien tol\u00e9r\u00e9 par l\u2019organisme. Les proth\u00e8ses orthop\u00e9diques (hache, genou\u2026) et plaques d\u2019ost\u00e9osynth\u00e8se des fractures sont fabriqu\u00e9es dans les m\u00eame mat\u00e9riaux. Il n\u2019y a pas d\u2019allergie au Titane.<\/p><h3 class=\"paragraph_style_7\">Y-a-t-il souvent rejet d\u2019un implant?<\/h3><p class=\"paragraph_style_6\">L\u2019implant dentaire est fabriqu\u00e9 \u00e0 partir d\u2019un biomat\u00e9riau enti\u00e8rement accept\u00e9 par le corps humain : majoritairement, le titane. Toutes les \u00e9tudes ont prouv\u00e9 que c\u2019\u00e9tait le meilleur mat\u00e9riau, conciliant r\u00e9sistance et tol\u00e9rance.<br \/>Le pourcentage de r\u00e9ussite est sup\u00e9rieur \u00e0 95% \u00e0 condition de respecter parfaitement les indications.<\/p><p class=\"paragraph_style_6\">Il n\u2019y a donc pas \u00e0 proprement parl\u00e9 de \u00ab\u00a0rejet\u00a0\u00bb de l\u2019implant. Par contre, il peut arriver que l\u2019implant s\u2019infecter apr\u00e8s l\u2019intervention, et soit ainsi consid\u00e9r\u00e9 comme un corps \u00e9tranger par l\u2019os qui ne l\u2019int\u00e8gre pas. Il devient ainsi mobile, et doit \u00eatre retir\u00e9. C\u2019est ce qui explique les quelques pourcentages d\u2019\u00e9checs.<\/p><\/div><div class=\"wp-caption alignnone\">\u00a0<\/div><h3 class=\"paragraph_style_1\"><span class=\"style\" data-mce-mark=\"1\">Int\u00e9r\u00eats\u00a0<\/span>:<\/h3><ol><li class=\"full-width\"><p class=\"paragraph_style_8\">Supporte une proth\u00e8se (couronne\u2026.).<\/p><\/li><li class=\"full-width\"><p class=\"paragraph_style_8\">\u00c9vite<span data-mce-mark=\"1\">\u00a0de d\u00e9labrer les dents saines (dans le cas d\u2019un bridge).<\/span><\/p><\/li><li class=\"full-width\"><p class=\"paragraph_style_8\">Stabilise et am\u00e9liore la r\u00e9tention d\u2019une proth\u00e8se totale (bouton pression, barre de conjonction, aimants\u2026).<\/p><\/li><li class=\"full-width\"><p class=\"paragraph_style_8\">\u00c9vite<span data-mce-mark=\"1\">\u00a0la r\u00e9sorption osseuse apr\u00e8s les extractions dentaires.<\/span><\/p><\/li><\/ol><div class=\"paragraph paragraph_style_9\">\u00a0<\/div><h3 class=\"paragraph_style_1\">Contre-indications<\/h3><p class=\"paragraph_style_3\">Il faut \u00e9viter de se faire poser un implant dans les cas suivants :<\/p><ul><li class=\"paragraph_style_8\">Contre-indications relatives d\u2019ordre m\u00e9dical (certaines maladies : c\u0153ur, poumon, maladie parodontale, diab\u00e8te d\u00e9s\u00e9quilibr\u00e9, qualit\u00e9 osseuse, kyste\u2026).<\/li><li class=\"paragraph_style_8\">Contre-indications relatives d\u2019ordre m\u00e9dicamenteuse (prise de biphosphonates, d\u2019immunosuppresseurs\u2026)<\/li><li class=\"paragraph_style_8\">Contre-indications en rapport avec l\u2019hygi\u00e8ne de la vie (cigarette, hygi\u00e8ne dentaire).<\/li><li><span class=\"Puce\" data-mce-mark=\"1\">Contre-indications anatomiques:<\/span><ul><li>Espace entre deux dents insuffisant (\u00e0 cause du diam\u00e8tre de l\u2019implant).<\/li><li>Volume osseux insuffisant (insuffisance de hauteur sous le sinus au maxillaire qui peut n\u00e9cessiter un comblement du sinus, insuffisance de hauteur au dessus du nerf \u00e0 la mandibule qui peut n\u00e9cessiter une ost\u00e9otomie ou une greffe osseuse, ou insuffisance transversale qui peut n\u00e9cessiter, une expansion de la cr\u00eate osseuse, ou une greffe osseuse).<\/li><li>Hauteur pour r\u00e9aliser la proth\u00e8se insuffisante<\/li><\/ul><\/li><\/ul><h3 class=\"paragraph_style_11\">Intervention chirurgicale<\/h3><ul><li class=\"full-width\"><p class=\"paragraph_style_8\">L\u2019op\u00e9ration peut se r\u00e9aliser sous anesth\u00e9sie locale, ou sous anesth\u00e9sie locale potentialis\u00e9e par un s\u00e9datif (m\u00e9dicament diminuant l\u2019attention), ou sous anesth\u00e9sie g\u00e9n\u00e9rale (endormissement complet avec assistance respiratoire).<\/p><\/li><li class=\"full-width\"><p class=\"paragraph_style_8\">Sa dur\u00e9e peut varier en fonction de la complexit\u00e9 de l\u2019intervention (nombre d\u2019implants pos\u00e9s, n\u00e9cessit\u00e9 d\u2019une greffe osseuse en plus\u2026).<\/p><\/li><li class=\"full-width\">La douleur post-op\u00e9ratoire est mod\u00e9r\u00e9e s\u2019il n\u2019y a pas de greffe osseuse en m\u00eame temps.<\/li><\/ul><div class=\"paragraph paragraph_style_3\"><h3 class=\"paragraph_style_11\">\u00a0Conseils post-op\u00e9ratoires<\/h3><\/div><ul><li class=\"full-width\"><p class=\"paragraph_style_8\"><span data-mce-mark=\"1\">Ils sont les m\u00eames\u00a0<\/span>qu\u2019apr\u00e8s<span data-mce-mark=\"1\">\u00a0une\u00a0<a href=\"https:\/\/nantes-maxillo.com\/consignes-apres-une-chirurgie-de-la-bouche\">intervention de la bouche<\/a>.<\/span><\/p><\/li><li class=\"full-width\"><p class=\"paragraph_style_8\">Il est particuli\u00e8rement recommand\u00e9 de ne plus porter la proth\u00e8se dentaire qui risquerait d\u2019ab\u00eemer\u00a0la gencive au dessus de l\u2019implant, sauf si celle ci a \u00e9t\u00e9 adapt\u00e9e dans ce but.<\/p><\/li><li class=\"full-width\"><p class=\"paragraph_style_8\">Dans la plupart des cas, les fils sont r\u00e9sorbables, et il cependant consulter le chirurgien si des symptomes anormaux persistent au del\u00e0 du 5\u00b0 jour (douleurs, gonflement, mauvais go\u00fbt dans la bouche, mobilit\u00e9 d\u2019un pilier de cicatrisation\u2026).<\/p><\/li><\/ul>\t\t\t\t\t\t<\/div>\n\t\t\t\t<\/div>\n\t\t\t\t\t<\/div>\n\t\t<\/div>\n\t\t\t\t<div class=\"elementor-column elementor-col-50 elementor-top-column elementor-element elementor-element-93fc504\" data-id=\"93fc504\" data-element_type=\"column\">\n\t\t\t<div class=\"elementor-widget-wrap elementor-element-populated\">\n\t\t\t\t\t\t<div class=\"elementor-element elementor-element-727d052 elementor-arrows-position-inside elementor-pagination-position-outside elementor-widget elementor-widget-image-carousel\" data-id=\"727d052\" data-element_type=\"widget\" data-settings=\"{&quot;slides_to_show&quot;:&quot;1&quot;,&quot;navigation&quot;:&quot;both&quot;,&quot;autoplay&quot;:&quot;yes&quot;,&quot;pause_on_hover&quot;:&quot;yes&quot;,&quot;pause_on_interaction&quot;:&quot;yes&quot;,&quot;autoplay_speed&quot;:5000,&quot;infinite&quot;:&quot;yes&quot;,&quot;effect&quot;:&quot;slide&quot;,&quot;speed&quot;:500}\" data-widget_type=\"image-carousel.default\">\n\t\t\t\t<div class=\"elementor-widget-container\">\n\t\t\t<style>\/*! elementor - v3.21.0 - 30-04-2024 *\/\n.elementor-widget-image-carousel .swiper,.elementor-widget-image-carousel .swiper-container{position:static}.elementor-widget-image-carousel .swiper-container .swiper-slide figure,.elementor-widget-image-carousel .swiper .swiper-slide figure{line-height:inherit}.elementor-widget-image-carousel .swiper-slide{text-align:center}.elementor-image-carousel-wrapper:not(.swiper-container-initialized):not(.swiper-initialized) .swiper-slide{max-width:calc(100% \/ var(--e-image-carousel-slides-to-show, 3))}<\/style>\t\t<div class=\"elementor-image-carousel-wrapper swiper\" dir=\"ltr\">\n\t\t\t<div class=\"elementor-image-carousel swiper-wrapper\" aria-live=\"off\">\n\t\t\t\t\t\t\t\t<div class=\"swiper-slide\" role=\"group\" aria-roledescription=\"slide\" aria-label=\"1 sur 4\"><figure class=\"swiper-slide-inner\"><img decoding=\"async\" class=\"swiper-slide-image\" src=\"https:\/\/nantes-maxillo.com\/preprod\/wp-content\/uploads\/2024\/05\/SIB1-150x150.jpg\" alt=\"SIB1.jpg\" \/><\/figure><\/div><div class=\"swiper-slide\" role=\"group\" aria-roledescription=\"slide\" aria-label=\"2 sur 4\"><figure class=\"swiper-slide-inner\"><img decoding=\"async\" class=\"swiper-slide-image\" src=\"https:\/\/nantes-maxillo.com\/preprod\/wp-content\/uploads\/2024\/05\/SIB2-150x150.jpg\" alt=\"SIB2.jpg\" \/><\/figure><\/div><div class=\"swiper-slide\" role=\"group\" aria-roledescription=\"slide\" aria-label=\"3 sur 4\"><figure class=\"swiper-slide-inner\"><img decoding=\"async\" class=\"swiper-slide-image\" src=\"https:\/\/nantes-maxillo.com\/preprod\/wp-content\/uploads\/2024\/05\/SIB3-150x150.jpg\" alt=\"SIB3.jpg\" \/><\/figure><\/div><div class=\"swiper-slide\" role=\"group\" aria-roledescription=\"slide\" aria-label=\"4 sur 4\"><figure class=\"swiper-slide-inner\"><img decoding=\"async\" class=\"swiper-slide-image\" src=\"https:\/\/nantes-maxillo.com\/preprod\/wp-content\/uploads\/2024\/05\/SIB4-150x150.jpg\" alt=\"SIB4.jpg\" \/><\/figure><\/div>\t\t\t<\/div>\n\t\t\t\t\t\t\t\t\t\t\t\t<div class=\"elementor-swiper-button elementor-swiper-button-prev\" role=\"button\" tabindex=\"0\">\n\t\t\t\t\t\t<svg aria-hidden=\"true\" class=\"e-font-icon-svg e-eicon-chevron-left\" viewBox=\"0 0 1000 1000\" xmlns=\"http:\/\/www.w3.org\/2000\/svg\"><path d=\"M646 125C629 125 613 133 604 142L308 442C296 454 292 471 292 487 292 504 296 521 308 533L604 854C617 867 629 875 646 875 663 875 679 871 692 858 704 846 713 829 713 812 713 796 708 779 692 767L438 487 692 225C700 217 708 204 708 187 708 171 704 154 692 142 675 129 663 125 646 125Z\"><\/path><\/svg>\t\t\t\t\t<\/div>\n\t\t\t\t\t<div class=\"elementor-swiper-button elementor-swiper-button-next\" role=\"button\" tabindex=\"0\">\n\t\t\t\t\t\t<svg aria-hidden=\"true\" class=\"e-font-icon-svg e-eicon-chevron-right\" viewBox=\"0 0 1000 1000\" xmlns=\"http:\/\/www.w3.org\/2000\/svg\"><path d=\"M696 533C708 521 713 504 713 487 713 471 708 454 696 446L400 146C388 133 375 125 354 125 338 125 325 129 313 142 300 154 292 171 292 187 292 204 296 221 308 233L563 492 304 771C292 783 288 800 288 817 288 833 296 850 308 863 321 871 338 875 354 875 371 875 388 867 400 854L696 533Z\"><\/path><\/svg>\t\t\t\t\t<\/div>\n\t\t\t\t\n\t\t\t\t\t\t\t\t\t<div class=\"swiper-pagination\"><\/div>\n\t\t\t\t\t\t\t\t\t<\/div>\n\t\t\t\t<\/div>\n\t\t\t\t<\/div>\n\t\t\t\t<div class=\"elementor-element elementor-element-bc937ab elementor-widget elementor-widget-text-editor\" data-id=\"bc937ab\" data-element_type=\"widget\" data-widget_type=\"text-editor.default\">\n\t\t\t\t<div class=\"elementor-widget-container\">\n\t\t\t\t\t\t\t<div class=\"wpb_text_column wpb_content_element \"><div class=\"wpb_wrapper\"><p>Une dent manquante:<\/p><\/div><\/div><div class=\"wpb_single_image wpb_content_element vc_align_center\"><figure class=\"wpb_wrapper vc_figure\"><div class=\"vc_single_image-wrapper   vc_box_border_grey\"><img decoding=\"async\" class=\"vc_single_image-img attachment-large\" src=\"https:\/\/nantes-maxillo.com\/wp-content\/uploads\/2016\/12\/SIB1.jpg\" alt=\"implant dentaire\" width=\"178\" height=\"172\" \/><\/div><\/figure><\/div><div class=\"wpb_text_column wpb_content_element  vc_custom_1482009629057\"><div class=\"wpb_wrapper\"><p style=\"text-align: center;\">l\u2019implant remplace la dent sans toucher aux dents voisines<\/p><\/div><\/div><div class=\"vc_empty_space\">\u00a0<\/div><div>Mise en place d\u2019un implant \u00e0 la place de la racine:<\/div><div class=\"wpb_single_image wpb_content_element vc_align_center\"><figure class=\"wpb_wrapper vc_figure\"><div class=\"vc_single_image-wrapper   vc_box_border_grey\"><img decoding=\"async\" class=\"vc_single_image-img \" title=\"sib2\" src=\"https:\/\/nantes-maxillo.com\/wp-content\/uploads\/2016\/12\/SIB2-150x150.jpg\" alt=\"implant dentaire\" width=\"150\" height=\"150\" \/><\/div><\/figure><\/div><div class=\"wpb_text_column wpb_content_element  vc_custom_1482011543467\"><div class=\"wpb_wrapper\"><p style=\"text-align: center;\">l\u2019implant remplace la dent sans toucher aux dents voisines<\/p><\/div><\/div><div>\u00a0<\/div><div class=\"vc_empty_space\">Le pilier sert \u00e0 fixer la proth\u00e8se (couronne):<\/div><div class=\"wpb_single_image wpb_content_element vc_align_center\"><figure class=\"wpb_wrapper vc_figure\"><div class=\"vc_single_image-wrapper   vc_box_border_grey\"><img decoding=\"async\" class=\"vc_single_image-img attachment-thumbnail\" src=\"https:\/\/nantes-maxillo.com\/wp-content\/uploads\/2016\/12\/SIB3-150x150.jpg\" alt=\"implant dentaire\" width=\"150\" height=\"150\" \/><\/div><\/figure><\/div><div class=\"wpb_text_column wpb_content_element  vc_custom_1482009780953\"><div class=\"wpb_wrapper\"><p style=\"text-align: center;\">il prend la place de la racine de la dent manquante<\/p><\/div><\/div><div>\u00a0<\/div><div class=\"vc_empty_space\">La dent ressemble aux autres:<\/div><div class=\"wpb_single_image wpb_content_element vc_align_center\"><figure class=\"wpb_wrapper vc_figure\"><div class=\"vc_single_image-wrapper   vc_box_border_grey\"><img loading=\"lazy\" decoding=\"async\" class=\"vc_single_image-img attachment-thumbnail\" src=\"https:\/\/nantes-maxillo.com\/wp-content\/uploads\/2016\/12\/SIB4-150x150.jpg\" alt=\"implant dentaire\" width=\"150\" height=\"150\" \/><\/div><\/figure><\/div><div class=\"wpb_text_column wpb_content_element  vc_custom_1482009821443\"><div class=\"wpb_wrapper\"><p style=\"text-align: center;\">la couronne est ensuite fix\u00e9e \u00e0 l\u2019ensemble, pour une restauration esth\u00e9tique et fonctionnelle<\/p><\/div><\/div>\t\t\t\t\t\t<\/div>\n\t\t\t\t<\/div>\n\t\t\t\t\t<\/div>\n\t\t<\/div>\n\t\t\t\t\t<\/div>\n\t\t<\/section>\n\t\t<div class=\"elementor-element elementor-element-83d9149 e-flex e-con-boxed e-con e-parent\" data-id=\"83d9149\" data-element_type=\"container\">\n\t\t\t\t\t<div class=\"e-con-inner\">\n\t\t\t\t<div class=\"elementor-element elementor-element-b13d383 elementor-widget elementor-widget-spacer\" data-id=\"b13d383\" data-element_type=\"widget\" data-widget_type=\"spacer.default\">\n\t\t\t\t<div class=\"elementor-widget-container\">\n\t\t\t<style>\/*! elementor - v3.21.0 - 30-04-2024 *\/\n.elementor-column .elementor-spacer-inner{height:var(--spacer-size)}.e-con{--container-widget-width:100%}.e-con-inner>.elementor-widget-spacer,.e-con>.elementor-widget-spacer{width:var(--container-widget-width,var(--spacer-size));--align-self:var(--container-widget-align-self,initial);--flex-shrink:0}.e-con-inner>.elementor-widget-spacer>.elementor-widget-container,.e-con>.elementor-widget-spacer>.elementor-widget-container{height:100%;width:100%}.e-con-inner>.elementor-widget-spacer>.elementor-widget-container>.elementor-spacer,.e-con>.elementor-widget-spacer>.elementor-widget-container>.elementor-spacer{height:100%}.e-con-inner>.elementor-widget-spacer>.elementor-widget-container>.elementor-spacer>.elementor-spacer-inner,.e-con>.elementor-widget-spacer>.elementor-widget-container>.elementor-spacer>.elementor-spacer-inner{height:var(--container-widget-height,var(--spacer-size))}.e-con-inner>.elementor-widget-spacer.elementor-widget-empty,.e-con>.elementor-widget-spacer.elementor-widget-empty{position:relative;min-height:22px;min-width:22px}.e-con-inner>.elementor-widget-spacer.elementor-widget-empty .elementor-widget-empty-icon,.e-con>.elementor-widget-spacer.elementor-widget-empty .elementor-widget-empty-icon{position:absolute;top:0;bottom:0;left:0;right:0;margin:auto;padding:0;width:22px;height:22px}<\/style>\t\t<div class=\"elementor-spacer\">\n\t\t\t<div class=\"elementor-spacer-inner\"><\/div>\n\t\t<\/div>\n\t\t\t\t<\/div>\n\t\t\t\t<\/div>\n\t\t\t\t\t<\/div>\n\t\t\t\t<\/div>\n\t\t\t\t<\/div>\n\t\t","protected":false},"excerpt":{"rendered":"<p>Implant dentaire = racine artificielle sur laquelle viendra se fixer le pilier pour tenir une couronne rempla\u00e7ant ainsi la dent perdue. Il s\u2019agit donc d\u2019une vis en titane ins\u00e9r\u00e9e dans l\u2019os, dans laquelle vient se fixer une autre vis pour tenir la partie proth\u00e9tique. De quoi se compose un implant? La r\u00e9alisation implantaire se compose&hellip;&nbsp;<a href=\"https:\/\/nantes-maxillo.com\/preprod\/quest-ce-quun-implant-dentaire\/\" class=\"\" rel=\"bookmark\">Lire la suite &raquo;<span class=\"screen-reader-text\">Qu\u2019est-ce qu\u2019un implant dentaire<\/span><\/a><\/p>\n","protected":false},"author":2,"featured_media":1165,"parent":0,"menu_order":0,"comment_status":"closed","ping_status":"closed","template":"page-templates\/template-pagebuilder-full-width.php","meta":{"neve_meta_sidebar":"","neve_meta_container":"","neve_meta_enable_content_width":"off","neve_meta_content_width":100,"neve_meta_title_alignment":"","neve_meta_author_avatar":"","neve_post_elements_order":"","neve_meta_disable_header":"","neve_meta_disable_footer":"","neve_meta_disable_title":"","_themeisle_gutenberg_block_has_review":false,"_ti_tpc_template_sync":false,"_ti_tpc_template_id":"","footnotes":""},"class_list":["post-908","page","type-page","status-publish","has-post-thumbnail","hentry"],"_links":{"self":[{"href":"https:\/\/nantes-maxillo.com\/preprod\/wp-json\/wp\/v2\/pages\/908","targetHints":{"allow":["GET"]}}],"collection":[{"href":"https:\/\/nantes-maxillo.com\/preprod\/wp-json\/wp\/v2\/pages"}],"about":[{"href":"https:\/\/nantes-maxillo.com\/preprod\/wp-json\/wp\/v2\/types\/page"}],"author":[{"embeddable":true,"href":"https:\/\/nantes-maxillo.com\/preprod\/wp-json\/wp\/v2\/users\/2"}],"replies":[{"embeddable":true,"href":"https:\/\/nantes-maxillo.com\/preprod\/wp-json\/wp\/v2\/comments?post=908"}],"version-history":[{"count":4,"href":"https:\/\/nantes-maxillo.com\/preprod\/wp-json\/wp\/v2\/pages\/908\/revisions"}],"predecessor-version":[{"id":5374,"href":"https:\/\/nantes-maxillo.com\/preprod\/wp-json\/wp\/v2\/pages\/908\/revisions\/5374"}],"wp:featuredmedia":[{"embeddable":true,"href":"https:\/\/nantes-maxillo.com\/preprod\/wp-json\/wp\/v2\/media\/1165"}],"wp:attachment":[{"href":"https:\/\/nantes-maxillo.com\/preprod\/wp-json\/wp\/v2\/media?parent=908"}],"curies":[{"name":"wp","href":"https:\/\/api.w.org\/{rel}","templated":true}]}}