{"id":904,"date":"2023-11-10T20:38:34","date_gmt":"2023-11-10T19:38:34","guid":{"rendered":"https:\/\/nantes-maxillo.com\/preprod\/?page_id=904"},"modified":"2024-05-07T15:45:40","modified_gmt":"2024-05-07T13:45:40","slug":"que-dois-je-savoir-sur-les-biphosphonates","status":"publish","type":"page","link":"https:\/\/nantes-maxillo.com\/preprod\/que-dois-je-savoir-sur-les-biphosphonates\/","title":{"rendered":"Que dois-je savoir sur les Biphosphonates ?"},"content":{"rendered":"\t\t<div data-elementor-type=\"wp-page\" data-elementor-id=\"904\" class=\"elementor elementor-904\">\n\t\t\t\t\t\t<section class=\"elementor-section elementor-top-section elementor-element elementor-element-2c1f202 elementor-section-stretched elementor-section-boxed elementor-section-height-default elementor-section-height-default\" data-id=\"2c1f202\" data-element_type=\"section\" data-settings=\"{&quot;stretch_section&quot;:&quot;section-stretched&quot;}\">\n\t\t\t\t\t\t<div class=\"elementor-container elementor-column-gap-default\">\n\t\t\t\t\t<div class=\"elementor-column elementor-col-100 elementor-top-column elementor-element elementor-element-6184195\" data-id=\"6184195\" data-element_type=\"column\">\n\t\t\t<div class=\"elementor-widget-wrap elementor-element-populated\">\n\t\t\t\t\t\t<div class=\"elementor-element elementor-element-e349a15 elementor-widget elementor-widget-text-editor\" data-id=\"e349a15\" data-element_type=\"widget\" data-widget_type=\"text-editor.default\">\n\t\t\t\t<div class=\"elementor-widget-container\">\n\t\t\t<style>\/*! elementor - v3.21.0 - 30-04-2024 *\/\n.elementor-widget-text-editor.elementor-drop-cap-view-stacked .elementor-drop-cap{background-color:#69727d;color:#fff}.elementor-widget-text-editor.elementor-drop-cap-view-framed .elementor-drop-cap{color:#69727d;border:3px solid;background-color:transparent}.elementor-widget-text-editor:not(.elementor-drop-cap-view-default) .elementor-drop-cap{margin-top:8px}.elementor-widget-text-editor:not(.elementor-drop-cap-view-default) .elementor-drop-cap-letter{width:1em;height:1em}.elementor-widget-text-editor .elementor-drop-cap{float:left;text-align:center;line-height:1;font-size:50px}.elementor-widget-text-editor .elementor-drop-cap-letter{display:inline-block}<\/style>\t\t\t\t<h4>Vous allez recevoir un traitement par Biphosphonates* (BP), ou vous e\u0302tes traite\u0301s par Biphosphonates et devez subir un geste chirurgical oral (par exemple, une extraction dentaire)<\/h4><p>Il est important que vous connaissiez dans ces deux cas, ce qu\u2019il est recommande\u0301 de faire afin de re\u0301duire le risque de survenue d\u2019une ne\u0301crose de l\u2019os de la ma\u0302choire (ONM). Cette fiche a \u00e9t\u00e9 r\u00e9dig\u00e9e par la Soci\u00e9t\u00e9 Fran\u00e7aise de Chirurgie Maxillo-faciale et de Chirurgie Orale en juillet 2013.<\/p><p><span id=\"more-1133\"><\/span>L\u2019Ost\u00e9oN\u00e9crose des M\u00e2choires (ONM) est une complication de la prise de biphosphonates. Il s\u2019agit de complications osseuses le plus souvent infectieuses localis\u00e9es \u00e0 l\u2019os autour des dents et des m\u00e2choires. Il existe des formes localis\u00e9es, ou plus \u00e9tendues. La connaissance de cette complication n\u00e9cessite quelques r\u00e8gles;<\/p><h3>Quel est le risque de survenue d\u2019une\u00a0Ost\u00e9oN\u00e9crose des M\u00e2choires ?<\/h3><p><a href=\"http:\/\/maxillo.nantes-atlantique.fr\/wp-content\/uploads\/2013\/09\/comprime.jpg\"><img fetchpriority=\"high\" decoding=\"async\" class=\"size-full wp-image-1136 aligncenter\" src=\"https:\/\/maxillo.nantes-atlantique.fr\/wp-content\/uploads\/2013\/09\/comprime.jpg\" alt=\"comprime\" width=\"800\" height=\"498\" \/><\/a>Le risque de survenue d\u2019une ONM est faible. Toutefois, il peut e\u0302tre le\u0301ge\u0300rement augmente\u0301 par le type de me\u0301dicament prescrit, sa dure\u0301e de prescription et par d\u2019autres proble\u0300mes me\u0301dicaux associe\u0301s. Il est donc important de pre\u0301ciser a\u0300 votre dentiste, votre stomatologue ou votre chirurgien maxillofacial quels sont vos proble\u0300mes de sante\u0301 et vos traitements me\u0301dicamenteux afin qu\u2019il puisse e\u0301valuer ce risque.<\/p><h3>Que dois-je faire pour r\u00e9duire ce risque ?<\/h3><p>Que ce soit AVANT de d\u00e9buter un traitement par biphosphonates, ou DURANT mon traitement, il est pr\u00e9f\u00e9rable d\u2019avoir un e\u0301tat dentaire sain (absence de caries, d\u2019infection, de maladie parodontale ou de blessure par une prothe\u0300se), ce qui re\u0301duit conside\u0301rablement le risque de survenue d\u2019ONM.<\/p><h3>AVANT de d\u00e9marrer le traitement par biphosphonates :<\/h3><p>il est important de consulter un professionnel de la cavite\u0301 orale pour faire un bilan bucco-dentaire et recevoir les soins approprie\u0301s : de\u0301tartrage, soins de caries, extractions dentaires.<\/p><p>La consultation doit avoir lieu avant de d\u00e9buter le traitement, ou au tout de\u0301but du traitement si le me\u0301decin prescripteur des BP estime que le traitement par BP ne peut e\u0302tre reporte\u0301.<\/p><h3>Durant tout le traitement par biphosphonates :<\/h3><p>Un suivi bucco-dentaire pe\u0301riodique et des mesures d\u2019hygie\u0300ne rigoureuses sont indispensables pour re\u0301duire au maximum ce risque.<br \/>L\u2019arre\u0302t du tabac, la limitation des apports alimentaires sucre\u0301s et alcoolise\u0301s sont conseille\u0301s.<\/p><h3>Je dois subir un geste chirurgical bucco-dentaire, quel est le risque ?<\/h3><p>Le risque de survenue d\u2019une ONM est quasiment inexistant pour la plupart des soins dentaires courants (de\u0301tartrage, soins de caries, traitement endodontique). Il peut e\u0302tre toutefois le\u0301ge\u0300rement augmente\u0301 par un geste chirurgical (une extraction). Dans ces cas, le spe\u0301cialiste amene\u0301 a\u0300 pratiquer ce geste, sait qu\u2019il doit avoir recours a\u0300 des protocoles et des techniques spe\u0301cifiques pour minimiser ce risque. Apre\u0300s l\u2019extraction dentaire, un suivi est indispensable jusqu\u2019a\u0300 cicatrisation muqueuse et osseuse comple\u0300te.<\/p><p>Si vous e\u0302tes amene\u0301(e) a\u0300 be\u0301ne\u0301ficier d\u2019un geste osseux plus important (re\u0301section osseuse, re\u0301duction oste\u0301osynthe\u0300se d\u2019une fracture, oste\u0301otomie, prothe\u0300se osseuse) sur vos ma\u0302choires, vos sinus, vous devez impe\u0301rativement signaler au chirurgien qui vous prendra en charge que vous be\u0301ne\u0301ficiez d\u2019un traitement par BP : cette information peut modifier l\u2019e\u0301valuation de l\u2019indication ope\u0301ratoire, la technique utilise\u0301e et les pre\u0301cautions d\u2019usage a\u0300 respecter.<\/p><h3>Dois-je interrompre mon traitement ?<\/h3><p>L\u2019arre\u0302t potentiel du traitement ou son adaptation, ainsi que ses conse\u0301quences sur la sante\u0301 doivent e\u0302tre discute\u0301s avec le me\u0301decin traitant prescripteur des BP.<\/p><h3>Quels sont les signes qui doivent m\u2019alerter et me conduire a\u0300 consulter ?<\/h3><p>Vous devez contacter le professionnel de la cavite\u0301 orale ou votre (vos) me\u0301decin(s) en pre\u0301sence des signes suivants : dent mobile, inflammation de la muqueuse gingivale (douleur, tume\u0301faction, chaleur, rougeur), mauvaise odeur dans la bouche, impression d\u2019e\u0301pine osseuse.<\/p><p>* Les\u00a0<b>bisphosphonates<\/b>, ou\u00a0<b>diphosphonates<\/b>, sont des mol\u00e9cules indiqu\u00e9es dans le traitement de l\u2019<a title=\"Ost\u00e9oporose\" href=\"http:\/\/fr.wikipedia.org\/wiki\/Ost%C3%A9oporose\">ost\u00e9oporose<\/a>\u00a0et dans certains cas de\u00a0<a title=\"M\u00e9tastase (m\u00e9decine)\" href=\"http:\/\/fr.wikipedia.org\/wiki\/M%C3%A9tastase_%28m%C3%A9decine%29\">m\u00e9tastases<\/a>\u00a0osseuses.<\/p>\t\t\t\t\t\t<\/div>\n\t\t\t\t<\/div>\n\t\t\t\t\t<\/div>\n\t\t<\/div>\n\t\t\t\t\t<\/div>\n\t\t<\/section>\n\t\t<div class=\"elementor-element elementor-element-e21458c e-flex e-con-boxed e-con e-parent\" data-id=\"e21458c\" data-element_type=\"container\">\n\t\t\t\t\t<div class=\"e-con-inner\">\n\t\t\t\t<div class=\"elementor-element elementor-element-c94795b elementor-widget elementor-widget-spacer\" data-id=\"c94795b\" data-element_type=\"widget\" data-widget_type=\"spacer.default\">\n\t\t\t\t<div class=\"elementor-widget-container\">\n\t\t\t<style>\/*! elementor - v3.21.0 - 30-04-2024 *\/\n.elementor-column .elementor-spacer-inner{height:var(--spacer-size)}.e-con{--container-widget-width:100%}.e-con-inner>.elementor-widget-spacer,.e-con>.elementor-widget-spacer{width:var(--container-widget-width,var(--spacer-size));--align-self:var(--container-widget-align-self,initial);--flex-shrink:0}.e-con-inner>.elementor-widget-spacer>.elementor-widget-container,.e-con>.elementor-widget-spacer>.elementor-widget-container{height:100%;width:100%}.e-con-inner>.elementor-widget-spacer>.elementor-widget-container>.elementor-spacer,.e-con>.elementor-widget-spacer>.elementor-widget-container>.elementor-spacer{height:100%}.e-con-inner>.elementor-widget-spacer>.elementor-widget-container>.elementor-spacer>.elementor-spacer-inner,.e-con>.elementor-widget-spacer>.elementor-widget-container>.elementor-spacer>.elementor-spacer-inner{height:var(--container-widget-height,var(--spacer-size))}.e-con-inner>.elementor-widget-spacer.elementor-widget-empty,.e-con>.elementor-widget-spacer.elementor-widget-empty{position:relative;min-height:22px;min-width:22px}.e-con-inner>.elementor-widget-spacer.elementor-widget-empty .elementor-widget-empty-icon,.e-con>.elementor-widget-spacer.elementor-widget-empty .elementor-widget-empty-icon{position:absolute;top:0;bottom:0;left:0;right:0;margin:auto;padding:0;width:22px;height:22px}<\/style>\t\t<div class=\"elementor-spacer\">\n\t\t\t<div class=\"elementor-spacer-inner\"><\/div>\n\t\t<\/div>\n\t\t\t\t<\/div>\n\t\t\t\t<\/div>\n\t\t\t\t\t<\/div>\n\t\t\t\t<\/div>\n\t\t\t\t<\/div>\n\t\t","protected":false},"excerpt":{"rendered":"<p>Vous allez recevoir un traitement par Biphosphonates* (BP), ou vous e\u0302tes traite\u0301s par Biphosphonates et devez subir un geste chirurgical oral (par exemple, une extraction dentaire) Il est important que vous connaissiez dans ces deux cas, ce qu\u2019il est recommande\u0301 de faire afin de re\u0301duire le risque de survenue d\u2019une ne\u0301crose de l\u2019os de la&hellip;&nbsp;<a href=\"https:\/\/nantes-maxillo.com\/preprod\/que-dois-je-savoir-sur-les-biphosphonates\/\" class=\"\" rel=\"bookmark\">Lire la suite &raquo;<span class=\"screen-reader-text\">Que dois-je savoir sur les Biphosphonates ?<\/span><\/a><\/p>\n","protected":false},"author":2,"featured_media":1165,"parent":0,"menu_order":0,"comment_status":"closed","ping_status":"closed","template":"page-templates\/template-pagebuilder-full-width.php","meta":{"neve_meta_sidebar":"","neve_meta_container":"","neve_meta_enable_content_width":"off","neve_meta_content_width":100,"neve_meta_title_alignment":"","neve_meta_author_avatar":"","neve_post_elements_order":"","neve_meta_disable_header":"","neve_meta_disable_footer":"","neve_meta_disable_title":"","_themeisle_gutenberg_block_has_review":false,"_ti_tpc_template_sync":false,"_ti_tpc_template_id":"","footnotes":""},"class_list":["post-904","page","type-page","status-publish","has-post-thumbnail","hentry"],"_links":{"self":[{"href":"https:\/\/nantes-maxillo.com\/preprod\/wp-json\/wp\/v2\/pages\/904","targetHints":{"allow":["GET"]}}],"collection":[{"href":"https:\/\/nantes-maxillo.com\/preprod\/wp-json\/wp\/v2\/pages"}],"about":[{"href":"https:\/\/nantes-maxillo.com\/preprod\/wp-json\/wp\/v2\/types\/page"}],"author":[{"embeddable":true,"href":"https:\/\/nantes-maxillo.com\/preprod\/wp-json\/wp\/v2\/users\/2"}],"replies":[{"embeddable":true,"href":"https:\/\/nantes-maxillo.com\/preprod\/wp-json\/wp\/v2\/comments?post=904"}],"version-history":[{"count":4,"href":"https:\/\/nantes-maxillo.com\/preprod\/wp-json\/wp\/v2\/pages\/904\/revisions"}],"predecessor-version":[{"id":5367,"href":"https:\/\/nantes-maxillo.com\/preprod\/wp-json\/wp\/v2\/pages\/904\/revisions\/5367"}],"wp:featuredmedia":[{"embeddable":true,"href":"https:\/\/nantes-maxillo.com\/preprod\/wp-json\/wp\/v2\/media\/1165"}],"wp:attachment":[{"href":"https:\/\/nantes-maxillo.com\/preprod\/wp-json\/wp\/v2\/media?parent=904"}],"curies":[{"name":"wp","href":"https:\/\/api.w.org\/{rel}","templated":true}]}}