{"id":833,"date":"2023-11-09T19:32:10","date_gmt":"2023-11-09T18:32:10","guid":{"rendered":"https:\/\/nantes-maxillo.com\/preprod\/?page_id=833"},"modified":"2024-05-07T12:49:21","modified_gmt":"2024-05-07T10:49:21","slug":"la-disjonction-maxillaire-ou-mandibulaire","status":"publish","type":"page","link":"https:\/\/nantes-maxillo.com\/preprod\/la-disjonction-maxillaire-ou-mandibulaire\/","title":{"rendered":"La disjonction maxillaire ou mandibulaire"},"content":{"rendered":"\t\t<div data-elementor-type=\"wp-page\" data-elementor-id=\"833\" class=\"elementor elementor-833\">\n\t\t\t\t<div class=\"elementor-element elementor-element-1672981 e-flex e-con-boxed e-con e-parent\" data-id=\"1672981\" data-element_type=\"container\">\n\t\t\t\t\t<div class=\"e-con-inner\">\n\t\t\t\t<div class=\"elementor-element elementor-element-f2bf34f elementor-widget elementor-widget-text-editor\" data-id=\"f2bf34f\" data-element_type=\"widget\" data-widget_type=\"text-editor.default\">\n\t\t\t\t<div class=\"elementor-widget-container\">\n\t\t\t<style>\/*! elementor - v3.21.0 - 30-04-2024 *\/\n.elementor-widget-text-editor.elementor-drop-cap-view-stacked .elementor-drop-cap{background-color:#69727d;color:#fff}.elementor-widget-text-editor.elementor-drop-cap-view-framed .elementor-drop-cap{color:#69727d;border:3px solid;background-color:transparent}.elementor-widget-text-editor:not(.elementor-drop-cap-view-default) .elementor-drop-cap{margin-top:8px}.elementor-widget-text-editor:not(.elementor-drop-cap-view-default) .elementor-drop-cap-letter{width:1em;height:1em}.elementor-widget-text-editor .elementor-drop-cap{float:left;text-align:center;line-height:1;font-size:50px}.elementor-widget-text-editor .elementor-drop-cap-letter{display:inline-block}<\/style>\t\t\t\t<p style=\"text-align: justify;\">Parfois la m\u00e2choire est trop \u00e9troite. Cela entra\u00eene un mauvais contact entre les dents des\u00a0m\u00e2choires\u00a0sup\u00e9rieures et inf\u00e9rieures.<\/p><p style=\"text-align: justify;\"><img decoding=\"async\" class=\"alignleft\" src=\"http:\/\/maxillo.nantes-atlantique.fr\/wp-content\/uploads\/2013\/01\/trans_GNE_mod.jpg\" alt=\"trans_GNE_mod\" width=\"132\" height=\"114\" \/>Quand la croissance est termin\u00e9e, il est n\u00e9cessaire d\u2019associer un traitement \u00e0 l\u2019aide d\u2019un disjoncteur avec un acte chirurgical.<img decoding=\"async\" class=\"alignright\" src=\"http:\/\/maxillo.nantes-atlantique.fr\/wp-content\/uploads\/2013\/01\/trans_ormco_rpe1.gif\" alt=\"trans_ormco_rpe1\" width=\"122\" height=\"114\" \/> La chirurgie consiste \u00e0 cr\u00e9er une fente dans l&rsquo;os, puis l&rsquo;appareil \u00e9cartera tous les jours la fente afin qu&rsquo;elle soit combl\u00e9e par de l&rsquo;os. Au niveau du maxillaire, l&rsquo;appareil se situe au niveau du palais. Au niveau de la mandibule, en arri\u00e8re des dents du bas.<\/p>\t\t\t\t\t\t<\/div>\n\t\t\t\t<\/div>\n\t\t\t\t\t<\/div>\n\t\t\t\t<\/div>\n\t\t<div class=\"elementor-element elementor-element-c3aad95 e-flex e-con-boxed e-con e-parent\" data-id=\"c3aad95\" data-element_type=\"container\">\n\t\t\t\t\t<div class=\"e-con-inner\">\n\t\t<div class=\"elementor-element elementor-element-8336196 e-con-full e-flex e-con e-child\" data-id=\"8336196\" data-element_type=\"container\">\n\t\t\t\t<div class=\"elementor-element elementor-element-d278dd4 elementor-widget elementor-widget-image\" data-id=\"d278dd4\" data-element_type=\"widget\" data-widget_type=\"image.default\">\n\t\t\t\t<div class=\"elementor-widget-container\">\n\t\t\t<style>\/*! elementor - v3.21.0 - 30-04-2024 *\/\n.elementor-widget-image{text-align:center}.elementor-widget-image a{display:inline-block}.elementor-widget-image a img[src$=\".svg\"]{width:48px}.elementor-widget-image img{vertical-align:middle;display:inline-block}<\/style>\t\t\t\t\t\t\t\t\t\t<img fetchpriority=\"high\" decoding=\"async\" width=\"275\" height=\"183\" src=\"https:\/\/nantes-maxillo.com\/preprod\/wp-content\/uploads\/2024\/05\/disjoncteur-palais.jpg\" class=\"attachment-large size-large wp-image-5226\" alt=\"\" \/>\t\t\t\t\t\t\t\t\t\t\t\t\t<\/div>\n\t\t\t\t<\/div>\n\t\t\t\t<\/div>\n\t\t<div class=\"elementor-element elementor-element-7d9f087 e-con-full e-flex e-con e-child\" data-id=\"7d9f087\" data-element_type=\"container\">\n\t\t\t\t<div class=\"elementor-element elementor-element-2a20611 elementor-widget elementor-widget-text-editor\" data-id=\"2a20611\" data-element_type=\"widget\" data-widget_type=\"text-editor.default\">\n\t\t\t\t<div class=\"elementor-widget-container\">\n\t\t\t\t\t\t\t<p style=\"text-align: justify;\"><span style=\"text-decoration: underline;\">Pr\u00e9paration<\/span> :<br \/>l\u2019orthodontiste met l\u2019appareil en place quelques jours avant l\u2019intervention.<\/p><p style=\"text-align: justify;\"><span style=\"text-decoration: underline;\">L\u2019intervention<\/span> :<br \/>La chirurgie est la m\u00eame que l\u2019<a title=\"Qu\u2019est ce que la chirurgie orthognathique?\" href=\"http:\/\/maxillo.nantes-atlantique.fr\/quest-ce-que-la-chirurgie-orthognathique\/\">ost\u00e9otomie maxillaire.<\/a> Elle se d\u00e9roule sous anesth\u00e9sie g\u00e9n\u00e9rale. En plus de l\u2019ost\u00e9otomie de Lefort 1, il sera r\u00e9alis\u00e9 une section du plateau palatin qui permet de \u201cl\u2019\u00e9largir\u201d \u00e0 l\u2019aide de l\u2019appareil mis en place par l\u2019orthodontiste.<\/p>\t\t\t\t\t\t<\/div>\n\t\t\t\t<\/div>\n\t\t\t\t<\/div>\n\t\t\t\t\t<\/div>\n\t\t\t\t<\/div>\n\t\t<div class=\"elementor-element elementor-element-d3a5fd7 e-flex e-con-boxed e-con e-parent\" data-id=\"d3a5fd7\" data-element_type=\"container\">\n\t\t\t\t\t<div class=\"e-con-inner\">\n\t\t<div class=\"elementor-element elementor-element-4dbce65 e-con-full e-flex e-con e-child\" data-id=\"4dbce65\" data-element_type=\"container\">\n\t\t\t\t<div class=\"elementor-element elementor-element-95ccf41 elementor-widget elementor-widget-image\" data-id=\"95ccf41\" data-element_type=\"widget\" data-widget_type=\"image.default\">\n\t\t\t\t<div class=\"elementor-widget-container\">\n\t\t\t\t\t\t\t\t\t\t\t\t\t<img loading=\"lazy\" decoding=\"async\" width=\"252\" height=\"185\" src=\"https:\/\/nantes-maxillo.com\/preprod\/wp-content\/uploads\/2024\/05\/disjoncteur-flech.jpeg\" class=\"attachment-full size-full wp-image-5227\" alt=\"\" \/>\t\t\t\t\t\t\t\t\t\t\t\t\t<\/div>\n\t\t\t\t<\/div>\n\t\t\t\t<\/div>\n\t\t<div class=\"elementor-element elementor-element-abd0d0e e-con-full e-flex e-con e-child\" data-id=\"abd0d0e\" data-element_type=\"container\">\n\t\t\t\t<div class=\"elementor-element elementor-element-15971a5 elementor-widget elementor-widget-text-editor\" data-id=\"15971a5\" data-element_type=\"widget\" data-widget_type=\"text-editor.default\">\n\t\t\t\t<div class=\"elementor-widget-container\">\n\t\t\t\t\t\t\t<p style=\"text-align: justify;\"><span style=\"text-decoration: underline;\">Les suites<\/span> :<br \/>l\u2019utilisation de l\u2019appareil vous sera montr\u00e9 par l\u2019orthodontiste ou le chirurgien.\u00a0 L&rsquo;activation sera d\u00e9but\u00e9e une semaine apr\u00e8s l&rsquo;intervention, jusqu&rsquo;\u00e0 ce que l&rsquo;orthodontiste vous dise d&rsquo;arr\u00eater. En g\u00e9n\u00e9ral, l&rsquo;activation se fait matin et soir. Il est recommand\u00e9 de noter sur une feuille les tours que vous avez r\u00e9alis\u00e9s.<\/p><p style=\"text-align: justify;\">Comme apr\u00e8s une ost\u00e9otomie du maxillaire (appel\u00e9e ost\u00e9otomie de Lefort I), des petits saignements de nez peuvent arriver pendant les jours suivants. Les gonflements apr\u00e8s l&rsquo;intervention peuvent durer une dizaine de jours. Il est recommand\u00e9 de ne pas se moucher apr\u00e8s l&rsquo;intervention.<\/p>\t\t\t\t\t\t<\/div>\n\t\t\t\t<\/div>\n\t\t\t\t<\/div>\n\t\t\t\t\t<\/div>\n\t\t\t\t<\/div>\n\t\t<div class=\"elementor-element elementor-element-33ea880 e-flex e-con-boxed e-con e-parent\" data-id=\"33ea880\" data-element_type=\"container\">\n\t\t\t\t\t<div class=\"e-con-inner\">\n\t\t\t\t<div class=\"elementor-element elementor-element-ece17c1 elementor-widget elementor-widget-text-editor\" data-id=\"ece17c1\" data-element_type=\"widget\" data-widget_type=\"text-editor.default\">\n\t\t\t\t<div class=\"elementor-widget-container\">\n\t\t\t\t\t\t\t<p>Au niveau de la <strong>mandibule<\/strong>, l&rsquo;ost\u00e9otomie se situe au niveau du menton. Le principe est le m\u00eame, elle consiste en la pose d&rsquo;un disjoncteur \u00e0 appuis dentaire les jours pr\u00e9c\u00e9dents l&rsquo;intervention. La fente au niveau du menton permet d&rsquo;augmenter la largeur de la m\u00e2choire inf\u00e9rieure.<\/p>\t\t\t\t\t\t<\/div>\n\t\t\t\t<\/div>\n\t\t\t\t<div class=\"elementor-element elementor-element-0417e22 elementor-widget elementor-widget-spacer\" data-id=\"0417e22\" data-element_type=\"widget\" data-widget_type=\"spacer.default\">\n\t\t\t\t<div class=\"elementor-widget-container\">\n\t\t\t<style>\/*! elementor - v3.21.0 - 30-04-2024 *\/\n.elementor-column .elementor-spacer-inner{height:var(--spacer-size)}.e-con{--container-widget-width:100%}.e-con-inner>.elementor-widget-spacer,.e-con>.elementor-widget-spacer{width:var(--container-widget-width,var(--spacer-size));--align-self:var(--container-widget-align-self,initial);--flex-shrink:0}.e-con-inner>.elementor-widget-spacer>.elementor-widget-container,.e-con>.elementor-widget-spacer>.elementor-widget-container{height:100%;width:100%}.e-con-inner>.elementor-widget-spacer>.elementor-widget-container>.elementor-spacer,.e-con>.elementor-widget-spacer>.elementor-widget-container>.elementor-spacer{height:100%}.e-con-inner>.elementor-widget-spacer>.elementor-widget-container>.elementor-spacer>.elementor-spacer-inner,.e-con>.elementor-widget-spacer>.elementor-widget-container>.elementor-spacer>.elementor-spacer-inner{height:var(--container-widget-height,var(--spacer-size))}.e-con-inner>.elementor-widget-spacer.elementor-widget-empty,.e-con>.elementor-widget-spacer.elementor-widget-empty{position:relative;min-height:22px;min-width:22px}.e-con-inner>.elementor-widget-spacer.elementor-widget-empty .elementor-widget-empty-icon,.e-con>.elementor-widget-spacer.elementor-widget-empty .elementor-widget-empty-icon{position:absolute;top:0;bottom:0;left:0;right:0;margin:auto;padding:0;width:22px;height:22px}<\/style>\t\t<div class=\"elementor-spacer\">\n\t\t\t<div class=\"elementor-spacer-inner\"><\/div>\n\t\t<\/div>\n\t\t\t\t<\/div>\n\t\t\t\t<\/div>\n\t\t\t\t\t<\/div>\n\t\t\t\t<\/div>\n\t\t\t\t<\/div>\n\t\t","protected":false},"excerpt":{"rendered":"<p>Parfois la m\u00e2choire est trop \u00e9troite. Cela entra\u00eene un mauvais contact entre les dents des\u00a0m\u00e2choires\u00a0sup\u00e9rieures et inf\u00e9rieures. Quand la croissance est termin\u00e9e, il est n\u00e9cessaire d\u2019associer un traitement \u00e0 l\u2019aide d\u2019un disjoncteur avec un acte chirurgical. La chirurgie consiste \u00e0 cr\u00e9er une fente dans l&rsquo;os, puis l&rsquo;appareil \u00e9cartera tous les jours la fente afin qu&rsquo;elle&hellip;&nbsp;<a href=\"https:\/\/nantes-maxillo.com\/preprod\/la-disjonction-maxillaire-ou-mandibulaire\/\" class=\"\" rel=\"bookmark\">Lire la suite &raquo;<span class=\"screen-reader-text\">La disjonction maxillaire ou mandibulaire<\/span><\/a><\/p>\n","protected":false},"author":2,"featured_media":1165,"parent":0,"menu_order":0,"comment_status":"closed","ping_status":"closed","template":"page-templates\/template-pagebuilder-full-width.php","meta":{"neve_meta_sidebar":"","neve_meta_container":"","neve_meta_enable_content_width":"off","neve_meta_content_width":100,"neve_meta_title_alignment":"","neve_meta_author_avatar":"","neve_post_elements_order":"","neve_meta_disable_header":"","neve_meta_disable_footer":"","neve_meta_disable_title":"","_themeisle_gutenberg_block_has_review":false,"_ti_tpc_template_sync":false,"_ti_tpc_template_id":"","footnotes":""},"class_list":["post-833","page","type-page","status-publish","has-post-thumbnail","hentry"],"_links":{"self":[{"href":"https:\/\/nantes-maxillo.com\/preprod\/wp-json\/wp\/v2\/pages\/833","targetHints":{"allow":["GET"]}}],"collection":[{"href":"https:\/\/nantes-maxillo.com\/preprod\/wp-json\/wp\/v2\/pages"}],"about":[{"href":"https:\/\/nantes-maxillo.com\/preprod\/wp-json\/wp\/v2\/types\/page"}],"author":[{"embeddable":true,"href":"https:\/\/nantes-maxillo.com\/preprod\/wp-json\/wp\/v2\/users\/2"}],"replies":[{"embeddable":true,"href":"https:\/\/nantes-maxillo.com\/preprod\/wp-json\/wp\/v2\/comments?post=833"}],"version-history":[{"count":4,"href":"https:\/\/nantes-maxillo.com\/preprod\/wp-json\/wp\/v2\/pages\/833\/revisions"}],"predecessor-version":[{"id":5230,"href":"https:\/\/nantes-maxillo.com\/preprod\/wp-json\/wp\/v2\/pages\/833\/revisions\/5230"}],"wp:featuredmedia":[{"embeddable":true,"href":"https:\/\/nantes-maxillo.com\/preprod\/wp-json\/wp\/v2\/media\/1165"}],"wp:attachment":[{"href":"https:\/\/nantes-maxillo.com\/preprod\/wp-json\/wp\/v2\/media?parent=833"}],"curies":[{"name":"wp","href":"https:\/\/api.w.org\/{rel}","templated":true}]}}