{"id":4197,"date":"2024-05-07T15:25:43","date_gmt":"2024-05-07T13:25:43","guid":{"rendered":"https:\/\/nantes-maxillo.com\/?page_id=4197"},"modified":"2024-05-07T15:30:02","modified_gmt":"2024-05-07T13:30:02","slug":"que-faut-il-savoir-sur-les-oreilles-decollees","status":"publish","type":"page","link":"https:\/\/nantes-maxillo.com\/preprod\/que-faut-il-savoir-sur-les-oreilles-decollees\/","title":{"rendered":"Que faut-il savoir sur les oreilles d\u00e9coll\u00e9es ?"},"content":{"rendered":"\t\t<div data-elementor-type=\"wp-page\" data-elementor-id=\"4197\" class=\"elementor elementor-4197\">\n\t\t\t\t\t\t<section class=\"elementor-section elementor-top-section elementor-element elementor-element-3500f8a elementor-section-stretched elementor-section-boxed elementor-section-height-default elementor-section-height-default\" data-id=\"3500f8a\" data-element_type=\"section\" data-settings=\"{&quot;stretch_section&quot;:&quot;section-stretched&quot;}\">\n\t\t\t\t\t\t<div class=\"elementor-container elementor-column-gap-default\">\n\t\t\t\t\t<div class=\"elementor-column elementor-col-100 elementor-top-column elementor-element elementor-element-8332dfa\" data-id=\"8332dfa\" data-element_type=\"column\">\n\t\t\t<div class=\"elementor-widget-wrap elementor-element-populated\">\n\t\t\t\t\t\t<div class=\"elementor-element elementor-element-3005450 elementor-widget-divider--view-line_text elementor-widget-divider--element-align-center elementor-widget elementor-widget-divider\" data-id=\"3005450\" data-element_type=\"widget\" data-widget_type=\"divider.default\">\n\t\t\t\t<div class=\"elementor-widget-container\">\n\t\t\t<style>\/*! elementor - v3.21.0 - 30-04-2024 *\/\n.elementor-widget-divider{--divider-border-style:none;--divider-border-width:1px;--divider-color:#0c0d0e;--divider-icon-size:20px;--divider-element-spacing:10px;--divider-pattern-height:24px;--divider-pattern-size:20px;--divider-pattern-url:none;--divider-pattern-repeat:repeat-x}.elementor-widget-divider .elementor-divider{display:flex}.elementor-widget-divider .elementor-divider__text{font-size:15px;line-height:1;max-width:95%}.elementor-widget-divider .elementor-divider__element{margin:0 var(--divider-element-spacing);flex-shrink:0}.elementor-widget-divider .elementor-icon{font-size:var(--divider-icon-size)}.elementor-widget-divider .elementor-divider-separator{display:flex;margin:0;direction:ltr}.elementor-widget-divider--view-line_icon .elementor-divider-separator,.elementor-widget-divider--view-line_text .elementor-divider-separator{align-items:center}.elementor-widget-divider--view-line_icon .elementor-divider-separator:after,.elementor-widget-divider--view-line_icon .elementor-divider-separator:before,.elementor-widget-divider--view-line_text .elementor-divider-separator:after,.elementor-widget-divider--view-line_text .elementor-divider-separator:before{display:block;content:\"\";border-block-end:0;flex-grow:1;border-block-start:var(--divider-border-width) var(--divider-border-style) var(--divider-color)}.elementor-widget-divider--element-align-left .elementor-divider .elementor-divider-separator>.elementor-divider__svg:first-of-type{flex-grow:0;flex-shrink:100}.elementor-widget-divider--element-align-left .elementor-divider-separator:before{content:none}.elementor-widget-divider--element-align-left .elementor-divider__element{margin-left:0}.elementor-widget-divider--element-align-right .elementor-divider .elementor-divider-separator>.elementor-divider__svg:last-of-type{flex-grow:0;flex-shrink:100}.elementor-widget-divider--element-align-right .elementor-divider-separator:after{content:none}.elementor-widget-divider--element-align-right .elementor-divider__element{margin-right:0}.elementor-widget-divider--element-align-start .elementor-divider .elementor-divider-separator>.elementor-divider__svg:first-of-type{flex-grow:0;flex-shrink:100}.elementor-widget-divider--element-align-start .elementor-divider-separator:before{content:none}.elementor-widget-divider--element-align-start .elementor-divider__element{margin-inline-start:0}.elementor-widget-divider--element-align-end .elementor-divider .elementor-divider-separator>.elementor-divider__svg:last-of-type{flex-grow:0;flex-shrink:100}.elementor-widget-divider--element-align-end .elementor-divider-separator:after{content:none}.elementor-widget-divider--element-align-end .elementor-divider__element{margin-inline-end:0}.elementor-widget-divider:not(.elementor-widget-divider--view-line_text):not(.elementor-widget-divider--view-line_icon) .elementor-divider-separator{border-block-start:var(--divider-border-width) var(--divider-border-style) var(--divider-color)}.elementor-widget-divider--separator-type-pattern{--divider-border-style:none}.elementor-widget-divider--separator-type-pattern.elementor-widget-divider--view-line .elementor-divider-separator,.elementor-widget-divider--separator-type-pattern:not(.elementor-widget-divider--view-line) .elementor-divider-separator:after,.elementor-widget-divider--separator-type-pattern:not(.elementor-widget-divider--view-line) .elementor-divider-separator:before,.elementor-widget-divider--separator-type-pattern:not([class*=elementor-widget-divider--view]) .elementor-divider-separator{width:100%;min-height:var(--divider-pattern-height);-webkit-mask-size:var(--divider-pattern-size) 100%;mask-size:var(--divider-pattern-size) 100%;-webkit-mask-repeat:var(--divider-pattern-repeat);mask-repeat:var(--divider-pattern-repeat);background-color:var(--divider-color);-webkit-mask-image:var(--divider-pattern-url);mask-image:var(--divider-pattern-url)}.elementor-widget-divider--no-spacing{--divider-pattern-size:auto}.elementor-widget-divider--bg-round{--divider-pattern-repeat:round}.rtl .elementor-widget-divider .elementor-divider__text{direction:rtl}.e-con-inner>.elementor-widget-divider,.e-con>.elementor-widget-divider{width:var(--container-widget-width,100%);--flex-grow:var(--container-widget-flex-grow)}<\/style>\t\t<div class=\"elementor-divider\">\n\t\t\t<span class=\"elementor-divider-separator\">\n\t\t\t\t\t\t\t<span class=\"elementor-divider__text elementor-divider__element\">\n\t\t\t\tA propos \u2026.\t\t\t\t<\/span>\n\t\t\t\t\t\t<\/span>\n\t\t<\/div>\n\t\t\t\t<\/div>\n\t\t\t\t<\/div>\n\t\t\t\t<div class=\"elementor-element elementor-element-81403e6 elementor-widget elementor-widget-text-editor\" data-id=\"81403e6\" data-element_type=\"widget\" data-widget_type=\"text-editor.default\">\n\t\t\t\t<div class=\"elementor-widget-container\">\n\t\t\t<style>\/*! elementor - v3.21.0 - 30-04-2024 *\/\n.elementor-widget-text-editor.elementor-drop-cap-view-stacked .elementor-drop-cap{background-color:#69727d;color:#fff}.elementor-widget-text-editor.elementor-drop-cap-view-framed .elementor-drop-cap{color:#69727d;border:3px solid;background-color:transparent}.elementor-widget-text-editor:not(.elementor-drop-cap-view-default) .elementor-drop-cap{margin-top:8px}.elementor-widget-text-editor:not(.elementor-drop-cap-view-default) .elementor-drop-cap-letter{width:1em;height:1em}.elementor-widget-text-editor .elementor-drop-cap{float:left;text-align:center;line-height:1;font-size:50px}.elementor-widget-text-editor .elementor-drop-cap-letter{display:inline-block}<\/style>\t\t\t\t<div class=\"wpb_text_column wpb_content_element \"><div class=\"wpb_wrapper\"><h2 class=\"paragraph_style_1\">Pourquoi op\u00e9rer\u00a0?<\/h2><p class=\"paragraph_style_2\">Une otoplastie est une intervention chirurgicale qui a pour objectif de corriger une anomalie des pavillons de l\u2019oreille qui sont trop d\u00e9coll\u00e9s soit par exc\u00e8s de cartilage, soit par d\u00e9faut de plicature de ce cartilage, soit en associant ces deux anomalies.<\/p><h3 class=\"paragraph_style_1\">Comment se d\u00e9roule l\u2019intervention\u00a0?<\/h3><ol><li class=\"full-width\"><div class=\"paragraph paragraph_style_3\"><p>Les cheveux seront lav\u00e9s le matin ou la veille de l\u2019intervention et tenus attach\u00e9s si ils sont longs ; les boucles d\u2019oreille seront enlev\u00e9es.<\/p><\/div><\/li><li class=\"full-width\"><p class=\"paragraph_style_3\">L\u2019intervention se d\u00e9roule sous anesth\u00e9sie locale ou g\u00e9n\u00e9rale.<\/p><\/li><li class=\"full-width\"><p class=\"paragraph_style_3\">Les <a href=\"http:\/\/maxillo.nantes-atlantique.fr\/que-faut-il-savoir-sur-les-oreilles-decollees\/otoplastie\/\" rel=\"attachment wp-att-85\"><img decoding=\"async\" class=\"size-full wp-image-85 alignright\" src=\"https:\/\/maxillo.nantes-atlantique.fr\/wp-content\/uploads\/2012\/12\/otoplastie.jpg\" alt=\"otoplastie\" width=\"246\" height=\"184\" \/><\/a>incisions sont situ\u00e9es en arri\u00e8re et parfois en avant de l\u2019oreille dans des zones dissimul\u00e9es. Le modelage de l\u2019oreille est r\u00e9alis\u00e9 en agissant sur le cartilage et parfois en \u00f4tant une languette de peau en arri\u00e8re de l\u2019oreille.<\/p><\/li><li class=\"full-width\"><p class=\"paragraph_style_3\">En fin d\u2019intervention, un pansement compressif est appliqu\u00e9.<\/p><\/li><li class=\"full-width\"><p class=\"paragraph_style_3\">Bien que cela ne soit pas syst\u00e9matique, pr\u00e9voyez 2 \u00e0 3 jours d\u2019arr\u00eat de travail ou de dispense scolaire.<\/p><\/li><\/ol><h3 class=\"paragraph_style_1\">Les suites op\u00e9ratoires habituelles et les soins post-op\u00e9ratoires.<\/h3><ol><li class=\"full-width\"><p class=\"paragraph_style_3\">La douleur est trait\u00e9e par des antalgiques et dispara\u00eet en quelques jours. <span class=\"style\">Les antalgiques sont plus efficaces s\u2019ils sont pris avant que la douleur n\u2019apparaisse<\/span>. Cependant, l\u2019oreille peut rester sensible pendant quelques semaines. Une ordonnance sera donn\u00e9e \u00e0 la sortie.<\/p><\/li><li class=\"full-width\"><p class=\"paragraph_style_3\">En cas\u00a0 de douleurs importantes et anormales, il faut reprendre contact avec l\u2019\u00e9quipe chirurgicale.<\/p><\/li><li class=\"full-width\"><p class=\"paragraph_style_3\"><span class=\"Puce\">I<\/span>l peut y avoir un \u0153d\u00e8me et des saignements mod\u00e9r\u00e9s juste apr\u00e8s l\u2019intervention.<\/p><\/li><li class=\"full-width\"><p class=\"paragraph_style_3\">Le plus souvent, vous serez revu le lendemain ou le surlendemain de l\u2019intervention pour un pansement.<\/p><\/li><li class=\"full-width\"><p class=\"paragraph_style_3\">Une protection par bandeau peut \u00eatre prescrite pendant quelques semaines, surtout la nuit ou en cas de risque de traumatisme (dispense de sport et de baignade pendant quelques semaines). Habituellement, le bandeau est port\u00e9 pendant 15 jours la journ\u00e9e, et 2 mois la nuit. Les sports violents \u00e0 risque de retournement de l\u2019oreille (sports collectifs avec ballon, sports de combat\u2026) sont \u00e0 \u00e9viter pendant 2 mois.<\/p><\/li><\/ol><h2 class=\"paragraph_style_1\">Les risques<\/h2><p class=\"paragraph_style_2\">Tout acte m\u00e9dical, m\u00eame bien conduit, rec\u00e8le un risque de complications. Il ne faut pas h\u00e9siter \u00e0 prendre contact avec l\u2019\u00e9quipe chirurgicale qui vous a pris en charge (Contactez le 15 en cas d\u2019urgence grave).<\/p><h3 class=\"paragraph_style_2\">Les risque possibles sont les suivants :<\/h3><ol><li class=\"full-width\"><p class=\"paragraph_style_3\">Des <span class=\"style\">saignements<\/span>\u00a0abondants sont rares pendant ou apr\u00e8s l\u2019intervention. Dans des cas exceptionnels un h\u00e9matome peut survenir et n\u00e9cessiter de r\u00e9op\u00e9rer afin d\u2019\u00e9viter un risque de d\u00e9formations.<\/p><\/li><li class=\"full-width\"><p class=\"paragraph_style_3\">Une augmentation de la <span class=\"style\">sensibilit\u00e9<\/span>\u00a0des oreilles pendant plusieurs semaines, pouvant g\u00eaner le port de lunettes.<\/p><\/li><li class=\"full-width\"><p class=\"paragraph_style_3\">Pr\u00e9sence de petites <span class=\"style\">irr\u00e9gularit\u00e9s<\/span>\u00a0malgr\u00e9 un r\u00e9sultat global\u00a0 satisfaisant ou l\u00e9g\u00e8re asym\u00e9trie de forme sachant que les oreilles sont rarement sym\u00e9triques au d\u00e9part.<\/p><\/li><\/ol><h3 class=\"paragraph_style_2\">Les risques exceptionnels sont les suivants\u00a0:<\/h3><ol><li class=\"full-width\"><p class=\"paragraph_style_3\">Troubles de <span class=\"style\">cicatrisation<\/span>\u00a0de la peau derri\u00e8re l\u2019oreille qui devient \u00e9paisse, sensible et disgracieuse (cicatrice ch\u00e9lo\u00efde). Cette complication rare est difficile \u00e0 traiter et peut n\u00e9cessiter de nouvelles op\u00e9rations.<\/p><\/li><li class=\"full-width\"><p class=\"paragraph_style_3\">Infection au niveau des oreilles pouvant entrainer une<span class=\"style\">d\u00e9formation<\/span>\u00a0secondaire du cartilage.<\/p><\/li><\/ol><\/div><\/div><div class=\"wpb_text_column wpb_content_element \">\u00a0<\/div>\t\t\t\t\t\t<\/div>\n\t\t\t\t<\/div>\n\t\t\t\t\t<\/div>\n\t\t<\/div>\n\t\t\t\t\t<\/div>\n\t\t<\/section>\n\t\t<div class=\"elementor-element elementor-element-4d941c9 e-flex e-con-boxed e-con e-parent\" data-id=\"4d941c9\" data-element_type=\"container\">\n\t\t\t\t\t<div class=\"e-con-inner\">\n\t\t\t\t<div class=\"elementor-element elementor-element-3e1361f elementor-widget elementor-widget-spacer\" data-id=\"3e1361f\" data-element_type=\"widget\" data-widget_type=\"spacer.default\">\n\t\t\t\t<div class=\"elementor-widget-container\">\n\t\t\t<style>\/*! elementor - v3.21.0 - 30-04-2024 *\/\n.elementor-column .elementor-spacer-inner{height:var(--spacer-size)}.e-con{--container-widget-width:100%}.e-con-inner>.elementor-widget-spacer,.e-con>.elementor-widget-spacer{width:var(--container-widget-width,var(--spacer-size));--align-self:var(--container-widget-align-self,initial);--flex-shrink:0}.e-con-inner>.elementor-widget-spacer>.elementor-widget-container,.e-con>.elementor-widget-spacer>.elementor-widget-container{height:100%;width:100%}.e-con-inner>.elementor-widget-spacer>.elementor-widget-container>.elementor-spacer,.e-con>.elementor-widget-spacer>.elementor-widget-container>.elementor-spacer{height:100%}.e-con-inner>.elementor-widget-spacer>.elementor-widget-container>.elementor-spacer>.elementor-spacer-inner,.e-con>.elementor-widget-spacer>.elementor-widget-container>.elementor-spacer>.elementor-spacer-inner{height:var(--container-widget-height,var(--spacer-size))}.e-con-inner>.elementor-widget-spacer.elementor-widget-empty,.e-con>.elementor-widget-spacer.elementor-widget-empty{position:relative;min-height:22px;min-width:22px}.e-con-inner>.elementor-widget-spacer.elementor-widget-empty .elementor-widget-empty-icon,.e-con>.elementor-widget-spacer.elementor-widget-empty .elementor-widget-empty-icon{position:absolute;top:0;bottom:0;left:0;right:0;margin:auto;padding:0;width:22px;height:22px}<\/style>\t\t<div class=\"elementor-spacer\">\n\t\t\t<div class=\"elementor-spacer-inner\"><\/div>\n\t\t<\/div>\n\t\t\t\t<\/div>\n\t\t\t\t<\/div>\n\t\t\t\t\t<\/div>\n\t\t\t\t<\/div>\n\t\t\t\t<\/div>\n\t\t","protected":false},"excerpt":{"rendered":"<p>A propos \u2026. Pourquoi op\u00e9rer\u00a0? Une otoplastie est une intervention chirurgicale qui a pour objectif de corriger une anomalie des pavillons de l\u2019oreille qui sont trop d\u00e9coll\u00e9s soit par exc\u00e8s de cartilage, soit par d\u00e9faut de plicature de ce cartilage, soit en associant ces deux anomalies. Comment se d\u00e9roule l\u2019intervention\u00a0? Les cheveux seront lav\u00e9s le&hellip;&nbsp;<a href=\"https:\/\/nantes-maxillo.com\/preprod\/que-faut-il-savoir-sur-les-oreilles-decollees\/\" class=\"\" rel=\"bookmark\">Lire la suite &raquo;<span class=\"screen-reader-text\">Que faut-il savoir sur les oreilles d\u00e9coll\u00e9es ?<\/span><\/a><\/p>\n","protected":false},"author":1,"featured_media":1165,"parent":0,"menu_order":0,"comment_status":"closed","ping_status":"closed","template":"","meta":{"neve_meta_sidebar":"","neve_meta_container":"","neve_meta_enable_content_width":"off","neve_meta_content_width":100,"neve_meta_title_alignment":"","neve_meta_author_avatar":"","neve_post_elements_order":"","neve_meta_disable_header":"","neve_meta_disable_footer":"","neve_meta_disable_title":"","_themeisle_gutenberg_block_has_review":false,"_ti_tpc_template_sync":false,"_ti_tpc_template_id":"","footnotes":""},"class_list":["post-4197","page","type-page","status-publish","has-post-thumbnail","hentry"],"_links":{"self":[{"href":"https:\/\/nantes-maxillo.com\/preprod\/wp-json\/wp\/v2\/pages\/4197","targetHints":{"allow":["GET"]}}],"collection":[{"href":"https:\/\/nantes-maxillo.com\/preprod\/wp-json\/wp\/v2\/pages"}],"about":[{"href":"https:\/\/nantes-maxillo.com\/preprod\/wp-json\/wp\/v2\/types\/page"}],"author":[{"embeddable":true,"href":"https:\/\/nantes-maxillo.com\/preprod\/wp-json\/wp\/v2\/users\/1"}],"replies":[{"embeddable":true,"href":"https:\/\/nantes-maxillo.com\/preprod\/wp-json\/wp\/v2\/comments?post=4197"}],"version-history":[{"count":10,"href":"https:\/\/nantes-maxillo.com\/preprod\/wp-json\/wp\/v2\/pages\/4197\/revisions"}],"predecessor-version":[{"id":5337,"href":"https:\/\/nantes-maxillo.com\/preprod\/wp-json\/wp\/v2\/pages\/4197\/revisions\/5337"}],"wp:featuredmedia":[{"embeddable":true,"href":"https:\/\/nantes-maxillo.com\/preprod\/wp-json\/wp\/v2\/media\/1165"}],"wp:attachment":[{"href":"https:\/\/nantes-maxillo.com\/preprod\/wp-json\/wp\/v2\/media?parent=4197"}],"curies":[{"name":"wp","href":"https:\/\/api.w.org\/{rel}","templated":true}]}}