{"id":3092,"date":"2016-01-28T10:25:11","date_gmt":"2016-01-28T10:25:11","guid":{"rendered":"http:\/\/nantes-maxillo.com\/?page_id=3092"},"modified":"2024-05-07T16:49:58","modified_gmt":"2024-05-07T14:49:58","slug":"caracteristiques-de-limplant-kontact","status":"publish","type":"page","link":"https:\/\/nantes-maxillo.com\/preprod\/caracteristiques-de-limplant-kontact\/","title":{"rendered":"Caract\u00e9ristiques de l\u2019implant kontact"},"content":{"rendered":"\t\t<div data-elementor-type=\"wp-page\" data-elementor-id=\"3092\" class=\"elementor elementor-3092\">\n\t\t\t\t\t\t<section class=\"elementor-section elementor-top-section elementor-element elementor-element-56a9a04 elementor-section-stretched elementor-section-boxed elementor-section-height-default elementor-section-height-default\" data-id=\"56a9a04\" data-element_type=\"section\" data-settings=\"{&quot;stretch_section&quot;:&quot;section-stretched&quot;}\">\n\t\t\t\t\t\t<div class=\"elementor-container elementor-column-gap-default\">\n\t\t\t\t\t<div class=\"elementor-column elementor-col-33 elementor-top-column elementor-element elementor-element-00c0d36\" data-id=\"00c0d36\" data-element_type=\"column\">\n\t\t\t<div class=\"elementor-widget-wrap elementor-element-populated\">\n\t\t\t\t\t\t<div class=\"elementor-element elementor-element-9a5adb3 elementor-widget elementor-widget-image\" data-id=\"9a5adb3\" data-element_type=\"widget\" data-widget_type=\"image.default\">\n\t\t\t\t<div class=\"elementor-widget-container\">\n\t\t\t<style>\/*! elementor - v3.21.0 - 30-04-2024 *\/\n.elementor-widget-image{text-align:center}.elementor-widget-image a{display:inline-block}.elementor-widget-image a img[src$=\".svg\"]{width:48px}.elementor-widget-image img{vertical-align:middle;display:inline-block}<\/style>\t\t\t\t\t\t\t\t\t\t<img fetchpriority=\"high\" decoding=\"async\" width=\"245\" height=\"300\" src=\"https:\/\/nantes-maxillo.com\/preprod\/wp-content\/uploads\/2019\/01\/kontactCoupe-245x300.jpg\" class=\"attachment-medium size-medium wp-image-3935\" alt=\"\" srcset=\"https:\/\/nantes-maxillo.com\/preprod\/wp-content\/uploads\/2019\/01\/kontactCoupe-245x300.jpg 245w, https:\/\/nantes-maxillo.com\/preprod\/wp-content\/uploads\/2019\/01\/kontactCoupe-768x940.jpg 768w, https:\/\/nantes-maxillo.com\/preprod\/wp-content\/uploads\/2019\/01\/kontactCoupe.jpg 800w\" sizes=\"(max-width: 245px) 100vw, 245px\" \/>\t\t\t\t\t\t\t\t\t\t\t\t\t<\/div>\n\t\t\t\t<\/div>\n\t\t\t\t\t<\/div>\n\t\t<\/div>\n\t\t\t\t<div class=\"elementor-column elementor-col-33 elementor-top-column elementor-element elementor-element-9f13915\" data-id=\"9f13915\" data-element_type=\"column\">\n\t\t\t<div class=\"elementor-widget-wrap elementor-element-populated\">\n\t\t\t\t\t\t<div class=\"elementor-element elementor-element-c1cc26f elementor-widget elementor-widget-text-editor\" data-id=\"c1cc26f\" data-element_type=\"widget\" data-widget_type=\"text-editor.default\">\n\t\t\t\t<div class=\"elementor-widget-container\">\n\t\t\t<style>\/*! elementor - v3.21.0 - 30-04-2024 *\/\n.elementor-widget-text-editor.elementor-drop-cap-view-stacked .elementor-drop-cap{background-color:#69727d;color:#fff}.elementor-widget-text-editor.elementor-drop-cap-view-framed .elementor-drop-cap{color:#69727d;border:3px solid;background-color:transparent}.elementor-widget-text-editor:not(.elementor-drop-cap-view-default) .elementor-drop-cap{margin-top:8px}.elementor-widget-text-editor:not(.elementor-drop-cap-view-default) .elementor-drop-cap-letter{width:1em;height:1em}.elementor-widget-text-editor .elementor-drop-cap{float:left;text-align:center;line-height:1;font-size:50px}.elementor-widget-text-editor .elementor-drop-cap-letter{display:inline-block}<\/style>\t\t\t\t<p>L\u2019implant Kontact est un implant \u00e0 connectique interne c\u00f4ne morse qui regroupe toutes les derni\u00e8res innovations de la soci\u00e9t\u00e9 Biotech-dental. C\u2019est un implant simple, innovant, et performant. Les possibilit\u00e9s proth\u00e9tiques sont multiples.<\/p><p>Il s\u2019agit d\u2019un implant en Titane, con\u00e7u et fabriqu\u00e9 en France. L\u2019implant et le pilier sont garantis \u00e0 vie.<\/p>\t\t\t\t\t\t<\/div>\n\t\t\t\t<\/div>\n\t\t\t\t\t<\/div>\n\t\t<\/div>\n\t\t\t\t<div class=\"elementor-column elementor-col-33 elementor-top-column elementor-element elementor-element-3db21b0\" data-id=\"3db21b0\" data-element_type=\"column\">\n\t\t\t<div class=\"elementor-widget-wrap elementor-element-populated\">\n\t\t\t\t\t\t<div class=\"elementor-element elementor-element-ab7f169 elementor-widget elementor-widget-image\" data-id=\"ab7f169\" data-element_type=\"widget\" data-widget_type=\"image.default\">\n\t\t\t\t<div class=\"elementor-widget-container\">\n\t\t\t\t\t\t\t\t\t\t\t\t\t<img decoding=\"async\" width=\"300\" height=\"206\" src=\"https:\/\/nantes-maxillo.com\/preprod\/wp-content\/uploads\/2019\/01\/MIF-300x206.jpg\" class=\"attachment-medium size-medium wp-image-3938\" alt=\"\" srcset=\"https:\/\/nantes-maxillo.com\/preprod\/wp-content\/uploads\/2019\/01\/MIF-300x206.jpg 300w, https:\/\/nantes-maxillo.com\/preprod\/wp-content\/uploads\/2019\/01\/MIF.jpg 460w\" sizes=\"(max-width: 300px) 100vw, 300px\" \/>\t\t\t\t\t\t\t\t\t\t\t\t\t<\/div>\n\t\t\t\t<\/div>\n\t\t\t\t\t<\/div>\n\t\t<\/div>\n\t\t\t\t\t<\/div>\n\t\t<\/section>\n\t\t\t\t<section class=\"elementor-section elementor-top-section elementor-element elementor-element-4beae09 elementor-section-stretched elementor-section-boxed elementor-section-height-default elementor-section-height-default\" data-id=\"4beae09\" data-element_type=\"section\" data-settings=\"{&quot;stretch_section&quot;:&quot;section-stretched&quot;}\">\n\t\t\t\t\t\t<div class=\"elementor-container elementor-column-gap-default\">\n\t\t\t\t\t<div class=\"elementor-column elementor-col-100 elementor-top-column elementor-element elementor-element-8053a70\" data-id=\"8053a70\" data-element_type=\"column\">\n\t\t\t<div class=\"elementor-widget-wrap elementor-element-populated\">\n\t\t\t\t\t\t<div class=\"elementor-element elementor-element-7e0361c elementor-widget elementor-widget-image\" data-id=\"7e0361c\" data-element_type=\"widget\" data-widget_type=\"image.default\">\n\t\t\t\t<div class=\"elementor-widget-container\">\n\t\t\t\t\t\t\t\t\t\t\t\t\t<img decoding=\"async\" width=\"768\" height=\"683\" src=\"https:\/\/nantes-maxillo.com\/preprod\/wp-content\/uploads\/2019\/01\/kontact2-768x683.jpg\" class=\"attachment-medium_large size-medium_large wp-image-3936\" alt=\"\" srcset=\"https:\/\/nantes-maxillo.com\/preprod\/wp-content\/uploads\/2019\/01\/kontact2-768x683.jpg 768w, https:\/\/nantes-maxillo.com\/preprod\/wp-content\/uploads\/2019\/01\/kontact2-300x267.jpg 300w, https:\/\/nantes-maxillo.com\/preprod\/wp-content\/uploads\/2019\/01\/kontact2.jpg 900w\" sizes=\"(max-width: 768px) 100vw, 768px\" \/>\t\t\t\t\t\t\t\t\t\t\t\t\t<\/div>\n\t\t\t\t<\/div>\n\t\t\t\t\t<\/div>\n\t\t<\/div>\n\t\t\t\t\t<\/div>\n\t\t<\/section>\n\t\t\t\t<section class=\"elementor-section elementor-top-section elementor-element elementor-element-1db2952 elementor-section-stretched elementor-section-boxed elementor-section-height-default elementor-section-height-default\" data-id=\"1db2952\" data-element_type=\"section\" data-settings=\"{&quot;stretch_section&quot;:&quot;section-stretched&quot;}\">\n\t\t\t\t\t\t<div class=\"elementor-container elementor-column-gap-default\">\n\t\t\t\t\t<div class=\"elementor-column elementor-col-50 elementor-top-column elementor-element elementor-element-0337f67\" data-id=\"0337f67\" data-element_type=\"column\">\n\t\t\t<div class=\"elementor-widget-wrap elementor-element-populated\">\n\t\t\t\t\t\t<div class=\"elementor-element elementor-element-101eaa0 elementor-widget-divider--view-line_text elementor-widget-divider--element-align-center elementor-widget elementor-widget-divider\" data-id=\"101eaa0\" data-element_type=\"widget\" data-widget_type=\"divider.default\">\n\t\t\t\t<div class=\"elementor-widget-container\">\n\t\t\t<style>\/*! elementor - v3.21.0 - 30-04-2024 *\/\n.elementor-widget-divider{--divider-border-style:none;--divider-border-width:1px;--divider-color:#0c0d0e;--divider-icon-size:20px;--divider-element-spacing:10px;--divider-pattern-height:24px;--divider-pattern-size:20px;--divider-pattern-url:none;--divider-pattern-repeat:repeat-x}.elementor-widget-divider .elementor-divider{display:flex}.elementor-widget-divider .elementor-divider__text{font-size:15px;line-height:1;max-width:95%}.elementor-widget-divider .elementor-divider__element{margin:0 var(--divider-element-spacing);flex-shrink:0}.elementor-widget-divider .elementor-icon{font-size:var(--divider-icon-size)}.elementor-widget-divider .elementor-divider-separator{display:flex;margin:0;direction:ltr}.elementor-widget-divider--view-line_icon .elementor-divider-separator,.elementor-widget-divider--view-line_text .elementor-divider-separator{align-items:center}.elementor-widget-divider--view-line_icon .elementor-divider-separator:after,.elementor-widget-divider--view-line_icon .elementor-divider-separator:before,.elementor-widget-divider--view-line_text .elementor-divider-separator:after,.elementor-widget-divider--view-line_text .elementor-divider-separator:before{display:block;content:\"\";border-block-end:0;flex-grow:1;border-block-start:var(--divider-border-width) var(--divider-border-style) var(--divider-color)}.elementor-widget-divider--element-align-left .elementor-divider .elementor-divider-separator>.elementor-divider__svg:first-of-type{flex-grow:0;flex-shrink:100}.elementor-widget-divider--element-align-left .elementor-divider-separator:before{content:none}.elementor-widget-divider--element-align-left .elementor-divider__element{margin-left:0}.elementor-widget-divider--element-align-right .elementor-divider .elementor-divider-separator>.elementor-divider__svg:last-of-type{flex-grow:0;flex-shrink:100}.elementor-widget-divider--element-align-right .elementor-divider-separator:after{content:none}.elementor-widget-divider--element-align-right .elementor-divider__element{margin-right:0}.elementor-widget-divider--element-align-start .elementor-divider .elementor-divider-separator>.elementor-divider__svg:first-of-type{flex-grow:0;flex-shrink:100}.elementor-widget-divider--element-align-start .elementor-divider-separator:before{content:none}.elementor-widget-divider--element-align-start .elementor-divider__element{margin-inline-start:0}.elementor-widget-divider--element-align-end .elementor-divider .elementor-divider-separator>.elementor-divider__svg:last-of-type{flex-grow:0;flex-shrink:100}.elementor-widget-divider--element-align-end .elementor-divider-separator:after{content:none}.elementor-widget-divider--element-align-end .elementor-divider__element{margin-inline-end:0}.elementor-widget-divider:not(.elementor-widget-divider--view-line_text):not(.elementor-widget-divider--view-line_icon) .elementor-divider-separator{border-block-start:var(--divider-border-width) var(--divider-border-style) var(--divider-color)}.elementor-widget-divider--separator-type-pattern{--divider-border-style:none}.elementor-widget-divider--separator-type-pattern.elementor-widget-divider--view-line .elementor-divider-separator,.elementor-widget-divider--separator-type-pattern:not(.elementor-widget-divider--view-line) .elementor-divider-separator:after,.elementor-widget-divider--separator-type-pattern:not(.elementor-widget-divider--view-line) .elementor-divider-separator:before,.elementor-widget-divider--separator-type-pattern:not([class*=elementor-widget-divider--view]) .elementor-divider-separator{width:100%;min-height:var(--divider-pattern-height);-webkit-mask-size:var(--divider-pattern-size) 100%;mask-size:var(--divider-pattern-size) 100%;-webkit-mask-repeat:var(--divider-pattern-repeat);mask-repeat:var(--divider-pattern-repeat);background-color:var(--divider-color);-webkit-mask-image:var(--divider-pattern-url);mask-image:var(--divider-pattern-url)}.elementor-widget-divider--no-spacing{--divider-pattern-size:auto}.elementor-widget-divider--bg-round{--divider-pattern-repeat:round}.rtl .elementor-widget-divider .elementor-divider__text{direction:rtl}.e-con-inner>.elementor-widget-divider,.e-con>.elementor-widget-divider{width:var(--container-widget-width,100%);--flex-grow:var(--container-widget-flex-grow)}<\/style>\t\t<div class=\"elementor-divider\">\n\t\t\t<span class=\"elementor-divider-separator\">\n\t\t\t\t\t\t\t<span class=\"elementor-divider__text elementor-divider__element\">\n\t\t\t\tRevue de Presse\t\t\t\t<\/span>\n\t\t\t\t\t\t<\/span>\n\t\t<\/div>\n\t\t\t\t<\/div>\n\t\t\t\t<\/div>\n\t\t\t\t<div class=\"elementor-element elementor-element-69ef74b elementor-widget elementor-widget-text-editor\" data-id=\"69ef74b\" data-element_type=\"widget\" data-widget_type=\"text-editor.default\">\n\t\t\t\t<div class=\"elementor-widget-container\">\n\t\t\t\t\t\t\t<div class=\"custom-list-item\"><i class=\"fa fa-file-text\"><\/i><a title=\"\" href=\"https:\/\/business.lesechos.fr\/entrepreneurs\/innovation-recherche\/0600077340099-biotech-dental-investit-massivement-en-r-d-pour-rester-competitif-324774.php\" target=\"_blank\" rel=\"noopener\">Biotech Dental investit massivement en R&amp;D pour rester comp\u00e9titif \u2013 nov 2018<\/a><\/div><div class=\"custom-list-item\"><i class=\"fa fa-file-text\"><\/i><a title=\"\" href=\"https:\/\/business.lesechos.fr\/entrepreneurs\/success-stories\/0302270257398-philippe-veran-biotech-dental-entrepreneur-de-l-annee-en-region-sud-est-numerise-l-implant-dentaire-323430.php\" target=\"_blank\" rel=\"noopener\">Philippe Veran (Biotech Dental), entrepreneur de l\u2019ann\u00e9e en r\u00e9gion sud-est, num\u00e9rise l\u2019implant dentaire \u2013 sept 2018<\/a><\/div><div class=\"custom-list-item\"><i class=\"fa fa-file-text\"><\/i><a title=\"\" href=\"https:\/\/www.lesechos.fr\/24\/05\/2018\/lesechos.fr\/0301715194445_biotech-dental-leve-100-millions-d-euros-pour-son-usine-numerique-de-protheses-dentaires.htm\" target=\"_blank\" rel=\"noopener\">Biotech Dental l\u00e8ve 100 millions d\u2019euros pour son usine num\u00e9rique de proth\u00e8ses dentaires \u2013 mai 2018<\/a><\/div><div class=\"custom-list-item\"><i class=\"fa fa-file-text\"><\/i><a title=\"\" href=\"https:\/\/www.bpifrance.fr\/A-la-une\/Actualites\/Biotech-Dental-fait-rentrer-la-dentisterie-dans-l-ere-2.0-31336\" target=\"_blank\" rel=\"noopener\">Biotech Dental fait rentrer la dentisterie dans l\u2019\u00e8re 2.0 \u2013 mars 2018<\/a><\/div><div class=\"custom-list-item\"><i class=\"fa fa-file-text\"><\/i><a title=\"\" href=\"http:\/\/partenaires.lepoint.fr\/les-succes-du-made-in-france\/biotech-dental\/\" target=\"_blank\" rel=\"noopener\">BIOTECH DENTAL ou la success story fran\u00e7aise de l\u2019implantologie \u2013 juillet 2017<\/a><\/div><div class=\"custom-list-item\"><i class=\"fa fa-file-text\"><\/i><a title=\"\" href=\"https:\/\/www.lefildentaire.com\/actualites\/actualites-scientifiques\/remise-officielle-du-label-origine-france-garantie-au-groupe-biotech-dental\/\" target=\"_blank\" rel=\"noopener\">Remise officielle du label origine France garantie au groupe biotech dental \u2013 juin 2017<\/a><\/div><div class=\"custom-list-item\"><i class=\"fa fa-file-text\"><\/i><a title=\"\" href=\"https:\/\/www.lesechos.fr\/20\/01\/2017\/LesEchos\/22366-120-ECH_l-usine-a-protheses-de-circle-inaugure-la-dentisterie-du-troisieme-millenaire.htm\" target=\"_blank\" rel=\"noopener\">L\u2019usine \u00e0 proth\u00e8ses de Circle inaugure la dentisterie du troisi\u00e8me mill\u00e9naire \u2013 janv 2017<\/a><\/div><div class=\"custom-list-item\"><i class=\"fa fa-file-text\"><\/i><a title=\"\" href=\"http:\/\/www.biotech-dental.com\/corporate\/presse\/\" target=\"_blank\" rel=\"noopener\">Revue de presse sur le site Biotech-Dental<\/a><\/div><div class=\"vc_empty_space\">\u00a0<\/div><div class=\"custom-list-item\"><i class=\"fa fa-wikipedia-w\"><\/i><a title=\"\" href=\"https:\/\/fr.wikipedia.org\/wiki\/Biotech_Dental#cite_note-13\" target=\"_blank\" rel=\"noopener\">Biotech Dental\u2026. sur Wikipedia<\/a><\/div>\t\t\t\t\t\t<\/div>\n\t\t\t\t<\/div>\n\t\t\t\t\t<\/div>\n\t\t<\/div>\n\t\t\t\t<div class=\"elementor-column elementor-col-50 elementor-top-column elementor-element elementor-element-c23f08b\" data-id=\"c23f08b\" data-element_type=\"column\">\n\t\t\t<div class=\"elementor-widget-wrap elementor-element-populated\">\n\t\t\t\t\t\t<div class=\"elementor-element elementor-element-bdb0da2 elementor-widget-divider--view-line_text elementor-widget-divider--element-align-center elementor-widget elementor-widget-divider\" data-id=\"bdb0da2\" data-element_type=\"widget\" data-widget_type=\"divider.default\">\n\t\t\t\t<div class=\"elementor-widget-container\">\n\t\t\t\t\t<div class=\"elementor-divider\">\n\t\t\t<span class=\"elementor-divider-separator\">\n\t\t\t\t\t\t\t<span class=\"elementor-divider__text elementor-divider__element\">\n\t\t\t\tPour aller plus loin\t\t\t\t<\/span>\n\t\t\t\t\t\t<\/span>\n\t\t<\/div>\n\t\t\t\t<\/div>\n\t\t\t\t<\/div>\n\t\t\t\t<div class=\"elementor-element elementor-element-72c9b78 elementor-align-center elementor-widget elementor-widget-button\" data-id=\"72c9b78\" data-element_type=\"widget\" data-widget_type=\"button.default\">\n\t\t\t\t<div class=\"elementor-widget-container\">\n\t\t\t\t\t<div class=\"elementor-button-wrapper\">\n\t\t\t<a class=\"elementor-button elementor-button-link elementor-size-md\" href=\"http:\/\/maxillo.nantes-atlantique.fr\/wp-content\/uploads\/2013\/06\/KONTACT_PROTHESES_FR_03-2013_WEB.pdf\">\n\t\t\t\t\t\t<span class=\"elementor-button-content-wrapper\">\n\t\t\t\t\t\t\t\t\t<span class=\"elementor-button-text\">Catalogue proth\u00e9tique<\/span>\n\t\t\t\t\t<\/span>\n\t\t\t\t\t<\/a>\n\t\t<\/div>\n\t\t\t\t<\/div>\n\t\t\t\t<\/div>\n\t\t\t\t<div class=\"elementor-element elementor-element-4210a73 elementor-align-center elementor-widget elementor-widget-button\" data-id=\"4210a73\" data-element_type=\"widget\" data-widget_type=\"button.default\">\n\t\t\t\t<div class=\"elementor-widget-container\">\n\t\t\t\t\t<div class=\"elementor-button-wrapper\">\n\t\t\t<a class=\"elementor-button elementor-button-link elementor-size-md\" href=\"https:\/\/nantes-maxillo.com\/techniques-dempreintes-kontact-biotech\">\n\t\t\t\t\t\t<span class=\"elementor-button-content-wrapper\">\n\t\t\t\t\t\t\t\t\t<span class=\"elementor-button-text\">Techniques d'empreintes<\/span>\n\t\t\t\t\t<\/span>\n\t\t\t\t\t<\/a>\n\t\t<\/div>\n\t\t\t\t<\/div>\n\t\t\t\t<\/div>\n\t\t\t\t<div class=\"elementor-element elementor-element-c4e74a1 elementor-align-center elementor-widget elementor-widget-button\" data-id=\"c4e74a1\" data-element_type=\"widget\" data-widget_type=\"button.default\">\n\t\t\t\t<div class=\"elementor-widget-container\">\n\t\t\t\t\t<div class=\"elementor-button-wrapper\">\n\t\t\t<a class=\"elementor-button elementor-button-link elementor-size-md\" href=\"https:\/\/nantes-maxillo.com\/les-piliers-prothetiques-kontact\">\n\t\t\t\t\t\t<span class=\"elementor-button-content-wrapper\">\n\t\t\t\t\t\t\t\t\t<span class=\"elementor-button-text\">Piliers proth\u00e9tiques<\/span>\n\t\t\t\t\t<\/span>\n\t\t\t\t\t<\/a>\n\t\t<\/div>\n\t\t\t\t<\/div>\n\t\t\t\t<\/div>\n\t\t\t\t<div class=\"elementor-element elementor-element-c7261f4 elementor-align-center elementor-widget elementor-widget-button\" data-id=\"c7261f4\" data-element_type=\"widget\" data-widget_type=\"button.default\">\n\t\t\t\t<div class=\"elementor-widget-container\">\n\t\t\t\t\t<div class=\"elementor-button-wrapper\">\n\t\t\t<a class=\"elementor-button elementor-button-link elementor-size-md\" href=\"https:\/\/www.implants.fr\/\" target=\"_blank\">\n\t\t\t\t\t\t<span class=\"elementor-button-content-wrapper\">\n\t\t\t\t\t\t\t\t\t<span class=\"elementor-button-text\">www.implant.fr<\/span>\n\t\t\t\t\t<\/span>\n\t\t\t\t\t<\/a>\n\t\t<\/div>\n\t\t\t\t<\/div>\n\t\t\t\t<\/div>\n\t\t\t\t\t<\/div>\n\t\t<\/div>\n\t\t\t\t\t<\/div>\n\t\t<\/section>\n\t\t<div class=\"elementor-element elementor-element-c4bab93 e-flex e-con-boxed e-con e-parent\" data-id=\"c4bab93\" data-element_type=\"container\">\n\t\t\t\t\t<div class=\"e-con-inner\">\n\t\t\t\t<div class=\"elementor-element elementor-element-e0137b8 elementor-widget elementor-widget-spacer\" data-id=\"e0137b8\" data-element_type=\"widget\" data-widget_type=\"spacer.default\">\n\t\t\t\t<div class=\"elementor-widget-container\">\n\t\t\t<style>\/*! elementor - v3.21.0 - 30-04-2024 *\/\n.elementor-column .elementor-spacer-inner{height:var(--spacer-size)}.e-con{--container-widget-width:100%}.e-con-inner>.elementor-widget-spacer,.e-con>.elementor-widget-spacer{width:var(--container-widget-width,var(--spacer-size));--align-self:var(--container-widget-align-self,initial);--flex-shrink:0}.e-con-inner>.elementor-widget-spacer>.elementor-widget-container,.e-con>.elementor-widget-spacer>.elementor-widget-container{height:100%;width:100%}.e-con-inner>.elementor-widget-spacer>.elementor-widget-container>.elementor-spacer,.e-con>.elementor-widget-spacer>.elementor-widget-container>.elementor-spacer{height:100%}.e-con-inner>.elementor-widget-spacer>.elementor-widget-container>.elementor-spacer>.elementor-spacer-inner,.e-con>.elementor-widget-spacer>.elementor-widget-container>.elementor-spacer>.elementor-spacer-inner{height:var(--container-widget-height,var(--spacer-size))}.e-con-inner>.elementor-widget-spacer.elementor-widget-empty,.e-con>.elementor-widget-spacer.elementor-widget-empty{position:relative;min-height:22px;min-width:22px}.e-con-inner>.elementor-widget-spacer.elementor-widget-empty .elementor-widget-empty-icon,.e-con>.elementor-widget-spacer.elementor-widget-empty .elementor-widget-empty-icon{position:absolute;top:0;bottom:0;left:0;right:0;margin:auto;padding:0;width:22px;height:22px}<\/style>\t\t<div class=\"elementor-spacer\">\n\t\t\t<div class=\"elementor-spacer-inner\"><\/div>\n\t\t<\/div>\n\t\t\t\t<\/div>\n\t\t\t\t<\/div>\n\t\t\t\t\t<\/div>\n\t\t\t\t<\/div>\n\t\t\t\t<\/div>\n\t\t","protected":false},"excerpt":{"rendered":"<p>L\u2019implant Kontact est un implant \u00e0 connectique interne c\u00f4ne morse qui regroupe toutes les derni\u00e8res innovations de la soci\u00e9t\u00e9 Biotech-dental. C\u2019est un implant simple, innovant, et performant. Les possibilit\u00e9s proth\u00e9tiques sont multiples. Il s\u2019agit d\u2019un implant en Titane, con\u00e7u et fabriqu\u00e9 en France. L\u2019implant et le pilier sont garantis \u00e0 vie. Revue de Presse Biotech&hellip;&nbsp;<a href=\"https:\/\/nantes-maxillo.com\/preprod\/caracteristiques-de-limplant-kontact\/\" class=\"\" rel=\"bookmark\">Lire la suite &raquo;<span class=\"screen-reader-text\">Caract\u00e9ristiques de l\u2019implant kontact<\/span><\/a><\/p>\n","protected":false},"author":1,"featured_media":1165,"parent":0,"menu_order":0,"comment_status":"closed","ping_status":"closed","template":"","meta":{"neve_meta_sidebar":"","neve_meta_container":"","neve_meta_enable_content_width":"off","neve_meta_content_width":100,"neve_meta_title_alignment":"","neve_meta_author_avatar":"","neve_post_elements_order":"","neve_meta_disable_header":"","neve_meta_disable_footer":"","neve_meta_disable_title":"","_themeisle_gutenberg_block_has_review":false,"_ti_tpc_template_sync":false,"_ti_tpc_template_id":"","footnotes":""},"class_list":["post-3092","page","type-page","status-publish","has-post-thumbnail","hentry"],"_links":{"self":[{"href":"https:\/\/nantes-maxillo.com\/preprod\/wp-json\/wp\/v2\/pages\/3092","targetHints":{"allow":["GET"]}}],"collection":[{"href":"https:\/\/nantes-maxillo.com\/preprod\/wp-json\/wp\/v2\/pages"}],"about":[{"href":"https:\/\/nantes-maxillo.com\/preprod\/wp-json\/wp\/v2\/types\/page"}],"author":[{"embeddable":true,"href":"https:\/\/nantes-maxillo.com\/preprod\/wp-json\/wp\/v2\/users\/1"}],"replies":[{"embeddable":true,"href":"https:\/\/nantes-maxillo.com\/preprod\/wp-json\/wp\/v2\/comments?post=3092"}],"version-history":[{"count":6,"href":"https:\/\/nantes-maxillo.com\/preprod\/wp-json\/wp\/v2\/pages\/3092\/revisions"}],"predecessor-version":[{"id":5445,"href":"https:\/\/nantes-maxillo.com\/preprod\/wp-json\/wp\/v2\/pages\/3092\/revisions\/5445"}],"wp:featuredmedia":[{"embeddable":true,"href":"https:\/\/nantes-maxillo.com\/preprod\/wp-json\/wp\/v2\/media\/1165"}],"wp:attachment":[{"href":"https:\/\/nantes-maxillo.com\/preprod\/wp-json\/wp\/v2\/media?parent=3092"}],"curies":[{"name":"wp","href":"https:\/\/api.w.org\/{rel}","templated":true}]}}