{"id":3026,"date":"2016-01-20T15:48:33","date_gmt":"2016-01-20T15:48:33","guid":{"rendered":"http:\/\/nantes-maxillo.com\/?page_id=3026"},"modified":"2024-05-07T16:11:01","modified_gmt":"2024-05-07T14:11:01","slug":"et-si-un-jour-vous-aviez-besoin-dune-greffe-osseuse","status":"publish","type":"page","link":"https:\/\/nantes-maxillo.com\/preprod\/et-si-un-jour-vous-aviez-besoin-dune-greffe-osseuse\/","title":{"rendered":"Et si un jour vous aviez besoin d\u2019une greffe osseuse\u2026"},"content":{"rendered":"\t\t<div data-elementor-type=\"wp-page\" data-elementor-id=\"3026\" class=\"elementor elementor-3026\">\n\t\t\t\t\t\t<section class=\"elementor-section elementor-top-section elementor-element elementor-element-04c311e elementor-section-stretched elementor-section-boxed elementor-section-height-default elementor-section-height-default\" data-id=\"04c311e\" data-element_type=\"section\" data-settings=\"{&quot;stretch_section&quot;:&quot;section-stretched&quot;}\">\n\t\t\t\t\t\t<div class=\"elementor-container elementor-column-gap-default\">\n\t\t\t\t\t<div class=\"elementor-column elementor-col-100 elementor-top-column elementor-element elementor-element-672ec1b\" data-id=\"672ec1b\" data-element_type=\"column\">\n\t\t\t<div class=\"elementor-widget-wrap elementor-element-populated\">\n\t\t\t\t\t\t<div class=\"elementor-element elementor-element-5b3ba16 elementor-widget elementor-widget-text-editor\" data-id=\"5b3ba16\" data-element_type=\"widget\" data-widget_type=\"text-editor.default\">\n\t\t\t\t<div class=\"elementor-widget-container\">\n\t\t\t<style>\/*! elementor - v3.21.0 - 30-04-2024 *\/\n.elementor-widget-text-editor.elementor-drop-cap-view-stacked .elementor-drop-cap{background-color:#69727d;color:#fff}.elementor-widget-text-editor.elementor-drop-cap-view-framed .elementor-drop-cap{color:#69727d;border:3px solid;background-color:transparent}.elementor-widget-text-editor:not(.elementor-drop-cap-view-default) .elementor-drop-cap{margin-top:8px}.elementor-widget-text-editor:not(.elementor-drop-cap-view-default) .elementor-drop-cap-letter{width:1em;height:1em}.elementor-widget-text-editor .elementor-drop-cap{float:left;text-align:center;line-height:1;font-size:50px}.elementor-widget-text-editor .elementor-drop-cap-letter{display:inline-block}<\/style>\t\t\t\t<p>Il est possible qu\u2019un jour vous ayez besoin d\u2019une greffe osseuse.<\/p><p>Il existe plusieurs types de produits pour r\u00e9parer un os ab\u00eem\u00e9, donc celui qui provient d\u2019une autre personne :<\/p><h2>L\u2019ALLOGREFFE<\/h2><p>L\u2019os est pr\u00e9lev\u00e9 sur un patient lors d\u2019une intervention chirurgicale, dans ce cas la personne a choisi d\u2019\u00eatre donneur pour le bien d\u2019un autre patient.<span id=\"more-816\"><\/span><\/p><h3>A QUELLE OCCASION PUIS-JE \u00caTRE DONNEUR ?<\/h3><p>Si vous devez \u00eatre op\u00e9r\u00e9 pour le pose d\u2019une proth\u00e8se de hanche, une partie de votre f\u00e9mur (la t\u00eate f\u00e9morale) doit \u00eatre retir\u00e9e.<br \/>Avec votre accord, le chirurgien pourra transmettre la t\u00eate f\u00e9morale \u00e0 une banque de tissus sp\u00e9cialis\u00e9e.<\/p><h3>POURQUOI DONNER MA T\u00caTE F\u00c9MORALE ?<\/h3><p>Il serait dommage qu\u2019elle soit jet\u00e9e alors qu\u2019elle serait utile \u00e0 une autre personne qui souffre d\u2019un traumatisme ou d\u2019une pathologie osseuse.<\/p><h3>EST-CE COMPLIQU\u00c9 D\u2019\u00caTRE DONNEUR ?<\/h3><p>Non. Avant votre op\u00e9ration, vous r\u00e9pondez \u00e0 un questionnaire m\u00e9dical avec votre chirurgien et vous donner votre accord par une simple signature.<\/p><h3>COMBIEN CA CO\u00dbTE ?<\/h3><p>Le don de tissus est gratuit et anonyme, il ne vous engage en rien.<\/p><p><strong>BIOBank<\/strong><br \/><strong>N\u00b0 Agr\u00e9ment Banque : BT\/03\/O\/005<\/strong><\/p><p>Banque de tissus : \u00c9tablissement autoris\u00e9 \u00e0 pr\u00e9lever, concerner, transformer et distribuer des tissus d\u2019origine humaine, plac\u00e9 sous l\u2019autorit\u00e9 de l\u2019AFSSAPS et de l\u2019Agence de la Biom\u00e9decine.<\/p><p>AFSSAPS : Agence Fran\u00e7aise de S\u00e9curit\u00e9 Sanitaire des Produits de Sant\u00e9.<br \/><a href=\"https:\/\/www.ansm.sante.fr\/\" target=\"_blank\" rel=\"noopener\">https:\/\/www.ansm.sante.fr\/<\/a><\/p><p>Agence de la Biom\u00e9decine :<br \/>Agence qui encadre et coordonne les activit\u00e9s de greffes en France<br \/><a href=\"https:\/\/www.agence-biomedecine.fr\/\" target=\"_blank\" rel=\"noopener\">https:\/\/www.agence-biomedecine.fr\/\u00a0<\/a><\/p><p>N\u2019h\u00e9sitez pas \u00e0 demander des informations \u00e0 votre chirurgien.<\/p>\t\t\t\t\t\t<\/div>\n\t\t\t\t<\/div>\n\t\t\t\t\t<\/div>\n\t\t<\/div>\n\t\t\t\t\t<\/div>\n\t\t<\/section>\n\t\t<div class=\"elementor-element elementor-element-4b19682 e-flex e-con-boxed e-con e-parent\" data-id=\"4b19682\" data-element_type=\"container\">\n\t\t\t\t\t<div class=\"e-con-inner\">\n\t\t\t\t<div class=\"elementor-element elementor-element-60e83bb elementor-widget elementor-widget-spacer\" data-id=\"60e83bb\" data-element_type=\"widget\" data-widget_type=\"spacer.default\">\n\t\t\t\t<div class=\"elementor-widget-container\">\n\t\t\t<style>\/*! elementor - v3.21.0 - 30-04-2024 *\/\n.elementor-column .elementor-spacer-inner{height:var(--spacer-size)}.e-con{--container-widget-width:100%}.e-con-inner>.elementor-widget-spacer,.e-con>.elementor-widget-spacer{width:var(--container-widget-width,var(--spacer-size));--align-self:var(--container-widget-align-self,initial);--flex-shrink:0}.e-con-inner>.elementor-widget-spacer>.elementor-widget-container,.e-con>.elementor-widget-spacer>.elementor-widget-container{height:100%;width:100%}.e-con-inner>.elementor-widget-spacer>.elementor-widget-container>.elementor-spacer,.e-con>.elementor-widget-spacer>.elementor-widget-container>.elementor-spacer{height:100%}.e-con-inner>.elementor-widget-spacer>.elementor-widget-container>.elementor-spacer>.elementor-spacer-inner,.e-con>.elementor-widget-spacer>.elementor-widget-container>.elementor-spacer>.elementor-spacer-inner{height:var(--container-widget-height,var(--spacer-size))}.e-con-inner>.elementor-widget-spacer.elementor-widget-empty,.e-con>.elementor-widget-spacer.elementor-widget-empty{position:relative;min-height:22px;min-width:22px}.e-con-inner>.elementor-widget-spacer.elementor-widget-empty .elementor-widget-empty-icon,.e-con>.elementor-widget-spacer.elementor-widget-empty .elementor-widget-empty-icon{position:absolute;top:0;bottom:0;left:0;right:0;margin:auto;padding:0;width:22px;height:22px}<\/style>\t\t<div class=\"elementor-spacer\">\n\t\t\t<div class=\"elementor-spacer-inner\"><\/div>\n\t\t<\/div>\n\t\t\t\t<\/div>\n\t\t\t\t<\/div>\n\t\t\t\t\t<\/div>\n\t\t\t\t<\/div>\n\t\t\t\t<\/div>\n\t\t","protected":false},"excerpt":{"rendered":"<p>Il est possible qu\u2019un jour vous ayez besoin d\u2019une greffe osseuse. Il existe plusieurs types de produits pour r\u00e9parer un os ab\u00eem\u00e9, donc celui qui provient d\u2019une autre personne : L\u2019ALLOGREFFE L\u2019os est pr\u00e9lev\u00e9 sur un patient lors d\u2019une intervention chirurgicale, dans ce cas la personne a choisi d\u2019\u00eatre donneur pour le bien d\u2019un autre&hellip;&nbsp;<a href=\"https:\/\/nantes-maxillo.com\/preprod\/et-si-un-jour-vous-aviez-besoin-dune-greffe-osseuse\/\" class=\"\" rel=\"bookmark\">Lire la suite &raquo;<span class=\"screen-reader-text\">Et si un jour vous aviez besoin d\u2019une greffe osseuse\u2026<\/span><\/a><\/p>\n","protected":false},"author":1,"featured_media":1165,"parent":0,"menu_order":0,"comment_status":"closed","ping_status":"closed","template":"","meta":{"neve_meta_sidebar":"","neve_meta_container":"","neve_meta_enable_content_width":"off","neve_meta_content_width":100,"neve_meta_title_alignment":"","neve_meta_author_avatar":"","neve_post_elements_order":"","neve_meta_disable_header":"","neve_meta_disable_footer":"","neve_meta_disable_title":"","_themeisle_gutenberg_block_has_review":false,"_ti_tpc_template_sync":false,"_ti_tpc_template_id":"","footnotes":""},"class_list":["post-3026","page","type-page","status-publish","has-post-thumbnail","hentry"],"_links":{"self":[{"href":"https:\/\/nantes-maxillo.com\/preprod\/wp-json\/wp\/v2\/pages\/3026","targetHints":{"allow":["GET"]}}],"collection":[{"href":"https:\/\/nantes-maxillo.com\/preprod\/wp-json\/wp\/v2\/pages"}],"about":[{"href":"https:\/\/nantes-maxillo.com\/preprod\/wp-json\/wp\/v2\/types\/page"}],"author":[{"embeddable":true,"href":"https:\/\/nantes-maxillo.com\/preprod\/wp-json\/wp\/v2\/users\/1"}],"replies":[{"embeddable":true,"href":"https:\/\/nantes-maxillo.com\/preprod\/wp-json\/wp\/v2\/comments?post=3026"}],"version-history":[{"count":5,"href":"https:\/\/nantes-maxillo.com\/preprod\/wp-json\/wp\/v2\/pages\/3026\/revisions"}],"predecessor-version":[{"id":5406,"href":"https:\/\/nantes-maxillo.com\/preprod\/wp-json\/wp\/v2\/pages\/3026\/revisions\/5406"}],"wp:featuredmedia":[{"embeddable":true,"href":"https:\/\/nantes-maxillo.com\/preprod\/wp-json\/wp\/v2\/media\/1165"}],"wp:attachment":[{"href":"https:\/\/nantes-maxillo.com\/preprod\/wp-json\/wp\/v2\/media?parent=3026"}],"curies":[{"name":"wp","href":"https:\/\/api.w.org\/{rel}","templated":true}]}}