{"id":3024,"date":"2016-01-20T15:47:20","date_gmt":"2016-01-20T15:47:20","guid":{"rendered":"http:\/\/nantes-maxillo.com\/?page_id=3024"},"modified":"2024-05-07T16:07:37","modified_gmt":"2024-05-07T14:07:37","slug":"allogreffes-greffes-osseuses-dorigine-humaine","status":"publish","type":"page","link":"https:\/\/nantes-maxillo.com\/preprod\/allogreffes-greffes-osseuses-dorigine-humaine\/","title":{"rendered":"Allogreffes (Greffes Osseuses d\u2019origine humaine)"},"content":{"rendered":"\t\t<div data-elementor-type=\"wp-page\" data-elementor-id=\"3024\" class=\"elementor elementor-3024\">\n\t\t\t\t\t\t<section class=\"elementor-section elementor-top-section elementor-element elementor-element-8b480bb elementor-section-stretched elementor-section-boxed elementor-section-height-default elementor-section-height-default\" data-id=\"8b480bb\" data-element_type=\"section\" data-settings=\"{&quot;stretch_section&quot;:&quot;section-stretched&quot;}\">\n\t\t\t\t\t\t<div class=\"elementor-container elementor-column-gap-default\">\n\t\t\t\t\t<div class=\"elementor-column elementor-col-100 elementor-top-column elementor-element elementor-element-5bd04e5\" data-id=\"5bd04e5\" data-element_type=\"column\">\n\t\t\t<div class=\"elementor-widget-wrap elementor-element-populated\">\n\t\t\t\t\t\t<div class=\"elementor-element elementor-element-1271637 elementor-widget elementor-widget-text-editor\" data-id=\"1271637\" data-element_type=\"widget\" data-widget_type=\"text-editor.default\">\n\t\t\t\t<div class=\"elementor-widget-container\">\n\t\t\t<style>\/*! elementor - v3.21.0 - 30-04-2024 *\/\n.elementor-widget-text-editor.elementor-drop-cap-view-stacked .elementor-drop-cap{background-color:#69727d;color:#fff}.elementor-widget-text-editor.elementor-drop-cap-view-framed .elementor-drop-cap{color:#69727d;border:3px solid;background-color:transparent}.elementor-widget-text-editor:not(.elementor-drop-cap-view-default) .elementor-drop-cap{margin-top:8px}.elementor-widget-text-editor:not(.elementor-drop-cap-view-default) .elementor-drop-cap-letter{width:1em;height:1em}.elementor-widget-text-editor .elementor-drop-cap{float:left;text-align:center;line-height:1;font-size:50px}.elementor-widget-text-editor .elementor-drop-cap-letter{display:inline-block}<\/style>\t\t\t\t<h2 class=\"entry-title\">Allogreffes osseuses<\/h2><p>Les allogreffes sont des greffes d\u2019origine humaine. Nous avons l\u2019habitude de travailler avec la banque osseuse BIOBank.<\/p><p><strong>BIOBank \u2013 Une banque de tissus autoris\u00e9e<br \/><\/strong>BIOBank\u00a0est une banque fran\u00e7aise de tissus autoris\u00e9e par l\u2019<a title=\"Agence Nationale de la S\u00e9curit\u00e9 du M\u00e9dicament et des produits de sante\" href=\"http:\/\/ansm.sante.fr\/\" target=\"_blank\" rel=\"noopener\">ANSM<\/a>\u00a0pour la conservation, la transformation et la distribution de greffons osseux. Le greffons BIOBank sont des t\u00eates f\u00e9morales humaines pr\u00e9lev\u00e9es en France sur donneurs vivants lors d\u2019arthroplasties de hanche.<br \/>La s\u00e9lection des donneurs est fond\u00e9e sur le strict respect des crit\u00e8res cliniques et s\u00e9rologiques r\u00e9glementaires.<span id=\"more-813\"><\/span><\/p><p>Les t\u00eates f\u00e9morales sont transform\u00e9es en greffons osseux viro-inactiv\u00e9s et st\u00e9riles par la mise en \u0153uvre du proc\u00e9d\u00e9 Supercrit*<\/p><p><strong>Supercrit<\/strong>* \u2013\u00a0<strong>Un proc\u00e9d\u00e9 exclusif<br \/><\/strong>Cette technologie innovante utilise le dioxyde de carbone (CO2) \u00e0 l\u2019\u00e9tat supercritique (1) qui offre des performances exceptionnelles :<br \/>&gt; p\u00e9n\u00e9tration dans la totalit\u00e9 du tissus osseux<br \/>&gt; \u00e9limination compl\u00e8te de la moelle osseuse<br \/>&gt; pr\u00e9servation de la structure min\u00e9rale et collag\u00e9nique<br \/>Ces qualit\u00e9s conf\u00e8rent aux greffons un pouvoir ost\u00e9oconducteur optimal (4)<\/p><h3><strong>Pourquoi choisir le greffon BIOBank ?<\/strong><\/h3><p><strong>Le plus sur<\/strong><br \/>Le greffon BIOBank b\u00e9n\u00e9ficie d\u2019une inactivation virale (2,3) comprenant un traitement anti-prion \u00e0 l\u2019hydroxyde de sodium recommand\u00e9 par les autorit\u00e9s sanitaires internationales.<\/p><p><strong>Le plus solide<\/strong><br \/>Le greffon BIOBank conserve les propri\u00e9t\u00e9s biom\u00e9caniques naturelle de l\u2019os (5,6).<\/p><p><strong>Le plus ost\u00e9oconducteur<br \/><\/strong>Le greffon BIOBank, par l\u2019efficacit\u00e9 du proc\u00e9d\u00e9 Supercrit*, pr\u00e9sente un caract\u00e8re hydrophile acc\u00e9l\u00e9rant le processus de n\u00e9oformation osseuse (7).<\/p><p><a href=\"http:\/\/maxillo.nantes-atlantique.fr\/allogreffes-greffes-osseuses-dorigine-humaine\/biobank-poudre\/\" rel=\"attachment wp-att-818\"><img fetchpriority=\"high\" decoding=\"async\" class=\"aligncenter\" src=\"https:\/\/maxillo.nantes-atlantique.fr\/wp-content\/uploads\/2013\/06\/biobank-poudre-300x300.jpg\" alt=\"biobank poudre\" width=\"300\" height=\"300\" \/><\/a><\/p><p>Formes poudres<br \/>90031 Poudres d\u2019os spongieux 0,5mm \u2013 0,5 cc<br \/>90032 Poudres d\u2019os spongieux 0,5 mm \u2013 1 cc<br \/>90033 Poudres d\u2019os spongieux 0,5 mm \u2013 2 cc<br \/>90034 Poudres d\u2019os spongieux 0,5 mm \u2013 5 cc<\/p><h3>Indications th\u00e9rapeutiques<\/h3><p>Les poudres d\u2019os spongieux BIOBank pr\u00e9sentent des propri\u00e9t\u00e9s d\u2019ost\u00e9oconduction et de consolidation recherch\u00e9es par le chirurgien dans les indications suivantes :<\/p><ul><li>comblement p\u00e9ri-implantaire avec mise en fonction diff\u00e9r\u00e9e des implants<\/li><li>comblement post-extractionnel<\/li><li>comblement de poche kystique<\/li><li>comblement des l\u00e9sions angulaires des maladies parodontales<\/li><li>comblement pour \u00e9l\u00e9vation sinusienne sans sollicitation m\u00e9caniques.<\/li><\/ul><h3>Indications th\u00e9rapeutiques<\/h3><p>Le bloc spongieux est utilis\u00e9 pour le comblement de site de pr\u00e9l\u00e8vement.<br \/>Les plaquettes osseuses sont utilis\u00e9es en substitution des greffes autologues (pr\u00e9l\u00e8vement de site cr\u00e2nien ou pr\u00e9l\u00e8vement de cr\u00eates iliaques) avant pose d\u2019implant dentaires en cas de\u00a0 :<\/p><ul><li>volume osseux sous-sinusien insuffisant<\/li><li>cr\u00eate atrophiques de l\u2019os maxillaire<\/li><\/ul><h5>(1) :Fages J., Marty L., Delga C., Condoret J.-S., Combes D., Frayssinet P., Use of supercritical CO2 for bone delipidation. Biomaterials, 1994, 15:650-6.<\/h5><h5>(2) : Fages J., Frayssinet P., Poirier B., Barbier Y., Joffret ML, Larzul D., Majewski W., Bonel G., Viral inactivation of human bone tissue using supercritical fluid extraction. ASAIO journal, 1998, 44:289-93.<\/h5><h5>(3) : Pasteur-Texcell, Evaluation of the viral safety level during manufacturing process of human bone grafts. Evaluation carried out by using the whole femoral head. Report number : 250\/01\/5375\/01,2003.<\/h5><h5>(4) : Frayssinet P., Rouquet N., Mathon D;, Autefage A., Fages J., Histological intergration of allogeneic cancellous bone tissue treated by supercritical CO2 implanted in sheep bones. Biomaterials, 1998,19:2247-53.<\/h5><h5>(5) : Mitton D., Rappeneau J., Bardonnet R., Effect of a supercritcal CO2 based treatement on mechanical properties of human cancellous bone. Eur J Orthop Surg Traumatol, 2005, 15:264-9.<\/h5><h5>(6) : Vastel L., Masse C., Crozier E., Padilla F., Laugier P., Mitton D., Bardonnet R., Courpied J.-P., Comparative ultrsound evaluation of human tracular bone graft properties after treatement with different stErilisation procEdures. JBMR (sous presse).<\/h5><h5>(7) : Poure J.-C., De l\u2019utilisation des greffons allog\u00e9niques. Lettre de stomatologie n\u00b038, 2008<\/h5><p>BIOBank \u2013 ZA Lavoisier \u2013 4 rue Lebon<br \/>77220 PRESLE EN BRIE \u2013 FRANCE<br \/>T\u00e9l\u00a0: +33 (0)1 64 42 59 60<br \/><a href=\"mailto:commercial@biobank.fr\">commercial@biobank.fr<br \/><\/a><a href=\"https:\/\/www.biobank.fr\/chirurgie-dentaire-patient.html\" target=\"_blank\" rel=\"noopener\">http:\/\/www.biobank.fr\/chirurgie-dentaire-patient.html<br \/><\/a><a href=\"https:\/\/www.biobank.fr\/\" target=\"_blank\" rel=\"noopener\">www.biobank.fr<\/a><\/p><p><a href=\"http:\/\/maxillo.nantes-atlantique.fr\/et-si-un-jour-vous-aviez-besoin-dune-greffe-osseuse\">Informations sur le don de greffes osseuses<\/a><\/p>\t\t\t\t\t\t<\/div>\n\t\t\t\t<\/div>\n\t\t\t\t\t<\/div>\n\t\t<\/div>\n\t\t\t\t\t<\/div>\n\t\t<\/section>\n\t\t<div class=\"elementor-element elementor-element-8fe0f50 e-flex e-con-boxed e-con e-parent\" data-id=\"8fe0f50\" data-element_type=\"container\">\n\t\t\t\t\t<div class=\"e-con-inner\">\n\t\t\t\t<div class=\"elementor-element elementor-element-8732048 elementor-widget elementor-widget-spacer\" data-id=\"8732048\" data-element_type=\"widget\" data-widget_type=\"spacer.default\">\n\t\t\t\t<div class=\"elementor-widget-container\">\n\t\t\t<style>\/*! elementor - v3.21.0 - 30-04-2024 *\/\n.elementor-column .elementor-spacer-inner{height:var(--spacer-size)}.e-con{--container-widget-width:100%}.e-con-inner>.elementor-widget-spacer,.e-con>.elementor-widget-spacer{width:var(--container-widget-width,var(--spacer-size));--align-self:var(--container-widget-align-self,initial);--flex-shrink:0}.e-con-inner>.elementor-widget-spacer>.elementor-widget-container,.e-con>.elementor-widget-spacer>.elementor-widget-container{height:100%;width:100%}.e-con-inner>.elementor-widget-spacer>.elementor-widget-container>.elementor-spacer,.e-con>.elementor-widget-spacer>.elementor-widget-container>.elementor-spacer{height:100%}.e-con-inner>.elementor-widget-spacer>.elementor-widget-container>.elementor-spacer>.elementor-spacer-inner,.e-con>.elementor-widget-spacer>.elementor-widget-container>.elementor-spacer>.elementor-spacer-inner{height:var(--container-widget-height,var(--spacer-size))}.e-con-inner>.elementor-widget-spacer.elementor-widget-empty,.e-con>.elementor-widget-spacer.elementor-widget-empty{position:relative;min-height:22px;min-width:22px}.e-con-inner>.elementor-widget-spacer.elementor-widget-empty .elementor-widget-empty-icon,.e-con>.elementor-widget-spacer.elementor-widget-empty .elementor-widget-empty-icon{position:absolute;top:0;bottom:0;left:0;right:0;margin:auto;padding:0;width:22px;height:22px}<\/style>\t\t<div class=\"elementor-spacer\">\n\t\t\t<div class=\"elementor-spacer-inner\"><\/div>\n\t\t<\/div>\n\t\t\t\t<\/div>\n\t\t\t\t<\/div>\n\t\t\t\t\t<\/div>\n\t\t\t\t<\/div>\n\t\t\t\t<\/div>\n\t\t","protected":false},"excerpt":{"rendered":"<p>Allogreffes osseuses Les allogreffes sont des greffes d\u2019origine humaine. Nous avons l\u2019habitude de travailler avec la banque osseuse BIOBank. BIOBank \u2013 Une banque de tissus autoris\u00e9eBIOBank\u00a0est une banque fran\u00e7aise de tissus autoris\u00e9e par l\u2019ANSM\u00a0pour la conservation, la transformation et la distribution de greffons osseux. Le greffons BIOBank sont des t\u00eates f\u00e9morales humaines pr\u00e9lev\u00e9es en France&hellip;&nbsp;<a href=\"https:\/\/nantes-maxillo.com\/preprod\/allogreffes-greffes-osseuses-dorigine-humaine\/\" class=\"\" rel=\"bookmark\">Lire la suite &raquo;<span class=\"screen-reader-text\">Allogreffes (Greffes Osseuses d\u2019origine humaine)<\/span><\/a><\/p>\n","protected":false},"author":1,"featured_media":1165,"parent":0,"menu_order":0,"comment_status":"closed","ping_status":"closed","template":"","meta":{"neve_meta_sidebar":"","neve_meta_container":"","neve_meta_enable_content_width":"off","neve_meta_content_width":100,"neve_meta_title_alignment":"","neve_meta_author_avatar":"","neve_post_elements_order":"","neve_meta_disable_header":"","neve_meta_disable_footer":"","neve_meta_disable_title":"","_themeisle_gutenberg_block_has_review":false,"_ti_tpc_template_sync":false,"_ti_tpc_template_id":"","footnotes":""},"class_list":["post-3024","page","type-page","status-publish","has-post-thumbnail","hentry"],"_links":{"self":[{"href":"https:\/\/nantes-maxillo.com\/preprod\/wp-json\/wp\/v2\/pages\/3024","targetHints":{"allow":["GET"]}}],"collection":[{"href":"https:\/\/nantes-maxillo.com\/preprod\/wp-json\/wp\/v2\/pages"}],"about":[{"href":"https:\/\/nantes-maxillo.com\/preprod\/wp-json\/wp\/v2\/types\/page"}],"author":[{"embeddable":true,"href":"https:\/\/nantes-maxillo.com\/preprod\/wp-json\/wp\/v2\/users\/1"}],"replies":[{"embeddable":true,"href":"https:\/\/nantes-maxillo.com\/preprod\/wp-json\/wp\/v2\/comments?post=3024"}],"version-history":[{"count":4,"href":"https:\/\/nantes-maxillo.com\/preprod\/wp-json\/wp\/v2\/pages\/3024\/revisions"}],"predecessor-version":[{"id":5401,"href":"https:\/\/nantes-maxillo.com\/preprod\/wp-json\/wp\/v2\/pages\/3024\/revisions\/5401"}],"wp:featuredmedia":[{"embeddable":true,"href":"https:\/\/nantes-maxillo.com\/preprod\/wp-json\/wp\/v2\/media\/1165"}],"wp:attachment":[{"href":"https:\/\/nantes-maxillo.com\/preprod\/wp-json\/wp\/v2\/media?parent=3024"}],"curies":[{"name":"wp","href":"https:\/\/api.w.org\/{rel}","templated":true}]}}