{"id":3004,"date":"2016-01-20T15:30:45","date_gmt":"2016-01-20T15:30:45","guid":{"rendered":"http:\/\/nantes-maxillo.com\/?page_id=3004"},"modified":"2024-05-07T15:34:20","modified_gmt":"2024-05-07T13:34:20","slug":"la-chirurgie-du-nez-rhinoplastie","status":"publish","type":"page","link":"https:\/\/nantes-maxillo.com\/preprod\/la-chirurgie-du-nez-rhinoplastie\/","title":{"rendered":"La chirurgie du nez (rhinoplastie)"},"content":{"rendered":"\t\t<div data-elementor-type=\"wp-page\" data-elementor-id=\"3004\" class=\"elementor elementor-3004\">\n\t\t\t\t\t\t<section class=\"elementor-section elementor-top-section elementor-element elementor-element-80fb1f2 elementor-section-stretched elementor-section-boxed elementor-section-height-default elementor-section-height-default\" data-id=\"80fb1f2\" data-element_type=\"section\" data-settings=\"{&quot;stretch_section&quot;:&quot;section-stretched&quot;}\">\n\t\t\t\t\t\t<div class=\"elementor-container elementor-column-gap-default\">\n\t\t\t\t\t<div class=\"elementor-column elementor-col-100 elementor-top-column elementor-element elementor-element-3e95152\" data-id=\"3e95152\" data-element_type=\"column\">\n\t\t\t<div class=\"elementor-widget-wrap elementor-element-populated\">\n\t\t\t\t\t\t<div class=\"elementor-element elementor-element-2bd5579 elementor-widget elementor-widget-text-editor\" data-id=\"2bd5579\" data-element_type=\"widget\" data-widget_type=\"text-editor.default\">\n\t\t\t\t<div class=\"elementor-widget-container\">\n\t\t\t<style>\/*! elementor - v3.21.0 - 30-04-2024 *\/\n.elementor-widget-text-editor.elementor-drop-cap-view-stacked .elementor-drop-cap{background-color:#69727d;color:#fff}.elementor-widget-text-editor.elementor-drop-cap-view-framed .elementor-drop-cap{color:#69727d;border:3px solid;background-color:transparent}.elementor-widget-text-editor:not(.elementor-drop-cap-view-default) .elementor-drop-cap{margin-top:8px}.elementor-widget-text-editor:not(.elementor-drop-cap-view-default) .elementor-drop-cap-letter{width:1em;height:1em}.elementor-widget-text-editor .elementor-drop-cap{float:left;text-align:center;line-height:1;font-size:50px}.elementor-widget-text-editor .elementor-drop-cap-letter{display:inline-block}<\/style>\t\t\t\t<ol><li class=\"full-width\"><p class=\"paragraph_style_3\"><span class=\"Puce\">\u2023<\/span> La rhinoplastie est l\u2019intervention chirurgicale qui permet de r\u00e9parer et d\u2019embellir le nez. Ses reliefs accrochent la lumi\u00e8re et les regards, ses sens captent l\u2019environnement, sa forme se fond dans la personnalit\u00e9.<\/p><\/li><\/ol><p class=\"paragraph_style_4\"><a href=\"http:\/\/maxillo.nantes-atlantique.fr\/383\/rhino\/\" rel=\"attachment wp-att-88\"><img decoding=\"async\" class=\"size-full wp-image-88 aligncenter\" src=\"http:\/\/maxillo.nantes-atlantique.fr\/wp-content\/uploads\/2012\/12\/rhino.jpg\" alt=\"rhino\" width=\"230\" height=\"168\" \/><\/a><\/p><ol><li class=\"full-width\"><p class=\"paragraph_style_3\"><span class=\"Puce\">\u2023<\/span> La rhinoplastie est dite r\u00e9paratrice quand il existe des troubles fonctionnels ou des malformations (s\u00e9quelles de fente labio-alv\u00e9olaire, autres malformations nasales, probl\u00e8mes de respiration, s\u00e9quelles de traumatismes nasales, ensellure, c).<\/p><\/li><\/ol><ol><li class=\"full-width\"><p class=\"paragraph_style_3\"><span class=\"Puce\">\u2023<\/span> La septoplastie traite la cloison nasale en cas de d\u00e9formation occasionnant des troubles ventilatoires et confirm\u00e9e cliniquement et radiologiquement ; si ce geste est associ\u00e9 \u00e0 une rhinoplastie, on parle de septo-rhinoplastie.<\/p><\/li><li class=\"full-width\"><p class=\"paragraph_style_3\"><span class=\"Puce\">\u2023<\/span>En dehors de cas cas, on parle de rhinoplastie esth\u00e9tique qui s\u2019adresse aux d\u00e9fauts esth\u00e9tiques, sans v\u00e9ritable pathologie, mais mal support\u00e9s par les patients.<\/p><\/li><\/ol><div class=\"paragraph paragraph_style_5\">\u00a0<\/div><ol><li class=\"full-width\"><p class=\"paragraph_style_3\"><span class=\"Puce\">\u2023<\/span> Une rhinoplastie peut \u00eatre r\u00e9alis\u00e9e isol\u00e9ment ou associ\u00e9e \u00e0 d\u2019autres gestes au niveau de la face, en particulier \u00e0 une g\u00e9nioplastie (modification du menton) pour am\u00e9liorer l\u2019ensemble du profil (profiloplastie). Il n\u2019y a pas de standards de beaut\u00e9 au niveau du nez. Le chirurgien plasticien ou maxillo-facial met en \u0153uvre tout son art et son exp\u00e9rience pour obtenir le r\u00e9sultat voulu. Ce r\u00e9sultat doit \u00eatre fonctionnel et esth\u00e9tique, adapt\u00e9 \u00e0 la personnalit\u00e9 et \u00e0 la psychologie du patient, et bien vieillir.<\/p><\/li><\/ol><ol><li class=\"full-width\"><p class=\"paragraph_style_3\"><span class=\"Puce\">\u2023<\/span> Deux \u00e0 trois consultations sont en g\u00e9n\u00e9ral n\u00e9cessaires pour r\u00e9aliser l\u2019examen clinique (esth\u00e9tique et fonctionnel), les bilans radiologique et photographique, ainsi que les simulations num\u00e9riques. Ce processus \u00e0 l\u2019avantage de confirmer la motivation du patient, d\u2019\u00e9tablir avec lui un cahier des charges pr\u00e9cis et de recueillir son consentement.<\/p><\/li><\/ol><p class=\"paragraph_style_5\"><span class=\"style\">Pr\u00e9paration<\/span> : Douche la veille.<\/p><p class=\"paragraph_style_5\"><span class=\"style\">Temps d\u2019hospitalisation<\/span> : 24 \u00e0 48 heures.<\/p><p class=\"paragraph_style_5\"><span class=\"style\">Dur\u00e9e de la chirurgie<\/span> : 1 \u00e0 2 heures. Anesth\u00e9sie : Locale ou g\u00e9n\u00e9rale.<\/p><p class=\"paragraph_style_5\"><span class=\"style\">Douleur<\/span> : Mod\u00e9r\u00e9e (2 \u00e0 3\/7), calm\u00e9e par les antalgiques l\u00e9gers et anti-inflammatoires de courte dur\u00e9e.<\/p><p class=\"paragraph_style_5\"><span class=\"style\">Soins<\/span> : Compresses fra\u00eeches sur les yeux, antalgiques.<\/p><p class=\"paragraph_style_5\"><span class=\"style\">Complications<\/span> : Rares : h\u00e9matome, infection, retard de cicatrisation \/ exceptionnelle : troubles de la vision, c\u00e9cit\u00e9.<\/p><p class=\"paragraph_style_5\"><span class=\"style\">Contre-indications temporaires ou d\u00e9finitives<\/span> : Probl\u00e8me ophtalmologique grave, tabac, hypertension, diab\u00e8te mal \u00e9quilibr\u00e9, traitement faisant saigner.<\/p><p class=\"paragraph_style_5\"><span class=\"style\">Suivi<\/span> : Attelle 8-10 jours, contr\u00f4les \u00e0 2 mois , 6 mois, 1 an.<\/p><p class=\"paragraph_style_5\"><span class=\"style\">\u00c9viction sociale<\/span> : 8 \u00e0 20 jours.<\/p>\t\t\t\t\t\t<\/div>\n\t\t\t\t<\/div>\n\t\t\t\t\t<\/div>\n\t\t<\/div>\n\t\t\t\t\t<\/div>\n\t\t<\/section>\n\t\t<div class=\"elementor-element elementor-element-254049b e-flex e-con-boxed e-con e-parent\" data-id=\"254049b\" data-element_type=\"container\">\n\t\t\t\t\t<div class=\"e-con-inner\">\n\t\t\t\t<div class=\"elementor-element elementor-element-a986e48 elementor-widget elementor-widget-spacer\" data-id=\"a986e48\" data-element_type=\"widget\" data-widget_type=\"spacer.default\">\n\t\t\t\t<div class=\"elementor-widget-container\">\n\t\t\t<style>\/*! elementor - v3.21.0 - 30-04-2024 *\/\n.elementor-column .elementor-spacer-inner{height:var(--spacer-size)}.e-con{--container-widget-width:100%}.e-con-inner>.elementor-widget-spacer,.e-con>.elementor-widget-spacer{width:var(--container-widget-width,var(--spacer-size));--align-self:var(--container-widget-align-self,initial);--flex-shrink:0}.e-con-inner>.elementor-widget-spacer>.elementor-widget-container,.e-con>.elementor-widget-spacer>.elementor-widget-container{height:100%;width:100%}.e-con-inner>.elementor-widget-spacer>.elementor-widget-container>.elementor-spacer,.e-con>.elementor-widget-spacer>.elementor-widget-container>.elementor-spacer{height:100%}.e-con-inner>.elementor-widget-spacer>.elementor-widget-container>.elementor-spacer>.elementor-spacer-inner,.e-con>.elementor-widget-spacer>.elementor-widget-container>.elementor-spacer>.elementor-spacer-inner{height:var(--container-widget-height,var(--spacer-size))}.e-con-inner>.elementor-widget-spacer.elementor-widget-empty,.e-con>.elementor-widget-spacer.elementor-widget-empty{position:relative;min-height:22px;min-width:22px}.e-con-inner>.elementor-widget-spacer.elementor-widget-empty .elementor-widget-empty-icon,.e-con>.elementor-widget-spacer.elementor-widget-empty .elementor-widget-empty-icon{position:absolute;top:0;bottom:0;left:0;right:0;margin:auto;padding:0;width:22px;height:22px}<\/style>\t\t<div class=\"elementor-spacer\">\n\t\t\t<div class=\"elementor-spacer-inner\"><\/div>\n\t\t<\/div>\n\t\t\t\t<\/div>\n\t\t\t\t<\/div>\n\t\t\t\t\t<\/div>\n\t\t\t\t<\/div>\n\t\t\t\t<\/div>\n\t\t","protected":false},"excerpt":{"rendered":"<p>\u2023 La rhinoplastie est l\u2019intervention chirurgicale qui permet de r\u00e9parer et d\u2019embellir le nez. Ses reliefs accrochent la lumi\u00e8re et les regards, ses sens captent l\u2019environnement, sa forme se fond dans la personnalit\u00e9. \u2023 La rhinoplastie est dite r\u00e9paratrice quand il existe des troubles fonctionnels ou des malformations (s\u00e9quelles de fente labio-alv\u00e9olaire, autres malformations nasales,&hellip;&nbsp;<a href=\"https:\/\/nantes-maxillo.com\/preprod\/la-chirurgie-du-nez-rhinoplastie\/\" class=\"\" rel=\"bookmark\">Lire la suite &raquo;<span class=\"screen-reader-text\">La chirurgie du nez (rhinoplastie)<\/span><\/a><\/p>\n","protected":false},"author":1,"featured_media":1165,"parent":0,"menu_order":0,"comment_status":"closed","ping_status":"closed","template":"","meta":{"neve_meta_sidebar":"","neve_meta_container":"","neve_meta_enable_content_width":"off","neve_meta_content_width":100,"neve_meta_title_alignment":"","neve_meta_author_avatar":"","neve_post_elements_order":"","neve_meta_disable_header":"","neve_meta_disable_footer":"","neve_meta_disable_title":"","_themeisle_gutenberg_block_has_review":false,"_ti_tpc_template_sync":false,"_ti_tpc_template_id":"","footnotes":""},"class_list":["post-3004","page","type-page","status-publish","has-post-thumbnail","hentry"],"_links":{"self":[{"href":"https:\/\/nantes-maxillo.com\/preprod\/wp-json\/wp\/v2\/pages\/3004","targetHints":{"allow":["GET"]}}],"collection":[{"href":"https:\/\/nantes-maxillo.com\/preprod\/wp-json\/wp\/v2\/pages"}],"about":[{"href":"https:\/\/nantes-maxillo.com\/preprod\/wp-json\/wp\/v2\/types\/page"}],"author":[{"embeddable":true,"href":"https:\/\/nantes-maxillo.com\/preprod\/wp-json\/wp\/v2\/users\/1"}],"replies":[{"embeddable":true,"href":"https:\/\/nantes-maxillo.com\/preprod\/wp-json\/wp\/v2\/comments?post=3004"}],"version-history":[{"count":5,"href":"https:\/\/nantes-maxillo.com\/preprod\/wp-json\/wp\/v2\/pages\/3004\/revisions"}],"predecessor-version":[{"id":5347,"href":"https:\/\/nantes-maxillo.com\/preprod\/wp-json\/wp\/v2\/pages\/3004\/revisions\/5347"}],"wp:featuredmedia":[{"embeddable":true,"href":"https:\/\/nantes-maxillo.com\/preprod\/wp-json\/wp\/v2\/media\/1165"}],"wp:attachment":[{"href":"https:\/\/nantes-maxillo.com\/preprod\/wp-json\/wp\/v2\/media?parent=3004"}],"curies":[{"name":"wp","href":"https:\/\/api.w.org\/{rel}","templated":true}]}}