{"id":2970,"date":"2016-01-19T20:44:43","date_gmt":"2016-01-19T20:44:43","guid":{"rendered":"http:\/\/nantes-maxillo.com\/?page_id=2970"},"modified":"2024-05-07T14:23:56","modified_gmt":"2024-05-07T12:23:56","slug":"la-chirurgie-du-menton-genioplastie","status":"publish","type":"page","link":"https:\/\/nantes-maxillo.com\/preprod\/la-chirurgie-du-menton-genioplastie\/","title":{"rendered":"La chirurgie du menton (g\u00e9nioplastie)"},"content":{"rendered":"\t\t<div data-elementor-type=\"wp-page\" data-elementor-id=\"2970\" class=\"elementor elementor-2970\">\n\t\t\t\t\t\t<section class=\"elementor-section elementor-top-section elementor-element elementor-element-4ddde34 elementor-section-stretched elementor-section-boxed elementor-section-height-default elementor-section-height-default\" data-id=\"4ddde34\" data-element_type=\"section\" data-settings=\"{&quot;stretch_section&quot;:&quot;section-stretched&quot;}\">\n\t\t\t\t\t\t<div class=\"elementor-container elementor-column-gap-default\">\n\t\t\t\t\t<div class=\"elementor-column elementor-col-100 elementor-top-column elementor-element elementor-element-f969883\" data-id=\"f969883\" data-element_type=\"column\">\n\t\t\t<div class=\"elementor-widget-wrap elementor-element-populated\">\n\t\t\t\t\t\t<div class=\"elementor-element elementor-element-212d69f elementor-widget elementor-widget-text-editor\" data-id=\"212d69f\" data-element_type=\"widget\" data-widget_type=\"text-editor.default\">\n\t\t\t\t<div class=\"elementor-widget-container\">\n\t\t\t<style>\/*! elementor - v3.21.0 - 30-04-2024 *\/\n.elementor-widget-text-editor.elementor-drop-cap-view-stacked .elementor-drop-cap{background-color:#69727d;color:#fff}.elementor-widget-text-editor.elementor-drop-cap-view-framed .elementor-drop-cap{color:#69727d;border:3px solid;background-color:transparent}.elementor-widget-text-editor:not(.elementor-drop-cap-view-default) .elementor-drop-cap{margin-top:8px}.elementor-widget-text-editor:not(.elementor-drop-cap-view-default) .elementor-drop-cap-letter{width:1em;height:1em}.elementor-widget-text-editor .elementor-drop-cap{float:left;text-align:center;line-height:1;font-size:50px}.elementor-widget-text-editor .elementor-drop-cap-letter{display:inline-block}<\/style>\t\t\t\t<h3>Pourquoi op\u00e9rer ?<\/h3><p style=\"text-align: justify;\"><span class=\"style\" data-mce-mark=\"1\">L\u2019ost\u00e9otomie du menton (appel\u00e9e \u00ab mentoplastie ou g\u00e9nioplastie \u00bb) a pour objectif de rep<\/span><span class=\"style\" data-mce-mark=\"1\">ositionner le menton\u00a0lorsqu&rsquo;il\u00a0est trop en avant, trop en arri\u00e8re, trop ou pas assez haut et\/ou asym\u00e9trique. <\/span><br \/><span class=\"style\" data-mce-mark=\"1\"><a href=\"http:\/\/maxillo.nantes-atlantique.fr\/la-chirurgie-du-menton-genioplastie\/genio\/\" rel=\"attachment wp-att-52\"><img fetchpriority=\"high\" decoding=\"async\" class=\"size-full wp-image-52 alignright\" src=\"http:\/\/maxillo.nantes-atlantique.fr\/wp-content\/uploads\/2012\/12\/genio.jpg\" alt=\"genio\" width=\"286\" height=\"184\" \/><\/a><\/span><\/p><p class=\"paragraph_style_4\" style=\"text-align: justify;\"><span class=\"style\" data-mce-mark=\"1\">L\u2019ost\u00e9otomie du menton est parfois associ\u00e9e \u00e0 une chirurgie des m\u00e2choires (ost\u00e9otomie maxillaire et\/ou mandibulaire) ou \u00e0 une rhinoplastie dans le cadre d\u2019une profiloplastie.<br \/><\/span><\/p><p class=\"paragraph_style_5\" style=\"text-align: justify;\"><span class=\"style\" data-mce-mark=\"1\">\u00a0<\/span><\/p><h3 class=\"paragraph_style_5\" style=\"text-align: justify;\">Comment se d\u00e9roule l\u2019intervention?<\/h3><p class=\"paragraph_style_5\" style=\"text-align: justify;\"><span class=\"style\" data-mce-mark=\"1\">L&rsquo;op\u00e9ration est pratiqu\u00e9e sous anesth\u00e9sie g\u00e9n\u00e9rale apr\u00e8s une consultation de pr\u00e9-anesth\u00e9sie.<br \/><\/span><\/p><p class=\"paragraph_style_4\" style=\"text-align: justify;\"><span class=\"style\" data-mce-mark=\"1\">Dans la plupart des cas, le menton est abord\u00e9 par des incisions de la muqueuse buccale (pas de cicatrice ext\u00e9rieure). Le chirurgien coupe le menton au dessous des dents ce qui permet de le d\u00e9placer dans la direction pr\u00e9vue avant l\u2019intervention. Les fragments osseux sont alors fix\u00e9s par des fils d\u2019acier ou des mini-plaques en titane (ost\u00e9osynth\u00e8se). Des points de suture sont mis en place dans la bouche. Ils disparaissent en 2 \u00e0 4 semaines ou sont \u00f4t\u00e9s en consultation.<br \/><\/span><\/p><p class=\"paragraph_style_4\" style=\"text-align: justify;\">La consolidation osseuse est obtenue en pr\u00e8s d\u2019un mois et demi. Suivant les cas, le mat\u00e9riel d\u2019ost\u00e9osynth\u00e8se peut \u00eatre retir\u00e9 \u00e0 distance.<\/p><h3 class=\"paragraph_style_5\" style=\"text-align: justify;\">Les suites op\u00e9ratoires habituelles et les soins post-op\u00e9ratoires.<span class=\"style\" data-mce-mark=\"1\"><br \/><\/span><\/h3><ul style=\"text-align: justify;\"><li class=\"full-width\" style=\"line-height: 19px; padding-left: 0px; text-indent: 0px;\"><p class=\"paragraph_style_3\" style=\"text-indent: 0px;\"><span class=\"style_2\" data-mce-mark=\"1\">Des saignements par la bouche<\/span><span class=\"style\" data-mce-mark=\"1\">, fr\u00e9quents juste apr\u00e8s l\u2019intervention, sont habituellement sans gravit\u00e9.<br \/><\/span><\/p><\/li><li class=\"full-width\" style=\"line-height: 19px; padding-left: 0px; text-indent: 0px;\"><p class=\"paragraph_style_3\" style=\"text-indent: 0px;\"><span class=\"style_2\" data-mce-mark=\"1\">Le gonflement des joues, des l\u00e8vres et du cou<\/span><span class=\"style\" data-mce-mark=\"1\"> (oed\u00e8me) est tr\u00e8s fr\u00e9quent et parfois important. La mobilit\u00e9 et la sensibilit\u00e9 des l\u00e8vres inf\u00e9rieures sont parfois diminu\u00e9es.<br \/><\/span><\/p><\/li><li class=\"full-width\" style=\"line-height: 19px; padding-left: 0px; text-indent: 0px;\"><p class=\"paragraph_style_3\" style=\"text-indent: 0px;\"><span class=\"style_2\" data-mce-mark=\"1\">Une excellente hygi\u00e8ne buccale<\/span><span class=\"style\" data-mce-mark=\"1\"> est essentielle. Des bains de bouche vous seront prescrits. Apr\u00e8s chaque repas, les dents et les gencives devront \u00eatre nettoy\u00e9es avec une brosse ultra-souple. Un jet hydropulseur peut \u00e9galement \u00eatre utilis\u00e9.<br \/><\/span><\/p><\/li><li class=\"full-width\" style=\"line-height: 19px; padding-left: 0px; text-indent: 0px;\"><p class=\"paragraph_style_3\" style=\"text-indent: 0px;\"><span class=\"style_2\" data-mce-mark=\"1\">La douleur<\/span><span class=\"style\" data-mce-mark=\"1\"> est mod\u00e9r\u00e9e, c\u00e8de avec des antalgiques et dispara\u00eet en quelques jours. Des poches de glace enrob\u00e9es dans un linge (pas directement sur la peau) diminuent le gonflement et la douleur.<br \/><\/span><\/p><\/li><\/ul><h3 class=\"paragraph_style_5\" style=\"text-align: justify;\">Les pr\u00e9cautions \u00e0 respecter<span class=\"style\" data-mce-mark=\"1\"><br \/><\/span><\/h3><ol style=\"text-align: justify;\"><li class=\"full-width\" style=\"line-height: 19px; padding-left: 0px; text-indent: 0px;\"><p class=\"paragraph_style_3\" style=\"text-indent: 0px;\"><span class=\"Puce\" style=\"color: #e20a51; font-family: 'LucidaGrande', 'Lucida Grande', 'Lucida Sans Unicode', sans-serif; font-size: 16px; font-stretch: normal; font-style: normal; font-weight: 400; opacity: 1.00; position: relative; top: 0px;\" data-mce-mark=\"1\">\u2023<\/span><span class=\"style\" data-mce-mark=\"1\"> Le tabac doit \u00eatre arr\u00eat\u00e9 8 jours avant et apr\u00e8s l\u2019intervention jusqu\u2019\u00e0 la fin de la cicatrisation .<br \/><\/span><\/p><\/li><li class=\"full-width\" style=\"line-height: 19px; padding-left: 0px; text-indent: 0px;\"><p class=\"paragraph_style_3\" style=\"text-indent: 0px;\"><span class=\"Puce\" style=\"color: #e20a51; font-family: 'LucidaGrande', 'Lucida Grande', 'Lucida Sans Unicode', sans-serif; font-size: 16px; font-stretch: normal; font-style: normal; font-weight: 400; opacity: 1.00; position: relative; top: 0px;\">\u2023<\/span><span class=\"style\"> Sports\u00a0: pas avant 3 semaines pour les activit\u00e9s sans aucun risque traumatique, pas avant 2 mois pour les activit\u00e9s habituelles et pas avant 3 mois pour les sports de combat.<br \/><\/span><\/p><\/li><\/ol><h3 class=\"paragraph_style_5\" style=\"text-align: justify;\">Les risques<span class=\"style\" data-mce-mark=\"1\"><br \/><\/span><\/h3><p class=\"paragraph_style_6\" style=\"text-align: justify;\"><span class=\"style\" data-mce-mark=\"1\">Tout acte m\u00e9dical, m\u00eame bien conduit, rec\u00e8le un risque de complications. Il ne faut pas h\u00e9siter \u00e0 prendre contact avec l\u2019\u00e9quipe chirurgicale qui vous a pris en charge.<br \/><\/span><\/p><ul style=\"text-align: justify;\"><li class=\"full-width\" style=\"line-height: 19px; padding-left: 0px; text-indent: 0px;\"><p class=\"paragraph_style_3\" style=\"text-indent: 0px;\"><span class=\"style_2\" data-mce-mark=\"1\">Des saignements<\/span><span class=\"style\" data-mce-mark=\"1\"> abondants sont rares au cours de l&rsquo;intervention et peuvent exceptionnellement n\u00e9cessiter une transfusion de sang, voire un geste chirurgical compl\u00e9mentaire.<br \/><\/span><\/p><\/li><li class=\"full-width\" style=\"line-height: 19px; padding-left: 0px; text-indent: 0px;\"><p class=\"paragraph_style_3\" style=\"text-indent: 0px;\"><span class=\"style_2\" data-mce-mark=\"1\">Des troubles de la sensibilit\u00e9<\/span><span class=\"style\" data-mce-mark=\"1\"> de la l\u00e8vre inf\u00e9rieure, de la gencive ou des dents sont habituels. Ils vont progressivement s\u2019estomper mais la r\u00e9cup\u00e9ration peut \u00eatre longue.<br \/><\/span><\/p><\/li><li class=\"full-width\" style=\"line-height: 19px; padding-left: 0px; text-indent: 0px;\"><p class=\"paragraph_style_3\" style=\"text-indent: 0px;\"><span class=\"style_2\" data-mce-mark=\"1\">Une infection des tissus mous du menton ou du cou<\/span><span class=\"style\" data-mce-mark=\"1\"> (cellulite) peut survenir quelques jours \u00e0 quelques semaines apr\u00e8s l\u2019op\u00e9ration et n\u00e9cessiter un traitement adapt\u00e9.<br \/><\/span><\/p><\/li><li class=\"full-width\" style=\"line-height: 19px; padding-left: 0px; text-indent: 0px;\"><p class=\"paragraph_style_3\" style=\"text-indent: 0px;\"><span class=\"style\" data-mce-mark=\"1\">Un retard ou une absence de consolidation osseuse, souvent favoris\u00e9s par des facteurs ext\u00e9rieurs (traumatisme\u2026), est tr\u00e8s rare et n\u00e9cessite de r\u00e9aliser une nouvelle intervention.<br \/><\/span><\/p><\/li><li class=\"full-width\" style=\"line-height: 19px; padding-left: 0px; text-indent: 0px;\"><p class=\"paragraph_style_3\" style=\"text-indent: 0px;\"><span class=\"style\" data-mce-mark=\"1\">Des traits de fracture impr\u00e9vus lors de la section osseuse qui peuvent entra\u00eener une intervention sur la m\u00e2choire inf\u00e9rieure.<br \/><\/span><\/p><\/li><li class=\"full-width\" style=\"line-height: 19px; padding-left: 0px; text-indent: 0px;\"><p class=\"paragraph_style_3\" style=\"text-indent: 0px;\"><span class=\"style\" data-mce-mark=\"1\">Consolidation en mauvaise position. Si les d\u00e9placements sont importants, une autre op\u00e9ration peut \u00eatre n\u00e9cessaire.<br \/><\/span><\/p><\/li><\/ul><h3 class=\"paragraph_style_4\" style=\"text-align: justify;\"><span class=\"style\" data-mce-mark=\"1\">Au total, ce qu&rsquo;il faut retenir de la g\u00e9nioplastie :<\/span><\/h3><ul><li style=\"text-align: justify;\"><span class=\"style_3\" style=\"line-height: 21.85px;\" data-mce-mark=\"1\"><strong>Pr\u00e9paration<\/strong> :<\/span> Douche aux Antiseptiques locaux.<\/li><li style=\"text-align: justify;\"><span class=\"style_3\" style=\"line-height: 21.85px;\" data-mce-mark=\"1\"><strong>Dur\u00e9e de la chirurgie<\/strong> :<\/span> 45 \u00e0 90 minutes.<\/li><li style=\"text-align: justify;\"><span class=\"style_3\" style=\"line-height: 21.85px;\" data-mce-mark=\"1\"><strong>Anesth\u00e9sie<\/strong> :<\/span> Anesth\u00e9sie g\u00e9n\u00e9rale.<\/li><li style=\"text-align: justify;\"><span class=\"style_3\" style=\"line-height: 21.85px;\" data-mce-mark=\"1\"><strong>Douleur<\/strong> :<\/span>\u00a0N\u00e9cessite un recours aux antalgiques.<\/li><li style=\"text-align: justify;\"><span class=\"style_3\" style=\"line-height: 21.85px;\" data-mce-mark=\"1\"><strong>Soins<\/strong> :<\/span> Pansement et drain post-op\u00e9ratoire.<\/li><li style=\"text-align: justify;\"><span class=\"style_3\" style=\"line-height: 21.85px;\" data-mce-mark=\"1\"><strong>Complications<\/strong> :<\/span> Rougeurs, bleu, \u0153d\u00e8me\u00a0; rares\u00a0: infection, d\u00e9faut de consolidation, d\u00e9ficit sensitif.<\/li><li style=\"text-align: justify;\"><span class=\"style_3\" style=\"line-height: 21.85px;\" data-mce-mark=\"1\"><strong>Contre-indications temporaires ou d\u00e9finitives<\/strong> :<\/span> traitement faisant saigner.<\/li><li style=\"text-align: justify;\"><span class=\"style_3\" style=\"line-height: 21.85px;\" data-mce-mark=\"1\"><strong>Suivi<\/strong> :<\/span> Visite \u00e0 8-10 jours, puis \u00e0 6 semaines de la consolidation osseuse; contr\u00f4le \u00e0 6 mois.<\/li><li style=\"text-align: justify;\"><span class=\"style_3\" style=\"line-height: 21.85px;\" data-mce-mark=\"1\"><strong>\u00c9viction sociale<\/strong> :<\/span> 3 \u00e0 10 jours.<\/li><li style=\"text-align: justify;\"><span class=\"style_4\" style=\"line-height: 21.85px;\" data-mce-mark=\"1\"><strong>Co\u00fbt<\/strong> :<\/span> une partie est rembours\u00e9e par s\u00e9curit\u00e9 sociale si elle rentre dans le cadre d\u2019une dysmorphose. Compter 200 \u00e0 1500 \u20ac d\u2019honoraires compl\u00e9mentaires.<\/li><\/ul>\t\t\t\t\t\t<\/div>\n\t\t\t\t<\/div>\n\t\t\t\t\t<\/div>\n\t\t<\/div>\n\t\t\t\t\t<\/div>\n\t\t<\/section>\n\t\t<div class=\"elementor-element elementor-element-3d8e2b5 e-flex e-con-boxed e-con e-parent\" data-id=\"3d8e2b5\" data-element_type=\"container\">\n\t\t\t\t\t<div class=\"e-con-inner\">\n\t\t\t\t<div class=\"elementor-element elementor-element-c015114 elementor-widget elementor-widget-spacer\" data-id=\"c015114\" data-element_type=\"widget\" data-widget_type=\"spacer.default\">\n\t\t\t\t<div class=\"elementor-widget-container\">\n\t\t\t<style>\/*! elementor - v3.21.0 - 30-04-2024 *\/\n.elementor-column .elementor-spacer-inner{height:var(--spacer-size)}.e-con{--container-widget-width:100%}.e-con-inner>.elementor-widget-spacer,.e-con>.elementor-widget-spacer{width:var(--container-widget-width,var(--spacer-size));--align-self:var(--container-widget-align-self,initial);--flex-shrink:0}.e-con-inner>.elementor-widget-spacer>.elementor-widget-container,.e-con>.elementor-widget-spacer>.elementor-widget-container{height:100%;width:100%}.e-con-inner>.elementor-widget-spacer>.elementor-widget-container>.elementor-spacer,.e-con>.elementor-widget-spacer>.elementor-widget-container>.elementor-spacer{height:100%}.e-con-inner>.elementor-widget-spacer>.elementor-widget-container>.elementor-spacer>.elementor-spacer-inner,.e-con>.elementor-widget-spacer>.elementor-widget-container>.elementor-spacer>.elementor-spacer-inner{height:var(--container-widget-height,var(--spacer-size))}.e-con-inner>.elementor-widget-spacer.elementor-widget-empty,.e-con>.elementor-widget-spacer.elementor-widget-empty{position:relative;min-height:22px;min-width:22px}.e-con-inner>.elementor-widget-spacer.elementor-widget-empty .elementor-widget-empty-icon,.e-con>.elementor-widget-spacer.elementor-widget-empty .elementor-widget-empty-icon{position:absolute;top:0;bottom:0;left:0;right:0;margin:auto;padding:0;width:22px;height:22px}<\/style>\t\t<div class=\"elementor-spacer\">\n\t\t\t<div class=\"elementor-spacer-inner\"><\/div>\n\t\t<\/div>\n\t\t\t\t<\/div>\n\t\t\t\t<\/div>\n\t\t\t\t\t<\/div>\n\t\t\t\t<\/div>\n\t\t\t\t<\/div>\n\t\t","protected":false},"excerpt":{"rendered":"<p>Pourquoi op\u00e9rer ? L\u2019ost\u00e9otomie du menton (appel\u00e9e \u00ab mentoplastie ou g\u00e9nioplastie \u00bb) a pour objectif de repositionner le menton\u00a0lorsqu&rsquo;il\u00a0est trop en avant, trop en arri\u00e8re, trop ou pas assez haut et\/ou asym\u00e9trique. L\u2019ost\u00e9otomie du menton est parfois associ\u00e9e \u00e0 une chirurgie des m\u00e2choires (ost\u00e9otomie maxillaire et\/ou mandibulaire) ou \u00e0 une rhinoplastie dans le cadre d\u2019une&hellip;&nbsp;<a href=\"https:\/\/nantes-maxillo.com\/preprod\/la-chirurgie-du-menton-genioplastie\/\" class=\"\" rel=\"bookmark\">Lire la suite &raquo;<span class=\"screen-reader-text\">La chirurgie du menton (g\u00e9nioplastie)<\/span><\/a><\/p>\n","protected":false},"author":1,"featured_media":1165,"parent":0,"menu_order":0,"comment_status":"closed","ping_status":"closed","template":"","meta":{"neve_meta_sidebar":"","neve_meta_container":"","neve_meta_enable_content_width":"off","neve_meta_content_width":100,"neve_meta_title_alignment":"","neve_meta_author_avatar":"","neve_post_elements_order":"","neve_meta_disable_header":"","neve_meta_disable_footer":"","neve_meta_disable_title":"","_themeisle_gutenberg_block_has_review":false,"_ti_tpc_template_sync":false,"_ti_tpc_template_id":"","footnotes":""},"class_list":["post-2970","page","type-page","status-publish","has-post-thumbnail","hentry"],"_links":{"self":[{"href":"https:\/\/nantes-maxillo.com\/preprod\/wp-json\/wp\/v2\/pages\/2970","targetHints":{"allow":["GET"]}}],"collection":[{"href":"https:\/\/nantes-maxillo.com\/preprod\/wp-json\/wp\/v2\/pages"}],"about":[{"href":"https:\/\/nantes-maxillo.com\/preprod\/wp-json\/wp\/v2\/types\/page"}],"author":[{"embeddable":true,"href":"https:\/\/nantes-maxillo.com\/preprod\/wp-json\/wp\/v2\/users\/1"}],"replies":[{"embeddable":true,"href":"https:\/\/nantes-maxillo.com\/preprod\/wp-json\/wp\/v2\/comments?post=2970"}],"version-history":[{"count":5,"href":"https:\/\/nantes-maxillo.com\/preprod\/wp-json\/wp\/v2\/pages\/2970\/revisions"}],"predecessor-version":[{"id":5250,"href":"https:\/\/nantes-maxillo.com\/preprod\/wp-json\/wp\/v2\/pages\/2970\/revisions\/5250"}],"wp:featuredmedia":[{"embeddable":true,"href":"https:\/\/nantes-maxillo.com\/preprod\/wp-json\/wp\/v2\/media\/1165"}],"wp:attachment":[{"href":"https:\/\/nantes-maxillo.com\/preprod\/wp-json\/wp\/v2\/media?parent=2970"}],"curies":[{"name":"wp","href":"https:\/\/api.w.org\/{rel}","templated":true}]}}