{"id":2866,"date":"2016-01-19T16:30:12","date_gmt":"2016-01-19T16:30:12","guid":{"rendered":"http:\/\/nantes-maxillo.com\/?page_id=2866"},"modified":"2024-05-07T10:31:22","modified_gmt":"2024-05-07T08:31:22","slug":"anesthesie-locale-ou-generale","status":"publish","type":"page","link":"https:\/\/nantes-maxillo.com\/preprod\/anesthesie-locale-ou-generale\/","title":{"rendered":"Anesth\u00e9sie locale ou g\u00e9n\u00e9rale ?"},"content":{"rendered":"\t\t<div data-elementor-type=\"wp-page\" data-elementor-id=\"2866\" class=\"elementor elementor-2866\">\n\t\t\t\t\t\t<section class=\"elementor-section elementor-top-section elementor-element elementor-element-0f25f77 elementor-section-stretched elementor-section-boxed elementor-section-height-default elementor-section-height-default\" data-id=\"0f25f77\" data-element_type=\"section\" data-settings=\"{&quot;stretch_section&quot;:&quot;section-stretched&quot;}\">\n\t\t\t\t\t\t<div class=\"elementor-container elementor-column-gap-default\">\n\t\t\t\t\t<div class=\"elementor-column elementor-col-100 elementor-top-column elementor-element elementor-element-cc62ffe\" data-id=\"cc62ffe\" data-element_type=\"column\">\n\t\t\t<div class=\"elementor-widget-wrap elementor-element-populated\">\n\t\t\t\t\t\t<section class=\"elementor-section elementor-inner-section elementor-element elementor-element-0e54fd0 elementor-section-boxed elementor-section-height-default elementor-section-height-default\" data-id=\"0e54fd0\" data-element_type=\"section\">\n\t\t\t\t\t\t<div class=\"elementor-container elementor-column-gap-default\">\n\t\t\t\t\t<div class=\"elementor-column elementor-col-50 elementor-inner-column elementor-element elementor-element-a4f816d\" data-id=\"a4f816d\" data-element_type=\"column\">\n\t\t\t<div class=\"elementor-widget-wrap elementor-element-populated\">\n\t\t\t\t\t\t<div class=\"elementor-element elementor-element-8d3f93e elementor-widget elementor-widget-text-editor\" data-id=\"8d3f93e\" data-element_type=\"widget\" data-widget_type=\"text-editor.default\">\n\t\t\t\t<div class=\"elementor-widget-container\">\n\t\t\t<style>\/*! elementor - v3.21.0 - 30-04-2024 *\/\n.elementor-widget-text-editor.elementor-drop-cap-view-stacked .elementor-drop-cap{background-color:#69727d;color:#fff}.elementor-widget-text-editor.elementor-drop-cap-view-framed .elementor-drop-cap{color:#69727d;border:3px solid;background-color:transparent}.elementor-widget-text-editor:not(.elementor-drop-cap-view-default) .elementor-drop-cap{margin-top:8px}.elementor-widget-text-editor:not(.elementor-drop-cap-view-default) .elementor-drop-cap-letter{width:1em;height:1em}.elementor-widget-text-editor .elementor-drop-cap{float:left;text-align:center;line-height:1;font-size:50px}.elementor-widget-text-editor .elementor-drop-cap-letter{display:inline-block}<\/style>\t\t\t\t<div class=\"wpb_text_column wpb_content_element \"><div class=\"wpb_wrapper\"><h2>Anesth\u00e9sie g\u00e9n\u00e9rale ou locale : ce que je dois savoir<\/h2><p>L\u2019anesth\u00e9sie permet qu\u2019une intervention se d\u00e9roule sans douleur ni risque. Plusieurs types d\u2019anesth\u00e9sie existent : locale, g\u00e9n\u00e9rale et p\u00e9ridurale.<\/p><h3>Qu\u2019est-ce que l\u2019anesth\u00e9sie locale ?<\/h3><p>Durant l\u2019<a title=\"anest_locale.html\">anesth\u00e9sie locale<\/a>, un produit anesth\u00e9sique est inject\u00e9 sous la peau. Il supprime la douleur dans la r\u00e9gion du corps concern\u00e9e, alors que vous restez conscient.<br \/>L\u2019anesth\u00e9sie locale est utilis\u00e9e pour des interventions de courte dur\u00e9e, limit\u00e9es \u00e0 un endroit du corps.<br \/>Les dentistes ont recours \u00e0 l\u2019anesth\u00e9sie locale pour des extractions dentaires ou la pose d\u2019un implant. En dermatologie, l\u2019anesth\u00e9sie locale est pratiqu\u00e9e lors de la r\u00e9section d\u2019un grain de beaut\u00e9 ou le traitement d\u2019un ongle incarn\u00e9.<\/p><h3>Y a-t-il des pr\u00e9cautions \u00e0 prendre avant une anesth\u00e9sie locale ?<\/h3><p>Avant l\u2019anesth\u00e9sie, signalez au m\u00e9decin:<br \/>\u2013 si vous prenez un traitement anticoagulant (et autres m\u00e9dicaments fluidifiant le sang), ou tout autre traitement<br \/>\u2013 si vous fumez<br \/>\u2013 si vous avez des allergies<br \/>\u2013 si vous avez une pathologie chronique (diab\u00e8te, cancer, hypertension, \u00e9pilepsie ou autre\u2026)<\/p><p>Ne venez pas \u00e0 jeun le jour de la chirurgie.<\/p><h2>Qu\u2019est-ce que l\u2019anesth\u00e9sie g\u00e9n\u00e9rale ?<\/h2><p>Le jour de l\u2019op\u00e9ration, l\u2019anesth\u00e9siste vous injecte un produit par perfusion dans une veine (ou vous demande d\u2019inhaler un gaz anesth\u00e9sique). Vous \u00eates alors totalement endormi, et ne gardez aucun souvenir. L\u2019\u00e9quipe m\u00e9dicale surveille votre c\u0153ur et votre respiration durant toute l\u2019intervention.<\/p><h3>Que se passe-t-il apr\u00e8s l\u2019anesth\u00e9sie ?<\/h3><p>Apr\u00e8s une anesth\u00e9sie, l\u2019\u00e9quipe m\u00e9dicale vous surveille en salle de r\u00e9veil.<br \/>On ne vous raccompagne dans votre chambre que lorsque l\u2019effet anesth\u00e9siant est termin\u00e9. On vous donnera une collation, puis vous enl\u00e8vera la perfusion.<\/p><p>Apr\u00e8s la visite du chirurgien, vous pourrez alors rentrer chez vous. Il est obligatoire de ne pas \u00eatre seul apr\u00e8s une anesth\u00e9sie, et de ne pas conduire.<\/p><\/div><\/div><div class=\"wpb_text_column wpb_content_element \"><div class=\"wpb_wrapper\"><h3>Comment dois-je me pr\u00e9parer \u00e0 une anesth\u00e9sie g\u00e9n\u00e9rale ?<\/h3><p>Lors de la consultation pr\u00e9-anesth\u00e9sique, vous devrez apporter les documents suivants :<\/p><ol><li>Le questionnaire, d\u00fbment rempli, qui vous a \u00e9t\u00e9 remis lors de votre prise de rendez-vous<\/li><li>Votre carte de groupe sanguin (si n\u00e9cessaire)<\/li><li>Votre carnet de sant\u00e9 et vos ordonnances en cours<\/li><li>Les r\u00e9sultats de vos derni\u00e8res analyses, et de vos derniers examens ( scanner, \u00e9chographie, \u00e9lectrocardiogramme\u2026)<\/li><li>L\u2019autorisation d\u2019op\u00e9rer des deux repr\u00e9sentants l\u00e9gaux si vous \u00eates mineur<\/li><\/ol><\/div><\/div>\t\t\t\t\t\t<\/div>\n\t\t\t\t<\/div>\n\t\t\t\t\t<\/div>\n\t\t<\/div>\n\t\t\t\t<div class=\"elementor-column elementor-col-50 elementor-inner-column elementor-element elementor-element-79e41fd\" data-id=\"79e41fd\" data-element_type=\"column\">\n\t\t\t<div class=\"elementor-widget-wrap elementor-element-populated\">\n\t\t\t\t\t\t<div class=\"elementor-element elementor-element-2c110fd elementor-view-default elementor-position-top elementor-mobile-position-top elementor-widget elementor-widget-icon-box\" data-id=\"2c110fd\" data-element_type=\"widget\" data-widget_type=\"icon-box.default\">\n\t\t\t\t<div class=\"elementor-widget-container\">\n\t\t\t<link rel=\"stylesheet\" href=\"https:\/\/nantes-maxillo.com\/preprod\/wp-content\/uploads\/elementor\/css\/custom-widget-icon-box.min.css?ver=1715093203\">\t\t<div class=\"elementor-icon-box-wrapper\">\n\n\t\t\t\t\t\t<div class=\"elementor-icon-box-icon\">\n\t\t\t\t<span  class=\"elementor-icon elementor-animation-\">\n\t\t\t\t<svg aria-hidden=\"true\" class=\"e-font-icon-svg e-fas-info-circle\" viewBox=\"0 0 512 512\" xmlns=\"http:\/\/www.w3.org\/2000\/svg\"><path d=\"M256 8C119.043 8 8 119.083 8 256c0 136.997 111.043 248 248 248s248-111.003 248-248C504 119.083 392.957 8 256 8zm0 110c23.196 0 42 18.804 42 42s-18.804 42-42 42-42-18.804-42-42 18.804-42 42-42zm56 254c0 6.627-5.373 12-12 12h-88c-6.627 0-12-5.373-12-12v-24c0-6.627 5.373-12 12-12h12v-64h-12c-6.627 0-12-5.373-12-12v-24c0-6.627 5.373-12 12-12h64c6.627 0 12 5.373 12 12v100h12c6.627 0 12 5.373 12 12v24z\"><\/path><\/svg>\t\t\t\t<\/span>\n\t\t\t<\/div>\n\t\t\t\n\t\t\t\t\t\t<div class=\"elementor-icon-box-content\">\n\n\t\t\t\t\t\t\t\t\t<h3 class=\"elementor-icon-box-title\">\n\t\t\t\t\t\t<span  >\n\t\t\t\t\t\t\tAnesth\u00e9sie g\u00e9n\u00e9rale\t\t\t\t\t\t<\/span>\n\t\t\t\t\t<\/h3>\n\t\t\t\t\n\t\t\t\t\t\t\t\t\t<p class=\"elementor-icon-box-description\">\n\t\t\t\t\t\tAvant une anesth\u00e9sie g\u00e9n\u00e9rale, il faut avoir vu l\u2019anesth\u00e9siste au plus tard 2 jours avant la chirurgie.\t\t\t\t\t<\/p>\n\t\t\t\t\n\t\t\t<\/div>\n\t\t\t\n\t\t<\/div>\n\t\t\t\t<\/div>\n\t\t\t\t<\/div>\n\t\t\t\t<div class=\"elementor-element elementor-element-81b7a93 elementor-align-center elementor-widget elementor-widget-button\" data-id=\"81b7a93\" data-element_type=\"widget\" data-widget_type=\"button.default\">\n\t\t\t\t<div class=\"elementor-widget-container\">\n\t\t\t\t\t<div class=\"elementor-button-wrapper\">\n\t\t\t<a class=\"elementor-button elementor-button-link elementor-size-md\" href=\"https:\/\/anesthesie-sante-atlantique.fr\/chirurgien\/dhauthuille-cedric\/\">\n\t\t\t\t\t\t<span class=\"elementor-button-content-wrapper\">\n\t\t\t\t\t\t\t\t\t<span class=\"elementor-button-text\">Prendre RDV en anesth\u00e9sie<\/span>\n\t\t\t\t\t<\/span>\n\t\t\t\t\t<\/a>\n\t\t<\/div>\n\t\t\t\t<\/div>\n\t\t\t\t<\/div>\n\t\t\t\t<div class=\"elementor-element elementor-element-e9e9d5b elementor-widget elementor-widget-spacer\" data-id=\"e9e9d5b\" data-element_type=\"widget\" data-widget_type=\"spacer.default\">\n\t\t\t\t<div class=\"elementor-widget-container\">\n\t\t\t<style>\/*! elementor - v3.21.0 - 30-04-2024 *\/\n.elementor-column .elementor-spacer-inner{height:var(--spacer-size)}.e-con{--container-widget-width:100%}.e-con-inner>.elementor-widget-spacer,.e-con>.elementor-widget-spacer{width:var(--container-widget-width,var(--spacer-size));--align-self:var(--container-widget-align-self,initial);--flex-shrink:0}.e-con-inner>.elementor-widget-spacer>.elementor-widget-container,.e-con>.elementor-widget-spacer>.elementor-widget-container{height:100%;width:100%}.e-con-inner>.elementor-widget-spacer>.elementor-widget-container>.elementor-spacer,.e-con>.elementor-widget-spacer>.elementor-widget-container>.elementor-spacer{height:100%}.e-con-inner>.elementor-widget-spacer>.elementor-widget-container>.elementor-spacer>.elementor-spacer-inner,.e-con>.elementor-widget-spacer>.elementor-widget-container>.elementor-spacer>.elementor-spacer-inner{height:var(--container-widget-height,var(--spacer-size))}.e-con-inner>.elementor-widget-spacer.elementor-widget-empty,.e-con>.elementor-widget-spacer.elementor-widget-empty{position:relative;min-height:22px;min-width:22px}.e-con-inner>.elementor-widget-spacer.elementor-widget-empty .elementor-widget-empty-icon,.e-con>.elementor-widget-spacer.elementor-widget-empty .elementor-widget-empty-icon{position:absolute;top:0;bottom:0;left:0;right:0;margin:auto;padding:0;width:22px;height:22px}<\/style>\t\t<div class=\"elementor-spacer\">\n\t\t\t<div class=\"elementor-spacer-inner\"><\/div>\n\t\t<\/div>\n\t\t\t\t<\/div>\n\t\t\t\t<\/div>\n\t\t\t\t<div class=\"elementor-element elementor-element-edb5b25 elementor-widget elementor-widget-text-editor\" data-id=\"edb5b25\" data-element_type=\"widget\" data-widget_type=\"text-editor.default\">\n\t\t\t\t<div class=\"elementor-widget-container\">\n\t\t\t\t\t\t\t<h3><span style=\"color: #ffffff;\">Ce qu\u2019il faut retenir<\/span><\/h3><p><span style=\"color: #ffffff;\"><strong>Avant une anesth\u00e9sie g\u00e9n\u00e9rale :<\/strong><\/span><\/p><ul><li><span style=\"color: #ffffff;\">une consultation avec un m\u00e9decin anesth\u00e9siste est obligatoire.<\/span><\/li><li><span style=\"color: #ffffff;\">Le jour de l\u2019intervention, venir \u00e0 JEUN avec ses documents m\u00e9dicaux (radiographies, ordonnances)<\/span><\/li><li><span style=\"color: #ffffff;\">La sortie se fera accompagn\u00e9e (il n\u2019est pas autoris\u00e9 de conduire)<\/span><\/li><\/ul><p><span style=\"color: #ffffff;\"><strong>Avant une anesth\u00e9sie locale :<\/strong><\/span><\/p><ul><li><span style=\"color: #ffffff;\">Il n\u2019est pas n\u00e9cessaire d\u2019\u00eatre \u00e0 jeun<\/span><\/li><li><span style=\"color: #ffffff;\">N\u2019oubliez pas vos documents m\u00e9dicaux (radiographies)<\/span><\/li><li><span style=\"color: #ffffff;\">Passez \u00e0 la pharmacie pour avoir vos antalgiques \u00e0 prendre sans attendre apr\u00e8s l\u2019intervention<\/span><\/li><\/ul>\t\t\t\t\t\t<\/div>\n\t\t\t\t<\/div>\n\t\t\t\t\t<\/div>\n\t\t<\/div>\n\t\t\t\t\t<\/div>\n\t\t<\/section>\n\t\t\t\t<div class=\"elementor-element elementor-element-be0c1bf elementor-align-center elementor-widget elementor-widget-button\" data-id=\"be0c1bf\" data-element_type=\"widget\" data-widget_type=\"button.default\">\n\t\t\t\t<div class=\"elementor-widget-container\">\n\t\t\t\t\t<div class=\"elementor-button-wrapper\">\n\t\t\t<a class=\"elementor-button elementor-button-link elementor-size-md\" href=\"https:\/\/anesthesie-sante-atlantique.fr\/chirurgien\/dhauthuille-cedric\/\">\n\t\t\t\t\t\t<span class=\"elementor-button-content-wrapper\">\n\t\t\t\t\t\t\t\t\t<span class=\"elementor-button-text\">Prendre RDV en anesth\u00e9sie<\/span>\n\t\t\t\t\t<\/span>\n\t\t\t\t\t<\/a>\n\t\t<\/div>\n\t\t\t\t<\/div>\n\t\t\t\t<\/div>\n\t\t\t\t<div class=\"elementor-element elementor-element-40fd066 elementor-widget elementor-widget-text-editor\" data-id=\"40fd066\" data-element_type=\"widget\" data-widget_type=\"text-editor.default\">\n\t\t\t\t<div class=\"elementor-widget-container\">\n\t\t\t\t\t\t\t<p>Vous devez rester \u00e0 jeun\u00a0au minimum\u00a06 heures\u00a0avant l\u2019intervention (ne rien manger et ne pas fumer) et ne pas boire 2 heures avant.<br \/>Avant l\u2019intervention, vous devez faire votre toilette, souvent avec un produit antiseptique.<br \/>Vous devez retirer vos bijoux, proth\u00e8ses dentaires, lentilles de contact et percings. Le vernis \u00e0 ongle et le maquillage doivent \u00eatre \u00e9limin\u00e9s.<br \/>L\u2019infirmi\u00e8re vous donnera des explications d\u00e9taill\u00e9es. N\u2019h\u00e9sitez pas \u00e0 lui poser des questions.<\/p>\t\t\t\t\t\t<\/div>\n\t\t\t\t<\/div>\n\t\t\t\t<div class=\"elementor-element elementor-element-dd490b9 elementor-widget elementor-widget-image\" data-id=\"dd490b9\" data-element_type=\"widget\" data-widget_type=\"image.default\">\n\t\t\t\t<div class=\"elementor-widget-container\">\n\t\t\t<style>\/*! elementor - v3.21.0 - 30-04-2024 *\/\n.elementor-widget-image{text-align:center}.elementor-widget-image a{display:inline-block}.elementor-widget-image a img[src$=\".svg\"]{width:48px}.elementor-widget-image img{vertical-align:middle;display:inline-block}<\/style>\t\t\t\t\t\t\t\t\t\t<img fetchpriority=\"high\" decoding=\"async\" width=\"768\" height=\"736\" src=\"https:\/\/nantes-maxillo.com\/preprod\/wp-content\/uploads\/2016\/01\/jeune-768x736.jpg\" class=\"attachment-medium_large size-medium_large wp-image-3617\" alt=\"\" srcset=\"https:\/\/nantes-maxillo.com\/preprod\/wp-content\/uploads\/2016\/01\/jeune-768x736.jpg 768w, https:\/\/nantes-maxillo.com\/preprod\/wp-content\/uploads\/2016\/01\/jeune-300x287.jpg 300w, https:\/\/nantes-maxillo.com\/preprod\/wp-content\/uploads\/2016\/01\/jeune.jpg 862w\" sizes=\"(max-width: 768px) 100vw, 768px\" \/>\t\t\t\t\t\t\t\t\t\t\t\t\t<\/div>\n\t\t\t\t<\/div>\n\t\t\t\t<div class=\"elementor-element elementor-element-0401e33 elementor-widget elementor-widget-text-editor\" data-id=\"0401e33\" data-element_type=\"widget\" data-widget_type=\"text-editor.default\">\n\t\t\t\t<div class=\"elementor-widget-container\">\n\t\t\t\t\t\t\t<h2>Qu\u2019est-ce qu\u2019une anesth\u00e9sie locale potentialis\u00e9e (ALPOT)?<\/h2><p>L\u2019anesth\u00e9sie locale potentialis\u00e9e par une anesth\u00e9sie l\u00e9g\u00e8e, ou s\u00e9dation consciente est proche de l\u2019hypnose, c\u2019est \u00e0 dire qu\u2019on reste conscient pendant l\u2019intervention.<\/p><p>Lors de l\u2019anesth\u00e9sie g\u00e9n\u00e9rale, les produits d\u2019anesth\u00e9sie entrainent un endormissement jusqu\u2019\u00e0 ce que la respiration s\u2019arr\u00eate. Il faut alors mettre un tube dans la gorge pour respirer avec une machine. C\u2019est une sorte de comas artificiel.<br \/>Il est possible de diminuer la dose de produits, et d\u2019obtenir un sommeil avec une conscience l\u00e9g\u00e8re compl\u00e9t\u00e9 par une anesth\u00e9sie locale. C\u2019est une anesth\u00e9sie locale potentialis\u00e9e par une anesth\u00e9sie g\u00e9n\u00e9rale all\u00e9g\u00e9e. Il n\u2019y a pas d\u2019intubation, et la respiration ne s\u2019arr\u00eate pas.<\/p><p>Les avantages; moins de naus\u00e9es, r\u00e9cup\u00e9ration plus rapide, pas d\u2019intubation, surveillance moins longue, r\u00e9alimentation plus rapide.<\/p><p>Il faut \u00eatre \u00e0 jeun, et voir un anesth\u00e9siste comme pour une anesth\u00e9sie g\u00e9n\u00e9rale.<\/p><h3>Est-ce que je cours des risques si je suis anesth\u00e9si\u00e9(e) ?<\/h3><p>Quelle que soit l\u2019anesth\u00e9sie, toutes les mesures sont prises pour minimiser les risques. Les complications sont n\u00e9anmoins possibles.<br \/>\u2013 Apr\u00e8s une anesth\u00e9sie locale, des sensations de fourmillement sont fr\u00e9quentes mais disparaissent rapidement. Les r\u00e9actions allergiques au produit anesth\u00e9sique sont rares.<br \/>\u2013 Apr\u00e8s une anesth\u00e9sie g\u00e9n\u00e9rale, les infections pulmonaires dues \u00e0 l\u2019aspiration de nourriture sont pr\u00e9venues par le je\u00fbne pr\u00e9op\u00e9ratoire. Pour emp\u00eacher la formation de caillots de sang, un traitement pr\u00e9ventif associ\u00e9 \u00e0 des bas de contention est mis en place.<\/p><h3>Puis-je \u00eatre anesth\u00e9si\u00e9(e) si je suis allergique ?<\/h3><p>Oui, vous pourrez b\u00e9n\u00e9ficier d\u2019une anesth\u00e9sie en cas d\u2019allergie. Informez le m\u00e9decin anesth\u00e9siste lors de la consultation pr\u00e9op\u00e9ratoire afin qu\u2019il puisse vous anesth\u00e9sier en toute s\u00e9curit\u00e9.<\/p>\t\t\t\t\t\t<\/div>\n\t\t\t\t<\/div>\n\t\t\t\t\t<\/div>\n\t\t<\/div>\n\t\t\t\t\t<\/div>\n\t\t<\/section>\n\t\t\t\t<\/div>\n\t\t","protected":false},"excerpt":{"rendered":"<p>Anesth\u00e9sie g\u00e9n\u00e9rale ou locale : ce que je dois savoir L\u2019anesth\u00e9sie permet qu\u2019une intervention se d\u00e9roule sans douleur ni risque. Plusieurs types d\u2019anesth\u00e9sie existent : locale, g\u00e9n\u00e9rale et p\u00e9ridurale. Qu\u2019est-ce que l\u2019anesth\u00e9sie locale ? Durant l\u2019anesth\u00e9sie locale, un produit anesth\u00e9sique est inject\u00e9 sous la peau. Il supprime la douleur dans la r\u00e9gion du corps concern\u00e9e,&hellip;&nbsp;<a href=\"https:\/\/nantes-maxillo.com\/preprod\/anesthesie-locale-ou-generale\/\" class=\"\" rel=\"bookmark\">Lire la suite &raquo;<span class=\"screen-reader-text\">Anesth\u00e9sie locale ou g\u00e9n\u00e9rale ?<\/span><\/a><\/p>\n","protected":false},"author":1,"featured_media":1165,"parent":0,"menu_order":0,"comment_status":"closed","ping_status":"closed","template":"","meta":{"neve_meta_sidebar":"","neve_meta_container":"","neve_meta_enable_content_width":"off","neve_meta_content_width":100,"neve_meta_title_alignment":"","neve_meta_author_avatar":"","neve_post_elements_order":"","neve_meta_disable_header":"","neve_meta_disable_footer":"","neve_meta_disable_title":"","_themeisle_gutenberg_block_has_review":false,"_ti_tpc_template_sync":false,"_ti_tpc_template_id":"","footnotes":""},"class_list":["post-2866","page","type-page","status-publish","has-post-thumbnail","hentry"],"_links":{"self":[{"href":"https:\/\/nantes-maxillo.com\/preprod\/wp-json\/wp\/v2\/pages\/2866","targetHints":{"allow":["GET"]}}],"collection":[{"href":"https:\/\/nantes-maxillo.com\/preprod\/wp-json\/wp\/v2\/pages"}],"about":[{"href":"https:\/\/nantes-maxillo.com\/preprod\/wp-json\/wp\/v2\/types\/page"}],"author":[{"embeddable":true,"href":"https:\/\/nantes-maxillo.com\/preprod\/wp-json\/wp\/v2\/users\/1"}],"replies":[{"embeddable":true,"href":"https:\/\/nantes-maxillo.com\/preprod\/wp-json\/wp\/v2\/comments?post=2866"}],"version-history":[{"count":2,"href":"https:\/\/nantes-maxillo.com\/preprod\/wp-json\/wp\/v2\/pages\/2866\/revisions"}],"predecessor-version":[{"id":5177,"href":"https:\/\/nantes-maxillo.com\/preprod\/wp-json\/wp\/v2\/pages\/2866\/revisions\/5177"}],"wp:featuredmedia":[{"embeddable":true,"href":"https:\/\/nantes-maxillo.com\/preprod\/wp-json\/wp\/v2\/media\/1165"}],"wp:attachment":[{"href":"https:\/\/nantes-maxillo.com\/preprod\/wp-json\/wp\/v2\/media?parent=2866"}],"curies":[{"name":"wp","href":"https:\/\/api.w.org\/{rel}","templated":true}]}}