{"id":2859,"date":"2016-01-19T16:21:28","date_gmt":"2016-01-19T16:21:28","guid":{"rendered":"http:\/\/nantes-maxillo.com\/?page_id=2859"},"modified":"2024-05-07T10:50:53","modified_gmt":"2024-05-07T08:50:53","slug":"anesthesie-locale","status":"publish","type":"page","link":"https:\/\/nantes-maxillo.com\/preprod\/anesthesie-locale\/","title":{"rendered":"Que faut-il savoir avant une anesth\u00e9sie locale"},"content":{"rendered":"\t\t<div data-elementor-type=\"wp-page\" data-elementor-id=\"2859\" class=\"elementor elementor-2859\">\n\t\t\t\t\t\t<section class=\"elementor-section elementor-top-section elementor-element elementor-element-2819319 elementor-section-stretched elementor-section-boxed elementor-section-height-default elementor-section-height-default\" data-id=\"2819319\" data-element_type=\"section\" data-settings=\"{&quot;stretch_section&quot;:&quot;section-stretched&quot;}\">\n\t\t\t\t\t\t<div class=\"elementor-container elementor-column-gap-default\">\n\t\t\t\t\t<div class=\"elementor-column elementor-col-100 elementor-top-column elementor-element elementor-element-3bb846c\" data-id=\"3bb846c\" data-element_type=\"column\">\n\t\t\t<div class=\"elementor-widget-wrap elementor-element-populated\">\n\t\t\t\t\t\t<div class=\"elementor-element elementor-element-349a14a elementor-widget elementor-widget-text-editor\" data-id=\"349a14a\" data-element_type=\"widget\" data-widget_type=\"text-editor.default\">\n\t\t\t\t<div class=\"elementor-widget-container\">\n\t\t\t<style>\/*! elementor - v3.21.0 - 30-04-2024 *\/\n.elementor-widget-text-editor.elementor-drop-cap-view-stacked .elementor-drop-cap{background-color:#69727d;color:#fff}.elementor-widget-text-editor.elementor-drop-cap-view-framed .elementor-drop-cap{color:#69727d;border:3px solid;background-color:transparent}.elementor-widget-text-editor:not(.elementor-drop-cap-view-default) .elementor-drop-cap{margin-top:8px}.elementor-widget-text-editor:not(.elementor-drop-cap-view-default) .elementor-drop-cap-letter{width:1em;height:1em}.elementor-widget-text-editor .elementor-drop-cap{float:left;text-align:center;line-height:1;font-size:50px}.elementor-widget-text-editor .elementor-drop-cap-letter{display:inline-block}<\/style>\t\t\t\t<p>Si vous avez pr\u00e9vu de vous faire op\u00e9rer sous\u00a0<strong>anesth\u00e9sie locale<\/strong>, cette fiche d\u2019information a \u00e9t\u00e9 con\u00e7ue pour tenter de r\u00e9pondre \u00e0 toutes les questions que vous pouvez vous poser.<\/p><p>Le but de cette page est de vous apporter tous les \u00e9l\u00e9ments d\u2019information n\u00e9cessaires et indispensables pour vous permettre de prendre votre d\u00e9cision en parfaite connaissance de cause. Aussi vous est-il conseill\u00e9 de le lire avec la plus grande attention.<\/p>\t\t\t\t\t\t<\/div>\n\t\t\t\t<\/div>\n\t\t\t\t<div class=\"elementor-element elementor-element-bb0095f elementor-widget-divider--view-line_text elementor-widget-divider--element-align-center elementor-widget elementor-widget-divider\" data-id=\"bb0095f\" data-element_type=\"widget\" data-widget_type=\"divider.default\">\n\t\t\t\t<div class=\"elementor-widget-container\">\n\t\t\t<style>\/*! elementor - v3.21.0 - 30-04-2024 *\/\n.elementor-widget-divider{--divider-border-style:none;--divider-border-width:1px;--divider-color:#0c0d0e;--divider-icon-size:20px;--divider-element-spacing:10px;--divider-pattern-height:24px;--divider-pattern-size:20px;--divider-pattern-url:none;--divider-pattern-repeat:repeat-x}.elementor-widget-divider .elementor-divider{display:flex}.elementor-widget-divider .elementor-divider__text{font-size:15px;line-height:1;max-width:95%}.elementor-widget-divider .elementor-divider__element{margin:0 var(--divider-element-spacing);flex-shrink:0}.elementor-widget-divider .elementor-icon{font-size:var(--divider-icon-size)}.elementor-widget-divider .elementor-divider-separator{display:flex;margin:0;direction:ltr}.elementor-widget-divider--view-line_icon .elementor-divider-separator,.elementor-widget-divider--view-line_text .elementor-divider-separator{align-items:center}.elementor-widget-divider--view-line_icon .elementor-divider-separator:after,.elementor-widget-divider--view-line_icon .elementor-divider-separator:before,.elementor-widget-divider--view-line_text .elementor-divider-separator:after,.elementor-widget-divider--view-line_text .elementor-divider-separator:before{display:block;content:\"\";border-block-end:0;flex-grow:1;border-block-start:var(--divider-border-width) var(--divider-border-style) var(--divider-color)}.elementor-widget-divider--element-align-left .elementor-divider .elementor-divider-separator>.elementor-divider__svg:first-of-type{flex-grow:0;flex-shrink:100}.elementor-widget-divider--element-align-left .elementor-divider-separator:before{content:none}.elementor-widget-divider--element-align-left .elementor-divider__element{margin-left:0}.elementor-widget-divider--element-align-right .elementor-divider .elementor-divider-separator>.elementor-divider__svg:last-of-type{flex-grow:0;flex-shrink:100}.elementor-widget-divider--element-align-right .elementor-divider-separator:after{content:none}.elementor-widget-divider--element-align-right .elementor-divider__element{margin-right:0}.elementor-widget-divider--element-align-start .elementor-divider .elementor-divider-separator>.elementor-divider__svg:first-of-type{flex-grow:0;flex-shrink:100}.elementor-widget-divider--element-align-start .elementor-divider-separator:before{content:none}.elementor-widget-divider--element-align-start .elementor-divider__element{margin-inline-start:0}.elementor-widget-divider--element-align-end .elementor-divider .elementor-divider-separator>.elementor-divider__svg:last-of-type{flex-grow:0;flex-shrink:100}.elementor-widget-divider--element-align-end .elementor-divider-separator:after{content:none}.elementor-widget-divider--element-align-end .elementor-divider__element{margin-inline-end:0}.elementor-widget-divider:not(.elementor-widget-divider--view-line_text):not(.elementor-widget-divider--view-line_icon) .elementor-divider-separator{border-block-start:var(--divider-border-width) var(--divider-border-style) var(--divider-color)}.elementor-widget-divider--separator-type-pattern{--divider-border-style:none}.elementor-widget-divider--separator-type-pattern.elementor-widget-divider--view-line .elementor-divider-separator,.elementor-widget-divider--separator-type-pattern:not(.elementor-widget-divider--view-line) .elementor-divider-separator:after,.elementor-widget-divider--separator-type-pattern:not(.elementor-widget-divider--view-line) .elementor-divider-separator:before,.elementor-widget-divider--separator-type-pattern:not([class*=elementor-widget-divider--view]) .elementor-divider-separator{width:100%;min-height:var(--divider-pattern-height);-webkit-mask-size:var(--divider-pattern-size) 100%;mask-size:var(--divider-pattern-size) 100%;-webkit-mask-repeat:var(--divider-pattern-repeat);mask-repeat:var(--divider-pattern-repeat);background-color:var(--divider-color);-webkit-mask-image:var(--divider-pattern-url);mask-image:var(--divider-pattern-url)}.elementor-widget-divider--no-spacing{--divider-pattern-size:auto}.elementor-widget-divider--bg-round{--divider-pattern-repeat:round}.rtl .elementor-widget-divider .elementor-divider__text{direction:rtl}.e-con-inner>.elementor-widget-divider,.e-con>.elementor-widget-divider{width:var(--container-widget-width,100%);--flex-grow:var(--container-widget-flex-grow)}<\/style>\t\t<div class=\"elementor-divider\">\n\t\t\t<span class=\"elementor-divider-separator\">\n\t\t\t\t\t\t\t<span class=\"elementor-divider__text elementor-divider__element\">\n\t\t\t\tLes diff\u00e9rentes m\u00e9thodes d\u2019anesth\u00e9sie locale\t\t\t\t<\/span>\n\t\t\t\t\t\t<\/span>\n\t\t<\/div>\n\t\t\t\t<\/div>\n\t\t\t\t<\/div>\n\t\t\t\t<section class=\"elementor-section elementor-inner-section elementor-element elementor-element-25bc0a3 elementor-section-boxed elementor-section-height-default elementor-section-height-default\" data-id=\"25bc0a3\" data-element_type=\"section\">\n\t\t\t\t\t\t<div class=\"elementor-container elementor-column-gap-default\">\n\t\t\t\t\t<div class=\"elementor-column elementor-col-50 elementor-inner-column elementor-element elementor-element-9f0a5a6\" data-id=\"9f0a5a6\" data-element_type=\"column\">\n\t\t\t<div class=\"elementor-widget-wrap elementor-element-populated\">\n\t\t\t\t\t\t<div class=\"elementor-element elementor-element-e4ba2b9 elementor-widget elementor-widget-text-editor\" data-id=\"e4ba2b9\" data-element_type=\"widget\" data-widget_type=\"text-editor.default\">\n\t\t\t\t<div class=\"elementor-widget-container\">\n\t\t\t\t\t\t\t<ol><li>Une\u00a0<strong>anesth\u00e9sie locale<\/strong>\u00a0consiste \u00e0 injecter dans une muqueuse un produit anesth\u00e9siant qui supprime tr\u00e8s rapidement la sensation de douleur dans la zone o\u00f9 il est inject\u00e9. L\u2019injection elle m\u00eame entra\u00eene une douleur l\u00e9g\u00e8re tout \u00e0 fait supportable. L\u2019injection produit un gonflement et un blanchissement de la zone o\u00f9 le produit est inject\u00e9.<br \/>Une sensation \u00e9trange due \u00e0 la suppression de la sensation du toucher survient en g\u00e9n\u00e9ral dans la zone anesth\u00e9si\u00e9e. Cette sensation peut d\u00e9passer la zone inject\u00e9e en particulier au visage.<\/li><li>Une\u00a0<strong>anesth\u00e9sie tronculaire<\/strong>\u00a0consiste \u00e0 injecter le produit anesth\u00e9siant au voisinage d\u2019un tronc nerveux, afin d\u2019obtenir l\u2019anesth\u00e9sie son territoire (front, l\u00e8vre, arcade\u2026). L\u2019anesth\u00e9sie tronculaire est particuli\u00e8rement utile. Au visage il peut en r\u00e9sulter une paralysie transitoire d\u2019une moiti\u00e9 de l\u00e8vre, voire d\u2019une partie de la langue ou un abaissement d\u2019un coin de la bouche avec une l\u00e9g\u00e8re difficult\u00e9 \u00e0 parler. Ces ph\u00e9nom\u00e8nes disparaissent apr\u00e8s un d\u00e9lai de 2 \u00e0 6 heures, variable selon les personnes et la quantit\u00e9 de produit inject\u00e9.<\/li><\/ol><p><strong><u>Il ne faut pas \u00eatre \u00e0 jeun pour subir une anesth\u00e9sie locale !<\/u><\/strong><\/p>\t\t\t\t\t\t<\/div>\n\t\t\t\t<\/div>\n\t\t\t\t\t<\/div>\n\t\t<\/div>\n\t\t\t\t<div class=\"elementor-column elementor-col-50 elementor-inner-column elementor-element elementor-element-9a6a7cf\" data-id=\"9a6a7cf\" data-element_type=\"column\">\n\t\t\t<div class=\"elementor-widget-wrap elementor-element-populated\">\n\t\t\t\t\t\t<div class=\"elementor-element elementor-element-97dd7b0 elementor-widget elementor-widget-image\" data-id=\"97dd7b0\" data-element_type=\"widget\" data-widget_type=\"image.default\">\n\t\t\t\t<div class=\"elementor-widget-container\">\n\t\t\t<style>\/*! elementor - v3.21.0 - 30-04-2024 *\/\n.elementor-widget-image{text-align:center}.elementor-widget-image a{display:inline-block}.elementor-widget-image a img[src$=\".svg\"]{width:48px}.elementor-widget-image img{vertical-align:middle;display:inline-block}<\/style>\t\t\t\t\t\t\t\t\t\t<img fetchpriority=\"high\" decoding=\"async\" width=\"400\" height=\"338\" src=\"https:\/\/nantes-maxillo.com\/preprod\/wp-content\/uploads\/2016\/01\/anest-locale2.jpg\" class=\"attachment-large size-large wp-image-3382\" alt=\"\" srcset=\"https:\/\/nantes-maxillo.com\/preprod\/wp-content\/uploads\/2016\/01\/anest-locale2.jpg 400w, https:\/\/nantes-maxillo.com\/preprod\/wp-content\/uploads\/2016\/01\/anest-locale2-300x254.jpg 300w\" sizes=\"(max-width: 400px) 100vw, 400px\" \/>\t\t\t\t\t\t\t\t\t\t\t\t\t<\/div>\n\t\t\t\t<\/div>\n\t\t\t\t<div class=\"elementor-element elementor-element-78f20a3 elementor-widget elementor-widget-image\" data-id=\"78f20a3\" data-element_type=\"widget\" data-widget_type=\"image.default\">\n\t\t\t\t<div class=\"elementor-widget-container\">\n\t\t\t\t\t\t\t\t\t\t\t\t\t<img decoding=\"async\" width=\"200\" height=\"200\" src=\"https:\/\/nantes-maxillo.com\/preprod\/wp-content\/uploads\/2016\/01\/anesthesie-locale-a-savoir.jpeg\" class=\"attachment-large size-large wp-image-2862\" alt=\"anesth\u00e9sie locale \u00e0 savoir\" srcset=\"https:\/\/nantes-maxillo.com\/preprod\/wp-content\/uploads\/2016\/01\/anesthesie-locale-a-savoir.jpeg 200w, https:\/\/nantes-maxillo.com\/preprod\/wp-content\/uploads\/2016\/01\/anesthesie-locale-a-savoir-150x150.jpeg 150w\" sizes=\"(max-width: 200px) 100vw, 200px\" \/>\t\t\t\t\t\t\t\t\t\t\t\t\t<\/div>\n\t\t\t\t<\/div>\n\t\t\t\t\t<\/div>\n\t\t<\/div>\n\t\t\t\t\t<\/div>\n\t\t<\/section>\n\t\t\t\t\t<\/div>\n\t\t<\/div>\n\t\t\t\t\t<\/div>\n\t\t<\/section>\n\t\t\t\t<section class=\"elementor-section elementor-top-section elementor-element elementor-element-3db18c7 elementor-section-stretched elementor-section-boxed elementor-section-height-default elementor-section-height-default\" data-id=\"3db18c7\" data-element_type=\"section\" data-settings=\"{&quot;stretch_section&quot;:&quot;section-stretched&quot;}\">\n\t\t\t\t\t\t<div class=\"elementor-container elementor-column-gap-default\">\n\t\t\t\t\t<div class=\"elementor-column elementor-col-50 elementor-top-column elementor-element elementor-element-aeddd65\" data-id=\"aeddd65\" data-element_type=\"column\">\n\t\t\t<div class=\"elementor-widget-wrap elementor-element-populated\">\n\t\t\t\t\t\t<div class=\"elementor-element elementor-element-ac8d142 elementor-widget elementor-widget-text-editor\" data-id=\"ac8d142\" data-element_type=\"widget\" data-widget_type=\"text-editor.default\">\n\t\t\t\t<div class=\"elementor-widget-container\">\n\t\t\t\t\t\t\t<h2>Les complications :<\/h2><p>Des complications locales peuvent \u00e9galement survenir de fa\u00e7on plus tardive, quelques heures \u00e0 24 heures apr\u00e8s une anesth\u00e9sie locale :<\/p><ol><li>\u0152d\u00e8me : c\u2019est un gonflement de la zone anesth\u00e9si\u00e9e, qui dispara\u00eetra en quelques jours. Il peut \u00eatre important au visage avec un gonflement des paupi\u00e8res.<\/li><li>H\u00e9matome : ou \u00ab bleu \u00bb d\u00fb au saignement dans la peau de vaisseaux sanguins l\u00e9s\u00e9s par l\u2019anesth\u00e9sie ou l\u2019intervention.<\/li><li>Saignements: comme apr\u00e8s toute chirurgie. Dans ce cas, il faut bien rincer la bouche avec le l\u2019eau froide afin de cracher tous les caillots, puis mordre sur une compresser pour comprimer 5mn.<\/li><\/ol><p>\u0152d\u00e8mes et h\u00e9matomes peuvent \u00eatre douloureux.<\/p>\t\t\t\t\t\t<\/div>\n\t\t\t\t<\/div>\n\t\t\t\t\t<\/div>\n\t\t<\/div>\n\t\t\t\t<div class=\"elementor-column elementor-col-50 elementor-top-column elementor-element elementor-element-68595ab\" data-id=\"68595ab\" data-element_type=\"column\">\n\t\t\t<div class=\"elementor-widget-wrap elementor-element-populated\">\n\t\t\t\t\t\t<div class=\"elementor-element elementor-element-8b7a435 elementor-widget elementor-widget-text-editor\" data-id=\"8b7a435\" data-element_type=\"widget\" data-widget_type=\"text-editor.default\">\n\t\t\t\t<div class=\"elementor-widget-container\">\n\t\t\t\t\t\t\t<h2>Les complications plus rares :<\/h2><p>Certaines sont dues \u00e0 l\u2019utilisation de grosses doses d\u2019anesth\u00e9siques, ce qui est rarement le cas, ou au passage dans le sang de l\u2019anesth\u00e9sique apr\u00e8s piq\u00fbre dans un vaisseau. Il peut s\u2019agir :<\/p><ol><li>De sympt\u00f4mes neurologiques : nervosit\u00e9, agitation, b\u00e2illements, bourdonnements d\u2019oreille, tremblement, maux de t\u00eate, diplopie (vision double), naus\u00e9es (certains de ces signes s\u2019observent \u00e9galement lors d\u2019un malaise vagal), et convulsions.<\/li><li>De sympt\u00f4mes cardiaques : baisse de tension, palpitations, arythmie.<\/li><li>Des crises d\u2019hypertension art\u00e9rielle li\u00e9es \u00e0 l\u2019anesth\u00e9siant lui m\u00eame ou \u00e0 l\u2019adr\u00e9naline contenue dans certaines pr\u00e9parations anesth\u00e9siantes, pour diminuer le saignement.<\/li><li>Les allergies aux anesth\u00e9siants locaux sont rarissimes. Les infections au site d\u2019anesth\u00e9sie sont rares.<\/li><\/ol>\t\t\t\t\t\t<\/div>\n\t\t\t\t<\/div>\n\t\t\t\t\t<\/div>\n\t\t<\/div>\n\t\t\t\t\t<\/div>\n\t\t<\/section>\n\t\t\t\t<section class=\"elementor-section elementor-top-section elementor-element elementor-element-c528254 elementor-section-stretched elementor-section-boxed elementor-section-height-default elementor-section-height-default\" data-id=\"c528254\" data-element_type=\"section\" data-settings=\"{&quot;stretch_section&quot;:&quot;section-stretched&quot;}\">\n\t\t\t\t\t\t<div class=\"elementor-container elementor-column-gap-default\">\n\t\t\t\t\t<div class=\"elementor-column elementor-col-50 elementor-top-column elementor-element elementor-element-1db5826\" data-id=\"1db5826\" data-element_type=\"column\">\n\t\t\t<div class=\"elementor-widget-wrap elementor-element-populated\">\n\t\t\t\t\t\t<div class=\"elementor-element elementor-element-c20d043 elementor-widget elementor-widget-text-editor\" data-id=\"c20d043\" data-element_type=\"widget\" data-widget_type=\"text-editor.default\">\n\t\t\t\t<div class=\"elementor-widget-container\">\n\t\t\t\t\t\t\t<h2>La douleur post-op\u00e9ratoire<\/h2><ol><li>Ces douleurs survenant quand l\u2019anesth\u00e9siant a cess\u00e9 d\u2019agir et leur intensit\u00e9 sont impr\u00e9visibles. On peut les pr\u00e9venir en prenant un m\u00e9dicament contre la douleur (antalgique) avant la fin des effets de l\u2019anesth\u00e9sie et en r\u00e9p\u00e9tant les prises pendant 1 \u00e0 2 jours selon les prescriptions.<\/li><li>Afin d\u2019\u00e9viter les malaises apr\u00e8s une anesth\u00e9sie locale, il est important de venir d\u00e9tendu et en ayant mang\u00e9 quelque chose avant. Si l\u2019anesth\u00e9sie locale \u00e9tait importante, il est recommand\u00e9 de ne pas conduire apr\u00e8s l\u2019anesth\u00e9sie. Si vous ne vous vous sentez pas bien, pr\u00e9venez et restez quelques minutes dans la salle d\u2019attente.<\/li><\/ol>\t\t\t\t\t\t<\/div>\n\t\t\t\t<\/div>\n\t\t\t\t\t<\/div>\n\t\t<\/div>\n\t\t\t\t<div class=\"elementor-column elementor-col-50 elementor-top-column elementor-element elementor-element-1bb1a98\" data-id=\"1bb1a98\" data-element_type=\"column\">\n\t\t\t<div class=\"elementor-widget-wrap elementor-element-populated\">\n\t\t\t\t\t\t<div class=\"elementor-element elementor-element-f559e25 elementor-widget elementor-widget-text-editor\" data-id=\"f559e25\" data-element_type=\"widget\" data-widget_type=\"text-editor.default\">\n\t\t\t\t<div class=\"elementor-widget-container\">\n\t\t\t\t\t\t\t<h2>Les incidents<\/h2><p>Les incidents li\u00e9s \u00e0 l\u2019anesth\u00e9sie locale sont peu fr\u00e9quents. L\u2019injection est souvent douloureuse, mais temporairement.<\/p><ul><li>La complication la plus fr\u00e9quente est \u201cle malaise vagal\u201d. Il est d\u00fb \u00e0 une chute de tension art\u00e9rielle subite li\u00e9e \u00e0 des facteurs individuels (hypotension, spasmophilie, fatigue, angoisse). Il se manifeste par une sensation de malaise avec des vertiges, des fourmillements des extr\u00e9mit\u00e9s et parfois une perte de connaissance transitoire. Dans de rares cas le malaise vagal peut comporter des mouvements involontaires. Le malaise vagal peut survenir d\u00e8s la r\u00e9alisation de l\u2019anesth\u00e9sie, et jusqu\u2019\u00e0 15 \u00e0 20mn apr\u00e8s. En cas de survenue d\u2019un malaise vagal la premi\u00e8re mesure \u00e0 prendre est de s\u2019allonger \u00e0 plat, les jambes sur\u00e9lev\u00e9es au dessus du niveau de la t\u00eate.<\/li><li>Dans de tr\u00e8s rares cas, un traitement est n\u00e9cessaire : oxyg\u00e8ne, pose d\u2019une perfusion, injection d\u2019atropine.<\/li><li>Le malaise vagal n\u2019est pas une allergie au produit anesth\u00e9siant.<\/li><\/ul>\t\t\t\t\t\t<\/div>\n\t\t\t\t<\/div>\n\t\t\t\t\t<\/div>\n\t\t<\/div>\n\t\t\t\t\t<\/div>\n\t\t<\/section>\n\t\t\t\t<\/div>\n\t\t","protected":false},"excerpt":{"rendered":"<p>Si vous avez pr\u00e9vu de vous faire op\u00e9rer sous\u00a0anesth\u00e9sie locale, cette fiche d\u2019information a \u00e9t\u00e9 con\u00e7ue pour tenter de r\u00e9pondre \u00e0 toutes les questions que vous pouvez vous poser. Le but de cette page est de vous apporter tous les \u00e9l\u00e9ments d\u2019information n\u00e9cessaires et indispensables pour vous permettre de prendre votre d\u00e9cision en parfaite connaissance&hellip;&nbsp;<a href=\"https:\/\/nantes-maxillo.com\/preprod\/anesthesie-locale\/\" class=\"\" rel=\"bookmark\">Lire la suite &raquo;<span class=\"screen-reader-text\">Que faut-il savoir avant une anesth\u00e9sie locale<\/span><\/a><\/p>\n","protected":false},"author":1,"featured_media":1165,"parent":0,"menu_order":0,"comment_status":"closed","ping_status":"closed","template":"","meta":{"neve_meta_sidebar":"","neve_meta_container":"","neve_meta_enable_content_width":"off","neve_meta_content_width":100,"neve_meta_title_alignment":"","neve_meta_author_avatar":"","neve_post_elements_order":"","neve_meta_disable_header":"","neve_meta_disable_footer":"","neve_meta_disable_title":"","_themeisle_gutenberg_block_has_review":false,"_ti_tpc_template_sync":false,"_ti_tpc_template_id":"","footnotes":""},"class_list":["post-2859","page","type-page","status-publish","has-post-thumbnail","hentry"],"_links":{"self":[{"href":"https:\/\/nantes-maxillo.com\/preprod\/wp-json\/wp\/v2\/pages\/2859","targetHints":{"allow":["GET"]}}],"collection":[{"href":"https:\/\/nantes-maxillo.com\/preprod\/wp-json\/wp\/v2\/pages"}],"about":[{"href":"https:\/\/nantes-maxillo.com\/preprod\/wp-json\/wp\/v2\/types\/page"}],"author":[{"embeddable":true,"href":"https:\/\/nantes-maxillo.com\/preprod\/wp-json\/wp\/v2\/users\/1"}],"replies":[{"embeddable":true,"href":"https:\/\/nantes-maxillo.com\/preprod\/wp-json\/wp\/v2\/comments?post=2859"}],"version-history":[{"count":2,"href":"https:\/\/nantes-maxillo.com\/preprod\/wp-json\/wp\/v2\/pages\/2859\/revisions"}],"predecessor-version":[{"id":5184,"href":"https:\/\/nantes-maxillo.com\/preprod\/wp-json\/wp\/v2\/pages\/2859\/revisions\/5184"}],"wp:featuredmedia":[{"embeddable":true,"href":"https:\/\/nantes-maxillo.com\/preprod\/wp-json\/wp\/v2\/media\/1165"}],"wp:attachment":[{"href":"https:\/\/nantes-maxillo.com\/preprod\/wp-json\/wp\/v2\/media?parent=2859"}],"curies":[{"name":"wp","href":"https:\/\/api.w.org\/{rel}","templated":true}]}}